{"id":3431,"date":"2024-10-15T15:30:46","date_gmt":"2024-10-15T12:30:46","guid":{"rendered":"https:\/\/bithabit.me\/?page_id=3431"},"modified":"2024-10-15T15:50:12","modified_gmt":"2024-10-15T12:50:12","slug":"research","status":"publish","type":"page","link":"https:\/\/bithabit.me\/en\/for-organisations\/research\/","title":{"rendered":"Research"},"content":{"rendered":"\t\t<div data-elementor-type=\"wp-page\" data-elementor-id=\"3431\" class=\"elementor elementor-3431\" data-elementor-post-type=\"page\">\n\t\t\t\t<div class=\"elementor-element elementor-element-d93842a e-con-full e-flex e-con e-child\" data-id=\"d93842a\" data-element_type=\"container\" data-e-type=\"container\" data-settings=\"{&quot;background_background&quot;:&quot;classic&quot;}\">\n\t\t<div class=\"elementor-element elementor-element-8dfe6ab e-flex e-con-boxed e-con e-child\" data-id=\"8dfe6ab\" data-element_type=\"container\" data-e-type=\"container\">\n\t\t\t\t\t<div class=\"e-con-inner\">\n\t\t\t\t<div class=\"elementor-element elementor-element-42b2742 elementor-widget elementor-widget-heading\" data-id=\"42b2742\" data-element_type=\"widget\" data-e-type=\"widget\" data-widget_type=\"heading.default\">\n\t\t\t\t<div class=\"elementor-widget-container\">\n\t\t\t\t\t<h1 class=\"elementor-heading-title elementor-size-default\">Collect reliable research data with BitHabit.<\/h1>\t\t\t\t<\/div>\n\t\t\t\t<\/div>\n\t\t\t\t<div class=\"elementor-element elementor-element-7a1791c elementor-widget elementor-widget-text-editor\" data-id=\"7a1791c\" data-element_type=\"widget\" data-e-type=\"widget\" data-widget_type=\"text-editor.default\">\n\t\t\t\t<div class=\"elementor-widget-container\">\n\t\t\t\t\t\t\t\t\t<p>Wellpro noudattaa toiminnassaan Sitran reilun datatalouden periaatteita. <a href=\"https:\/\/www.sitra.fi\/julkaisut\/reilun-datatalouden-saantokirja\/\">Lue lis\u00e4\u00e4 s\u00e4\u00e4nt\u00f6kirjasta<\/a><\/p>\n<p>Toiminnassamme tietoturva ja yksityisyys ovat etusijalla, suojelemme henkil\u00f6tietoja ja muuta mahdollisesti ker\u00e4tty\u00e4 sensitiivist\u00e4 tietoa.<\/p>\n\t\t\t\t\t\t\t\t<\/div>\n\t\t\t\t<\/div>\n\t\t\t\t<div class=\"elementor-element elementor-element-f317fe5 elementor-widget elementor-widget-image\" data-id=\"f317fe5\" data-element_type=\"widget\" data-e-type=\"widget\" data-widget_type=\"image.default\">\n\t\t\t\t<div class=\"elementor-widget-container\">\n\t\t\t\t\t\t\t\t\t\t\t\t\t\t\t<img decoding=\"async\" src=\"https:\/\/bithabit.me\/wp-content\/uploads\/elementor\/thumbs\/Bithabit_science_research_white-qmgp2lyjplwew9p1sxxges1y75psfqxe8pmrqfytvy.png\" title=\"bithabit-b-science-and-research-supporting-health\" alt=\"BitHabit - Science and research supporting health\" loading=\"lazy\" \/>\t\t\t\t\t\t\t\t\t\t\t\t\t\t\t<\/div>\n\t\t\t\t<\/div>\n\t\t\t\t\t<\/div>\n\t\t\t\t<\/div>\n\t\t<div class=\"elementor-element elementor-element-c904f03 e-flex e-con-boxed e-con e-child\" data-id=\"c904f03\" data-element_type=\"container\" data-e-type=\"container\" data-settings=\"{&quot;background_background&quot;:&quot;classic&quot;}\">\n\t\t\t\t\t<div class=\"e-con-inner\">\n\t\t\t\t\t<\/div>\n\t\t\t\t<\/div>\n\t\t\t\t<\/div>\n\t\t<div class=\"elementor-element elementor-element-c0db511 e-flex e-con-boxed e-con e-child\" data-id=\"c0db511\" data-element_type=\"container\" data-e-type=\"container\" data-settings=\"{&quot;background_background&quot;:&quot;classic&quot;}\">\n\t\t\t\t\t<div class=\"e-con-inner\">\n\t\t<div class=\"elementor-element elementor-element-0c3d978 e-flex e-con-boxed e-con e-child\" data-id=\"0c3d978\" data-element_type=\"container\" data-e-type=\"container\">\n\t\t\t\t\t<div class=\"e-con-inner\">\n\t\t\t\t<div class=\"elementor-element elementor-element-9c437f8 elementor-widget elementor-widget-heading\" data-id=\"9c437f8\" data-element_type=\"widget\" data-e-type=\"widget\" data-widget_type=\"heading.default\">\n\t\t\t\t<div class=\"elementor-widget-container\">\n\t\t\t\t\t<h2 class=\"elementor-heading-title elementor-size-default\">BitHabit in support of research.<\/h2>\t\t\t\t<\/div>\n\t\t\t\t<\/div>\n\t\t\t\t<div class=\"elementor-element elementor-element-d197708 elementor-widget__width-initial elementor-widget elementor-widget-text-editor\" data-id=\"d197708\" data-element_type=\"widget\" data-e-type=\"widget\" data-widget_type=\"text-editor.default\">\n\t\t\t\t<div class=\"elementor-widget-container\">\n\t\t\t\t\t\t\t\t\t<p>Wellpron sovellukset on kehitetty seulomaan kansalaisen elintapojen vaikutusta hyvinvointiin ja terveyteen ilman terveystietojen ker\u00e4\u00e4mist\u00e4 ja terveysv\u00e4itt\u00e4mi\u00e4 sek\u00e4 aktivoimaan pienten tekojen avulla terveellisemp\u00e4\u00e4 el\u00e4m\u00e4ntyyli\u00e4.<\/p>\n<p>Wellpron tuottama data on tarkoitettu yhteiskunnan ja kansalaisten hyvinvoinnin edist\u00e4miseen. Dataa voidaan k\u00e4ytt\u00e4\u00e4 yleist\u00e4 etua koskevaa tarkoitusta varten, jos sill\u00e4 on merkityst\u00e4 yhteiskunnallisen kehityksen kannalta. Dataa k\u00e4sitell\u00e4\u00e4n anonymisoidussa ja\/tai pseudonymisoidussa muodossa. Ratkaisumme antavat esimerkiksi tutkijoille ja julkisille yhteis\u00f6ille mahdollisuuden kohtuuhintaiseen sek\u00e4 lailliseen data-aineiston k\u00e4ytt\u00f6\u00f6n. Datan avulla voidaan kehitt\u00e4\u00e4 ratkaisuja, joiden avulla ratkaistaan yh\u00e4 suurenevia terveysongelmia (aivo- ja muistiterveys, mielenterveys, diabetes), jotka kuormittavat kansalaisia ja yhteiskuntaa. Wellpron ratkaisut ovat mukana Sitran rahoittamassa hankkeessa, jossa suunnitellaan Muistiterveyden datal\u00e4ht\u00f6inen ja tulosperusteinen vaikuttavuusmalli. Suomalainen teknologia on globaalisti edell\u00e4k\u00e4vij\u00e4 turvallisessa datan k\u00e4yt\u00f6ss\u00e4 ja Wellpro on mukana kehitt\u00e4m\u00e4ss\u00e4 turvallisia menetelmi\u00e4 datan hallintaan.<\/p>\n\t\t\t\t\t\t\t\t<\/div>\n\t\t\t\t<\/div>\n\t\t\t\t\t<\/div>\n\t\t\t\t<\/div>\n\t\t\t\t\t<\/div>\n\t\t\t\t<\/div>\n\t\t<div class=\"elementor-element elementor-element-a77d9c6 e-flex e-con-boxed e-con e-child\" data-id=\"a77d9c6\" data-element_type=\"container\" data-e-type=\"container\" data-settings=\"{&quot;background_background&quot;:&quot;classic&quot;}\">\n\t\t\t\t\t<div class=\"e-con-inner\">\n\t\t<div class=\"elementor-element elementor-element-4246988 e-flex e-con-boxed e-con e-child\" data-id=\"4246988\" data-element_type=\"container\" data-e-type=\"container\">\n\t\t\t\t\t<div class=\"e-con-inner\">\n\t\t\t\t<div class=\"elementor-element elementor-element-a460928 elementor-widget elementor-widget-heading\" data-id=\"a460928\" data-element_type=\"widget\" data-e-type=\"widget\" data-widget_type=\"heading.default\">\n\t\t\t\t<div class=\"elementor-widget-container\">\n\t\t\t\t\t<h2 class=\"elementor-heading-title elementor-size-default\">Interested?<\/h2>\t\t\t\t<\/div>\n\t\t\t\t<\/div>\n\t\t\t\t<div class=\"elementor-element elementor-element-c09c644 elementor-widget__width-initial elementor-widget elementor-widget-text-editor\" data-id=\"c09c644\" data-element_type=\"widget\" data-e-type=\"widget\" data-widget_type=\"text-editor.default\">\n\t\t\t\t<div class=\"elementor-widget-container\">\n\t\t\t\t\t\t\t\t\t<p class=\"p1\">Send us a message info@bithabit.me<\/p>\n\t\t\t\t\t\t\t\t<\/div>\n\t\t\t\t<\/div>\n\t\t\t\t\t<\/div>\n\t\t\t\t<\/div>\n\t\t\t\t\t<\/div>\n\t\t\t\t<\/div>\n\t\t<div class=\"elementor-element elementor-element-c8bab5a e-flex e-con-boxed e-con e-parent\" data-id=\"c8bab5a\" data-element_type=\"container\" data-e-type=\"container\" data-settings=\"{&quot;background_background&quot;:&quot;classic&quot;}\">\n\t\t\t\t\t<div class=\"e-con-inner\">\n\t\t\t\t<div class=\"elementor-element elementor-element-5b33f0a elementor-widget elementor-widget-heading\" data-id=\"5b33f0a\" data-element_type=\"widget\" data-e-type=\"widget\" data-widget_type=\"heading.default\">\n\t\t\t\t<div class=\"elementor-widget-container\">\n\t\t\t\t\t<h2 class=\"elementor-heading-title elementor-size-default\">News<\/h2>\t\t\t\t<\/div>\n\t\t\t\t<\/div>\n\t\t\t\t<div class=\"elementor-element elementor-element-831a3a2 elementor-posts--thumbnail-none elementor-grid-3 elementor-grid-tablet-2 elementor-grid-mobile-1 elementor-widget elementor-widget-posts\" data-id=\"831a3a2\" data-element_type=\"widget\" data-e-type=\"widget\" data-settings=\"{&quot;classic_columns&quot;:&quot;3&quot;,&quot;classic_columns_tablet&quot;:&quot;2&quot;,&quot;classic_columns_mobile&quot;:&quot;1&quot;,&quot;classic_row_gap&quot;:{&quot;unit&quot;:&quot;px&quot;,&quot;size&quot;:35,&quot;sizes&quot;:[]},&quot;classic_row_gap_tablet&quot;:{&quot;unit&quot;:&quot;px&quot;,&quot;size&quot;:&quot;&quot;,&quot;sizes&quot;:[]},&quot;classic_row_gap_mobile&quot;:{&quot;unit&quot;:&quot;px&quot;,&quot;size&quot;:&quot;&quot;,&quot;sizes&quot;:[]}}\" data-widget_type=\"posts.classic\">\n\t\t\t\t<div class=\"elementor-widget-container\">\n\t\t\t\t\t\t\t<div class=\"elementor-posts-container elementor-posts elementor-posts--skin-classic elementor-grid\" role=\"list\">\n\t\t\t\t<article class=\"elementor-post elementor-grid-item post-5135 post type-post status-publish format-standard hentry category-uncategorized\" role=\"listitem\">\n\t\t\t\t<div class=\"elementor-post__text\">\n\t\t\t\t<h4 class=\"elementor-post__title\">\n\t\t\t<a href=\"https:\/\/bithabit.me\/en\/uncategorized\/bithabs-involved-in-ekhva-and-diabetes-federations-health-programme\/\" >\n\t\t\t\tBitHabs involved in EKHVA and Diabetes Federation&#8217;s health programme\t\t\t<\/a>\n\t\t<\/h4>\n\t\t\t\t<div class=\"elementor-post__meta-data\">\n\t\t\t\t\t<span class=\"elementor-post-date\">\n\t\t\t17.12.2025\t\t<\/span>\n\t\t\t\t<\/div>\n\t\t\n\t\t<a class=\"elementor-post__read-more\" href=\"https:\/\/bithabit.me\/en\/uncategorized\/bithabs-involved-in-ekhva-and-diabetes-federations-health-programme\/\" aria-label=\"Read more about BitHabs involved in EKHVA and Diabetes Federation&#8217;s health programme\" tabindex=\"-1\" >\n\t\t\tRead more &gt;\t\t<\/a>\n\n\t\t\t\t<\/div>\n\t\t\t\t<\/article>\n\t\t\t\t<article class=\"elementor-post elementor-grid-item post-5145 post type-post status-publish format-standard hentry category-current-affairs category-uncategorized tag-bithabit tag-digital-care-trial tag-hva tag-lifestyle tag-lifestyles tag-well-being tag-well-being-area\" role=\"listitem\">\n\t\t\t\t<div class=\"elementor-post__text\">\n\t\t\t\t<h4 class=\"elementor-post__title\">\n\t\t\t<a href=\"https:\/\/bithabit.me\/en\/uncategorized\/press-releasejyvaskyla-based-wellpro-and-bithabit-selected-to-participate-in-national-digital-health-trial\/\" >\n\t\t\t\tPress release:Jyv\u00e4skyl\u00e4-based Wellpro and BitHabit selected to participate in national digital health trial\t\t\t<\/a>\n\t\t<\/h4>\n\t\t\t\t<div class=\"elementor-post__meta-data\">\n\t\t\t\t\t<span class=\"elementor-post-date\">\n\t\t\t10.10.2025\t\t<\/span>\n\t\t\t\t<\/div>\n\t\t\n\t\t<a class=\"elementor-post__read-more\" href=\"https:\/\/bithabit.me\/en\/uncategorized\/press-releasejyvaskyla-based-wellpro-and-bithabit-selected-to-participate-in-national-digital-health-trial\/\" aria-label=\"Read more about Press release:Jyv\u00e4skyl\u00e4-based Wellpro and BitHabit selected to participate in national digital health trial\" tabindex=\"-1\" >\n\t\t\tRead more &gt;\t\t<\/a>\n\n\t\t\t\t<\/div>\n\t\t\t\t<\/article>\n\t\t\t\t<article class=\"elementor-post elementor-grid-item post-5155 post type-post status-publish format-standard has-post-thumbnail hentry category-current-affairs tag-a-better-worksheet tag-aistisiimes tag-bithabit tag-business-culture tag-calming-down tag-community-spirit tag-hr-and-pre-staff-work tag-human-recharge-lounge tag-measuring-effectiveness tag-microburden tag-multisensory tag-recovery tag-retreat-culture tag-sickness-absences tag-small-acts tag-small-choices tag-stress-management tag-well-being tag-work-community tag-work-experience tag-working-life tag-workload\" role=\"listitem\">\n\t\t\t\t<div class=\"elementor-post__text\">\n\t\t\t\t<h4 class=\"elementor-post__title\">\n\t\t\t<a href=\"https:\/\/bithabit.me\/en\/current-affairs\/bithabit-x-aistisiimes-human-recharge-lounge-a-better-worksheet-comes-from-small-actions-and-recovery\/\" >\n\t\t\t\tBitHabit x AistiSiimes &#8211; Human Recharge Lounge: a better worksheet comes from small actions and recovery\t\t\t<\/a>\n\t\t<\/h4>\n\t\t\t\t<div class=\"elementor-post__meta-data\">\n\t\t\t\t\t<span class=\"elementor-post-date\">\n\t\t\t26.06.2025\t\t<\/span>\n\t\t\t\t<\/div>\n\t\t\n\t\t<a class=\"elementor-post__read-more\" href=\"https:\/\/bithabit.me\/en\/current-affairs\/bithabit-x-aistisiimes-human-recharge-lounge-a-better-worksheet-comes-from-small-actions-and-recovery\/\" aria-label=\"Read more about BitHabit x AistiSiimes &#8211; Human Recharge Lounge: a better worksheet comes from small actions and recovery\" tabindex=\"-1\" >\n\t\t\tRead more &gt;\t\t<\/a>\n\n\t\t\t\t<\/div>\n\t\t\t\t<\/article>\n\t\t\t\t<\/div>\n\t\t\n\t\t\t\t\t\t<\/div>\n\t\t\t\t<\/div>\n\t\t\t\t<div class=\"elementor-element elementor-element-cf3e6ce elementor-align-center elementor-mobile-align-left elementor-widget elementor-widget-button\" data-id=\"cf3e6ce\" data-element_type=\"widget\" data-e-type=\"widget\" data-widget_type=\"button.default\">\n\t\t\t\t<div class=\"elementor-widget-container\">\n\t\t\t\t\t\t\t\t\t<div class=\"elementor-button-wrapper\">\n\t\t\t\t\t<a class=\"elementor-button elementor-button-link elementor-size-sm\" href=\"https:\/\/bithabit.me\/en\/news\/\">\n\t\t\t\t\t\t<span class=\"elementor-button-content-wrapper\">\n\t\t\t\t\t\t\t\t\t<span class=\"elementor-button-text\">Read more<\/span>\n\t\t\t\t\t<\/span>\n\t\t\t\t\t<\/a>\n\t\t\t\t<\/div>\n\t\t\t\t\t\t\t\t<\/div>\n\t\t\t\t<\/div>\n\t\t\t\t\t<\/div>\n\t\t\t\t<\/div>\n\t\t\t\t<\/div>\n\t\t","protected":false},"excerpt":{"rendered":"<p>Collect reliable research data with BitHabit. Wellpro noudattaa toiminnassaan Sitran reilun datatalouden periaatteita. Lue lis\u00e4\u00e4 s\u00e4\u00e4nt\u00f6kirjasta Toiminnassamme tietoturva ja yksityisyys ovat etusijalla, suojelemme henkil\u00f6tietoja ja<\/p>\n","protected":false},"author":1,"featured_media":0,"parent":3425,"menu_order":0,"comment_status":"closed","ping_status":"closed","template":"","meta":{"footnotes":""},"class_list":["post-3431","page","type-page","status-publish","hentry"],"yoast_head":"<!-- This site is optimized with the Yoast SEO plugin v27.5 - https:\/\/yoast.com\/product\/yoast-seo-wordpress\/ -->\n<title>Research - BitHabit<\/title>\n<meta name=\"robots\" content=\"index, follow, max-snippet:-1, max-image-preview:large, max-video-preview:-1\" \/>\n<link rel=\"canonical\" href=\"https:\/\/bithabit.me\/en\/for-organisations\/research\/\" \/>\n<meta property=\"og:locale\" content=\"en_US\" \/>\n<meta property=\"og:type\" content=\"article\" \/>\n<meta property=\"og:title\" content=\"Research - BitHabit\" \/>\n<meta property=\"og:description\" content=\"Small actions that are proven to be effective. Take the free wellbeing survey and get the BitHabit app!\" \/>\n<meta property=\"og:url\" content=\"https:\/\/bithabit.me\/en\/for-organisations\/research\/\" \/>\n<meta property=\"og:site_name\" content=\"BitHabit\" \/>\n<meta property=\"article:modified_time\" content=\"2024-10-15T12:50:12+00:00\" \/>\n<meta property=\"og:image\" content=\"https:\/\/bithabit.me\/wp-content\/uploads\/elementor\/thumbs\/bithabit-b-tiede-ja-tutkimus-terveyden-tukena-qmcr212sv15w6i04oi23wf5oi6z0mhc7nsg4cmfvfm.png\" \/>\n<meta name=\"twitter:card\" content=\"summary_large_image\" \/>\n<meta name=\"twitter:label1\" content=\"Est. reading time\" \/>\n\t<meta name=\"twitter:data1\" content=\"1 minute\" \/>\n<script type=\"application\/ld+json\" class=\"yoast-schema-graph\">{\"@context\":\"https:\\\/\\\/schema.org\",\"@graph\":[{\"@type\":\"WebPage\",\"@id\":\"https:\\\/\\\/bithabit.me\\\/en\\\/for-organisations\\\/research\\\/\",\"url\":\"https:\\\/\\\/bithabit.me\\\/en\\\/for-organisations\\\/research\\\/\",\"name\":\"Research - BitHabit\",\"isPartOf\":{\"@id\":\"https:\\\/\\\/bithabit.me\\\/#website\"},\"primaryImageOfPage\":{\"@id\":\"https:\\\/\\\/bithabit.me\\\/en\\\/for-organisations\\\/research\\\/#primaryimage\"},\"image\":{\"@id\":\"https:\\\/\\\/bithabit.me\\\/en\\\/for-organisations\\\/research\\\/#primaryimage\"},\"thumbnailUrl\":\"https:\\\/\\\/bithabit.me\\\/wp-content\\\/uploads\\\/elementor\\\/thumbs\\\/bithabit-b-tiede-ja-tutkimus-terveyden-tukena-qmcr212sv15w6i04oi23wf5oi6z0mhc7nsg4cmfvfm.png\",\"datePublished\":\"2024-10-15T12:30:46+00:00\",\"dateModified\":\"2024-10-15T12:50:12+00:00\",\"breadcrumb\":{\"@id\":\"https:\\\/\\\/bithabit.me\\\/en\\\/for-organisations\\\/research\\\/#breadcrumb\"},\"inLanguage\":\"en-US\",\"potentialAction\":[{\"@type\":\"ReadAction\",\"target\":[\"https:\\\/\\\/bithabit.me\\\/en\\\/for-organisations\\\/research\\\/\"]}]},{\"@type\":\"ImageObject\",\"inLanguage\":\"en-US\",\"@id\":\"https:\\\/\\\/bithabit.me\\\/en\\\/for-organisations\\\/research\\\/#primaryimage\",\"url\":\"https:\\\/\\\/bithabit.me\\\/wp-content\\\/uploads\\\/elementor\\\/thumbs\\\/bithabit-b-tiede-ja-tutkimus-terveyden-tukena-qmcr212sv15w6i04oi23wf5oi6z0mhc7nsg4cmfvfm.png\",\"contentUrl\":\"https:\\\/\\\/bithabit.me\\\/wp-content\\\/uploads\\\/elementor\\\/thumbs\\\/bithabit-b-tiede-ja-tutkimus-terveyden-tukena-qmcr212sv15w6i04oi23wf5oi6z0mhc7nsg4cmfvfm.png\"},{\"@type\":\"BreadcrumbList\",\"@id\":\"https:\\\/\\\/bithabit.me\\\/en\\\/for-organisations\\\/research\\\/#breadcrumb\",\"itemListElement\":[{\"@type\":\"ListItem\",\"position\":1,\"name\":\"Etusivu\",\"item\":\"https:\\\/\\\/bithabit.me\\\/en\\\/bithabit\\\/\"},{\"@type\":\"ListItem\",\"position\":2,\"name\":\"For organisations\",\"item\":\"https:\\\/\\\/bithabit.me\\\/en\\\/?page_id=3425\"},{\"@type\":\"ListItem\",\"position\":3,\"name\":\"Research\"}]},{\"@type\":\"WebSite\",\"@id\":\"https:\\\/\\\/bithabit.me\\\/#website\",\"url\":\"https:\\\/\\\/bithabit.me\\\/\",\"name\":\"BitHabit\",\"description\":\"\",\"publisher\":{\"@id\":\"https:\\\/\\\/bithabit.me\\\/#organization\"},\"potentialAction\":[{\"@type\":\"SearchAction\",\"target\":{\"@type\":\"EntryPoint\",\"urlTemplate\":\"https:\\\/\\\/bithabit.me\\\/?s={search_term_string}\"},\"query-input\":{\"@type\":\"PropertyValueSpecification\",\"valueRequired\":true,\"valueName\":\"search_term_string\"}}],\"inLanguage\":\"en-US\"},{\"@type\":\"Organization\",\"@id\":\"https:\\\/\\\/bithabit.me\\\/#organization\",\"name\":\"BitHabit\",\"url\":\"https:\\\/\\\/bithabit.me\\\/\",\"logo\":{\"@type\":\"ImageObject\",\"inLanguage\":\"en-US\",\"@id\":\"https:\\\/\\\/bithabit.me\\\/#\\\/schema\\\/logo\\\/image\\\/\",\"url\":\"https:\\\/\\\/bithabit.me\\\/wp-content\\\/uploads\\\/2024\\\/03\\\/bithabit-logo-vaaka-1.svg\",\"contentUrl\":\"https:\\\/\\\/bithabit.me\\\/wp-content\\\/uploads\\\/2024\\\/03\\\/bithabit-logo-vaaka-1.svg\",\"width\":180,\"height\":38,\"caption\":\"BitHabit\"},\"image\":{\"@id\":\"https:\\\/\\\/bithabit.me\\\/#\\\/schema\\\/logo\\\/image\\\/\"}}]}<\/script>\n<!-- \/ Yoast SEO plugin. -->","yoast_head_json":{"title":"Research - BitHabit","robots":{"index":"index","follow":"follow","max-snippet":"max-snippet:-1","max-image-preview":"max-image-preview:large","max-video-preview":"max-video-preview:-1"},"canonical":"https:\/\/bithabit.me\/en\/for-organisations\/research\/","og_locale":"en_US","og_type":"article","og_title":"Research - BitHabit","og_description":"Small actions that are proven to be effective. Take the free wellbeing survey and get the BitHabit app!","og_url":"https:\/\/bithabit.me\/en\/for-organisations\/research\/","og_site_name":"BitHabit","article_modified_time":"2024-10-15T12:50:12+00:00","og_image":[{"url":"https:\/\/bithabit.me\/wp-content\/uploads\/elementor\/thumbs\/bithabit-b-tiede-ja-tutkimus-terveyden-tukena-qmcr212sv15w6i04oi23wf5oi6z0mhc7nsg4cmfvfm.png","type":"","width":"","height":""}],"twitter_card":"summary_large_image","twitter_misc":{"Est. reading time":"1 minute"},"schema":{"@context":"https:\/\/schema.org","@graph":[{"@type":"WebPage","@id":"https:\/\/bithabit.me\/en\/for-organisations\/research\/","url":"https:\/\/bithabit.me\/en\/for-organisations\/research\/","name":"Research - BitHabit","isPartOf":{"@id":"https:\/\/bithabit.me\/#website"},"primaryImageOfPage":{"@id":"https:\/\/bithabit.me\/en\/for-organisations\/research\/#primaryimage"},"image":{"@id":"https:\/\/bithabit.me\/en\/for-organisations\/research\/#primaryimage"},"thumbnailUrl":"https:\/\/bithabit.me\/wp-content\/uploads\/elementor\/thumbs\/bithabit-b-tiede-ja-tutkimus-terveyden-tukena-qmcr212sv15w6i04oi23wf5oi6z0mhc7nsg4cmfvfm.png","datePublished":"2024-10-15T12:30:46+00:00","dateModified":"2024-10-15T12:50:12+00:00","breadcrumb":{"@id":"https:\/\/bithabit.me\/en\/for-organisations\/research\/#breadcrumb"},"inLanguage":"en-US","potentialAction":[{"@type":"ReadAction","target":["https:\/\/bithabit.me\/en\/for-organisations\/research\/"]}]},{"@type":"ImageObject","inLanguage":"en-US","@id":"https:\/\/bithabit.me\/en\/for-organisations\/research\/#primaryimage","url":"https:\/\/bithabit.me\/wp-content\/uploads\/elementor\/thumbs\/bithabit-b-tiede-ja-tutkimus-terveyden-tukena-qmcr212sv15w6i04oi23wf5oi6z0mhc7nsg4cmfvfm.png","contentUrl":"https:\/\/bithabit.me\/wp-content\/uploads\/elementor\/thumbs\/bithabit-b-tiede-ja-tutkimus-terveyden-tukena-qmcr212sv15w6i04oi23wf5oi6z0mhc7nsg4cmfvfm.png"},{"@type":"BreadcrumbList","@id":"https:\/\/bithabit.me\/en\/for-organisations\/research\/#breadcrumb","itemListElement":[{"@type":"ListItem","position":1,"name":"Etusivu","item":"https:\/\/bithabit.me\/en\/bithabit\/"},{"@type":"ListItem","position":2,"name":"For organisations","item":"https:\/\/bithabit.me\/en\/?page_id=3425"},{"@type":"ListItem","position":3,"name":"Research"}]},{"@type":"WebSite","@id":"https:\/\/bithabit.me\/#website","url":"https:\/\/bithabit.me\/","name":"BitHabit","description":"","publisher":{"@id":"https:\/\/bithabit.me\/#organization"},"potentialAction":[{"@type":"SearchAction","target":{"@type":"EntryPoint","urlTemplate":"https:\/\/bithabit.me\/?s={search_term_string}"},"query-input":{"@type":"PropertyValueSpecification","valueRequired":true,"valueName":"search_term_string"}}],"inLanguage":"en-US"},{"@type":"Organization","@id":"https:\/\/bithabit.me\/#organization","name":"BitHabit","url":"https:\/\/bithabit.me\/","logo":{"@type":"ImageObject","inLanguage":"en-US","@id":"https:\/\/bithabit.me\/#\/schema\/logo\/image\/","url":"https:\/\/bithabit.me\/wp-content\/uploads\/2024\/03\/bithabit-logo-vaaka-1.svg","contentUrl":"https:\/\/bithabit.me\/wp-content\/uploads\/2024\/03\/bithabit-logo-vaaka-1.svg","width":180,"height":38,"caption":"BitHabit"},"image":{"@id":"https:\/\/bithabit.me\/#\/schema\/logo\/image\/"}}]}},"_links":{"self":[{"href":"https:\/\/bithabit.me\/en\/wp-json\/wp\/v2\/pages\/3431","targetHints":{"allow":["GET"]}}],"collection":[{"href":"https:\/\/bithabit.me\/en\/wp-json\/wp\/v2\/pages"}],"about":[{"href":"https:\/\/bithabit.me\/en\/wp-json\/wp\/v2\/types\/page"}],"author":[{"embeddable":true,"href":"https:\/\/bithabit.me\/en\/wp-json\/wp\/v2\/users\/1"}],"replies":[{"embeddable":true,"href":"https:\/\/bithabit.me\/en\/wp-json\/wp\/v2\/comments?post=3431"}],"version-history":[{"count":7,"href":"https:\/\/bithabit.me\/en\/wp-json\/wp\/v2\/pages\/3431\/revisions"}],"predecessor-version":[{"id":3505,"href":"https:\/\/bithabit.me\/en\/wp-json\/wp\/v2\/pages\/3431\/revisions\/3505"}],"up":[{"embeddable":true,"href":"https:\/\/bithabit.me\/en\/wp-json\/wp\/v2\/pages\/3425"}],"wp:attachment":[{"href":"https:\/\/bithabit.me\/en\/wp-json\/wp\/v2\/media?parent=3431"}],"curies":[{"name":"wp","href":"https:\/\/api.w.org\/{rel}","templated":true}]}}