{"id":4916,"date":"2024-10-15T16:06:30","date_gmt":"2024-10-15T13:06:30","guid":{"rendered":"https:\/\/bithabit.me\/data-pa-ett-ansvarsfullt-satt\/"},"modified":"2026-01-07T12:31:36","modified_gmt":"2026-01-07T10:31:36","slug":"data-pa-ett-ansvarsfullt-satt","status":"publish","type":"page","link":"https:\/\/bithabit.me\/sv\/data-pa-ett-ansvarsfullt-satt\/","title":{"rendered":"Data p\u00e5 ett ansvarsfullt s\u00e4tt"},"content":{"rendered":"\t\t<div data-elementor-type=\"wp-page\" data-elementor-id=\"4916\" class=\"elementor elementor-4916 elementor-3510\" data-elementor-post-type=\"page\">\n\t\t\t\t<div class=\"elementor-element elementor-element-d93842a e-con-full e-flex e-con e-child\" data-id=\"d93842a\" data-element_type=\"container\" data-e-type=\"container\" data-settings=\"{&quot;background_background&quot;:&quot;classic&quot;}\">\n\t\t<div class=\"elementor-element elementor-element-8dfe6ab e-flex e-con-boxed e-con e-child\" data-id=\"8dfe6ab\" data-element_type=\"container\" data-e-type=\"container\">\n\t\t\t\t\t<div class=\"e-con-inner\">\n\t\t\t\t<div class=\"elementor-element elementor-element-42b2742 elementor-widget elementor-widget-heading\" data-id=\"42b2742\" data-element_type=\"widget\" data-e-type=\"widget\" data-widget_type=\"heading.default\">\n\t\t\t\t<div class=\"elementor-widget-container\">\n\t\t\t\t\t<h1 class=\"elementor-heading-title elementor-size-default\">R\u00e4ttvis dataekonomi<\/h1>\t\t\t\t<\/div>\n\t\t\t\t<\/div>\n\t\t\t\t<div class=\"elementor-element elementor-element-90a5e22 elementor-widget elementor-widget-text-editor\" data-id=\"90a5e22\" data-element_type=\"widget\" data-e-type=\"widget\" data-widget_type=\"text-editor.default\">\n\t\t\t\t<div class=\"elementor-widget-container\">\n\t\t\t\t\t\t\t\t\t<p>Wellpro f\u00f6ljer Sitras principer f\u00f6r r\u00e4ttvis dataekonomi i sin verksamhet.<\/p><p><a href=\"https:\/\/www.sitra.fi\/julkaisut\/reilun-datatalouden-saantokirja\/\" target=\"_blank\" rel=\"noopener\">L\u00e4s mer i Fair Data Rulebook.<\/a><\/p><p>Vi s\u00e4tter s\u00e4kerhet och integritet fr\u00e4mst och skyddar personuppgifter och annan k\u00e4nslig information som kan komma att samlas in.<\/p>\t\t\t\t\t\t\t\t<\/div>\n\t\t\t\t<\/div>\n\t\t\t\t<div class=\"elementor-element elementor-element-12048bf elementor-align-left elementor-mobile-align-left elementor-widget elementor-widget-button\" data-id=\"12048bf\" data-element_type=\"widget\" data-e-type=\"widget\" data-widget_type=\"button.default\">\n\t\t\t\t<div class=\"elementor-widget-container\">\n\t\t\t\t\t\t\t\t\t<div class=\"elementor-button-wrapper\">\n\t\t\t\t\t<a class=\"elementor-button elementor-button-link elementor-size-sm\" href=\"mailto:info@bithabit.me\">\n\t\t\t\t\t\t<span class=\"elementor-button-content-wrapper\">\n\t\t\t\t\t\t\t\t\t<span class=\"elementor-button-text\">Fr\u00e5ga oss om mer information: info@bithabit.me<\/span>\n\t\t\t\t\t<\/span>\n\t\t\t\t\t<\/a>\n\t\t\t\t<\/div>\n\t\t\t\t\t\t\t\t<\/div>\n\t\t\t\t<\/div>\n\t\t\t\t<div class=\"elementor-element elementor-element-f317fe5 elementor-widget elementor-widget-image\" data-id=\"f317fe5\" data-element_type=\"widget\" data-e-type=\"widget\" data-widget_type=\"image.default\">\n\t\t\t\t<div class=\"elementor-widget-container\">\n\t\t\t\t\t\t\t\t\t\t\t\t\t\t\t<img decoding=\"async\" src=\"https:\/\/bithabit.me\/wp-content\/uploads\/elementor\/thumbs\/bithabit-b-tiede-ja-tutkimus-terveyden-tukena-qmcr212sv15w6i04oi23wf5oi6z0mhc7nsg4cmfvfm.png\" title=\"bithabit-b-tiede-ja-tutkimus-terveyden-tukena\" alt=\"BitHabit- Tiede ja tutkimus terveyden tukena\" loading=\"lazy\" \/>\t\t\t\t\t\t\t\t\t\t\t\t\t\t\t<\/div>\n\t\t\t\t<\/div>\n\t\t\t\t\t<\/div>\n\t\t\t\t<\/div>\n\t\t<div class=\"elementor-element elementor-element-c904f03 e-flex e-con-boxed e-con e-child\" data-id=\"c904f03\" data-element_type=\"container\" data-e-type=\"container\" data-settings=\"{&quot;background_background&quot;:&quot;classic&quot;}\">\n\t\t\t\t\t<div class=\"e-con-inner\">\n\t\t\t\t\t<\/div>\n\t\t\t\t<\/div>\n\t\t\t\t<\/div>\n\t\t<div class=\"elementor-element elementor-element-c0db511 e-flex e-con-boxed e-con e-child\" data-id=\"c0db511\" data-element_type=\"container\" data-e-type=\"container\" data-settings=\"{&quot;background_background&quot;:&quot;classic&quot;}\">\n\t\t\t\t\t<div class=\"e-con-inner\">\n\t\t<div class=\"elementor-element elementor-element-0c3d978 e-flex e-con-boxed e-con e-child\" data-id=\"0c3d978\" data-element_type=\"container\" data-e-type=\"container\">\n\t\t\t\t\t<div class=\"e-con-inner\">\n\t\t\t\t<div class=\"elementor-element elementor-element-9c437f8 elementor-widget elementor-widget-heading\" data-id=\"9c437f8\" data-element_type=\"widget\" data-e-type=\"widget\" data-widget_type=\"heading.default\">\n\t\t\t\t<div class=\"elementor-widget-container\">\n\t\t\t\t\t<h2 class=\"elementor-heading-title elementor-size-default\">Anv\u00e4nd data p\u00e5 ett ansvarsfullt s\u00e4tt<\/h2>\t\t\t\t<\/div>\n\t\t\t\t<\/div>\n\t\t\t\t<div class=\"elementor-element elementor-element-d197708 elementor-widget__width-initial elementor-widget elementor-widget-text-editor\" data-id=\"d197708\" data-element_type=\"widget\" data-e-type=\"widget\" data-widget_type=\"text-editor.default\">\n\t\t\t\t<div class=\"elementor-widget-container\">\n\t\t\t\t\t\t\t\t\t<p>Wellpros appar \u00e4r utformade f\u00f6r att unders\u00f6ka hur en medborgares livsstil p\u00e5verkar v\u00e4lm\u00e5ende och h\u00e4lsa, utan att samla in h\u00e4lsodata eller g\u00f6ra h\u00e4lsop\u00e5st\u00e5enden, samt f\u00f6r att aktivera en h\u00e4lsosammare livsstil genom sm\u00e5 handlingar.<\/p>\n<p>Uppgifter kan anv\u00e4ndas f\u00f6r ett \u00e4ndam\u00e5l av allm\u00e4nt intresse, n\u00e4r detta \u00e4r relevant f\u00f6r samh\u00e4llsutvecklingen.<\/p>\n<p>V\u00e5ra l\u00f6sningar g\u00f6r det till exempel m\u00f6jligt f\u00f6r forskare och offentliga akt\u00f6rer att anv\u00e4nda data p\u00e5 ett \u00f6verkomligt och lagligt s\u00e4tt f\u00f6r att utveckla l\u00f6sningar p\u00e5 de v\u00e4xande h\u00e4lsoproblem (hj\u00e4rn- och minnesh\u00e4lsa, mental h\u00e4lsa, diabetes) som ber\u00f6r medborgare och samh\u00e4lle.<\/p>\n<p>Uppgifterna behandlas alltid i anonymiserad och\/eller pseudonymiserad form.<\/p>\n<p><\/p>\t\t\t\t\t\t\t\t<\/div>\n\t\t\t\t<\/div>\n\t\t\t\t\t<\/div>\n\t\t\t\t<\/div>\n\t\t\t\t\t<\/div>\n\t\t\t\t<\/div>\n\t\t<div class=\"elementor-element elementor-element-c8bab5a e-flex e-con-boxed e-con e-parent\" data-id=\"c8bab5a\" data-element_type=\"container\" data-e-type=\"container\" data-settings=\"{&quot;background_background&quot;:&quot;classic&quot;}\">\n\t\t\t\t\t<div class=\"e-con-inner\">\n\t\t\t\t<div class=\"elementor-element elementor-element-5b33f0a elementor-widget elementor-widget-heading\" data-id=\"5b33f0a\" data-element_type=\"widget\" data-e-type=\"widget\" data-widget_type=\"heading.default\">\n\t\t\t\t<div class=\"elementor-widget-container\">\n\t\t\t\t\t<h2 class=\"elementor-heading-title elementor-size-default\">Nyheter fr\u00e5n<\/h2>\t\t\t\t<\/div>\n\t\t\t\t<\/div>\n\t\t\t\t<div class=\"elementor-element elementor-element-831a3a2 elementor-posts--thumbnail-none elementor-grid-3 elementor-grid-tablet-2 elementor-grid-mobile-1 elementor-widget elementor-widget-posts\" data-id=\"831a3a2\" data-element_type=\"widget\" data-e-type=\"widget\" data-settings=\"{&quot;classic_columns&quot;:&quot;3&quot;,&quot;classic_columns_tablet&quot;:&quot;2&quot;,&quot;classic_columns_mobile&quot;:&quot;1&quot;,&quot;classic_row_gap&quot;:{&quot;unit&quot;:&quot;px&quot;,&quot;size&quot;:35,&quot;sizes&quot;:[]},&quot;classic_row_gap_tablet&quot;:{&quot;unit&quot;:&quot;px&quot;,&quot;size&quot;:&quot;&quot;,&quot;sizes&quot;:[]},&quot;classic_row_gap_mobile&quot;:{&quot;unit&quot;:&quot;px&quot;,&quot;size&quot;:&quot;&quot;,&quot;sizes&quot;:[]}}\" data-widget_type=\"posts.classic\">\n\t\t\t\t<div class=\"elementor-widget-container\">\n\t\t\t\t\t\t\t<div class=\"elementor-posts-container elementor-posts elementor-posts--skin-classic elementor-grid\" role=\"list\">\n\t\t\t\t<article class=\"elementor-post elementor-grid-item post-4868 post type-post status-publish format-standard has-post-thumbnail hentry category-nyheter-fran\" role=\"listitem\">\n\t\t\t\t<div class=\"elementor-post__text\">\n\t\t\t\t<h4 class=\"elementor-post__title\">\n\t\t\t<a href=\"https:\/\/bithabit.me\/sv\/nyheter-fran\/\" >\n\t\t\t\tKan en virtuell assistent hj\u00e4lpa oss att f\u00e5 en h\u00e4lsosammare livsstil?\t\t\t<\/a>\n\t\t<\/h4>\n\t\t\t\t<div class=\"elementor-post__meta-data\">\n\t\t\t\t\t<span class=\"elementor-post-date\">\n\t\t\t5 januari 2026\t\t<\/span>\n\t\t\t\t<\/div>\n\t\t\n\t\t<a class=\"elementor-post__read-more\" href=\"https:\/\/bithabit.me\/sv\/nyheter-fran\/\" aria-label=\"L\u00e4s mer om Kan en virtuell assistent hj\u00e4lpa oss att f\u00e5 en h\u00e4lsosammare livsstil?\" tabindex=\"-1\" >\n\t\t\tL\u00e4s mer om detta &gt;\t\t<\/a>\n\n\t\t\t\t<\/div>\n\t\t\t\t<\/article>\n\t\t\t\t<article class=\"elementor-post elementor-grid-item post-4854 post type-post status-publish format-standard hentry category-okategoriserad\" role=\"listitem\">\n\t\t\t\t<div class=\"elementor-post__text\">\n\t\t\t\t<h4 class=\"elementor-post__title\">\n\t\t\t<a href=\"https:\/\/bithabit.me\/sv\/okategoriserad\/bithabs-involverade-i-ekhvas-och-diabetesforbundets-halsoprogram\/\" >\n\t\t\t\tBitHabs involverade i EKHVA:s och Diabetesf\u00f6rbundets h\u00e4lsoprogram\t\t\t<\/a>\n\t\t<\/h4>\n\t\t\t\t<div class=\"elementor-post__meta-data\">\n\t\t\t\t\t<span class=\"elementor-post-date\">\n\t\t\t17 december 2025\t\t<\/span>\n\t\t\t\t<\/div>\n\t\t\n\t\t<a class=\"elementor-post__read-more\" href=\"https:\/\/bithabit.me\/sv\/okategoriserad\/bithabs-involverade-i-ekhvas-och-diabetesforbundets-halsoprogram\/\" aria-label=\"L\u00e4s mer om BitHabs involverade i EKHVA:s och Diabetesf\u00f6rbundets h\u00e4lsoprogram\" tabindex=\"-1\" >\n\t\t\tL\u00e4s mer om detta &gt;\t\t<\/a>\n\n\t\t\t\t<\/div>\n\t\t\t\t<\/article>\n\t\t\t\t<article class=\"elementor-post elementor-grid-item post-4848 post type-post status-publish format-standard hentry category-aktuella-fragor category-okategoriserad tag-bithabit tag-digital-vardprovning tag-hva tag-livsstil tag-livsstilar tag-omrade-for-valbefinnande tag-valbefinnande\" role=\"listitem\">\n\t\t\t\t<div class=\"elementor-post__text\">\n\t\t\t\t<h4 class=\"elementor-post__title\">\n\t\t\t<a href=\"https:\/\/bithabit.me\/sv\/okategoriserad\/pressmeddelandejyvaskyla-baserade-wellpro-och-bithabit-utvalda-att-delta-i-nationell-studie-om-digital-halsa\/\" >\n\t\t\t\tPressmeddelande:Jyv\u00e4skyl\u00e4-baserade Wellpro och BitHabit utvalda att delta i nationell studie om digital h\u00e4lsa\t\t\t<\/a>\n\t\t<\/h4>\n\t\t\t\t<div class=\"elementor-post__meta-data\">\n\t\t\t\t\t<span class=\"elementor-post-date\">\n\t\t\t10 oktober 2025\t\t<\/span>\n\t\t\t\t<\/div>\n\t\t\n\t\t<a class=\"elementor-post__read-more\" href=\"https:\/\/bithabit.me\/sv\/okategoriserad\/pressmeddelandejyvaskyla-baserade-wellpro-och-bithabit-utvalda-att-delta-i-nationell-studie-om-digital-halsa\/\" aria-label=\"L\u00e4s mer om Pressmeddelande:Jyv\u00e4skyl\u00e4-baserade Wellpro och BitHabit utvalda att delta i nationell studie om digital h\u00e4lsa\" tabindex=\"-1\" >\n\t\t\tL\u00e4s mer om detta &gt;\t\t<\/a>\n\n\t\t\t\t<\/div>\n\t\t\t\t<\/article>\n\t\t\t\t<\/div>\n\t\t\n\t\t\t\t\t\t<\/div>\n\t\t\t\t<\/div>\n\t\t\t\t<div class=\"elementor-element elementor-element-cf3e6ce elementor-align-center elementor-mobile-align-left elementor-widget elementor-widget-button\" data-id=\"cf3e6ce\" data-element_type=\"widget\" data-e-type=\"widget\" data-widget_type=\"button.default\">\n\t\t\t\t<div class=\"elementor-widget-container\">\n\t\t\t\t\t\t\t\t\t<div class=\"elementor-button-wrapper\">\n\t\t\t\t\t<a class=\"elementor-button elementor-button-link elementor-size-sm\" href=\"https:\/\/bithabit.me\/ajankohtaista\/\">\n\t\t\t\t\t\t<span class=\"elementor-button-content-wrapper\">\n\t\t\t\t\t\t\t\t\t<span class=\"elementor-button-text\">L\u00e4s mer p\u00e5 engelska<\/span>\n\t\t\t\t\t<\/span>\n\t\t\t\t\t<\/a>\n\t\t\t\t<\/div>\n\t\t\t\t\t\t\t\t<\/div>\n\t\t\t\t<\/div>\n\t\t\t\t\t<\/div>\n\t\t\t\t<\/div>\n\t\t\t\t<\/div>\n\t\t","protected":false},"excerpt":{"rendered":"<p>R\u00e4ttvis dataekonomi Wellpro f\u00f6ljer Sitras principer f\u00f6r r\u00e4ttvis dataekonomi i sin verksamhet. L\u00e4s mer i Fair Data Rulebook. Vi s\u00e4tter s\u00e4kerhet och integritet fr\u00e4mst och<\/p>\n","protected":false},"author":1,"featured_media":0,"parent":0,"menu_order":0,"comment_status":"closed","ping_status":"closed","template":"","meta":{"footnotes":""},"class_list":["post-4916","page","type-page","status-publish","hentry"],"yoast_head":"<!-- This site is optimized with the Yoast SEO plugin v27.4 - https:\/\/yoast.com\/product\/yoast-seo-wordpress\/ -->\n<title>Data p\u00e5 ett ansvarsfullt s\u00e4tt - BitHabit<\/title>\n<meta name=\"robots\" content=\"index, follow, max-snippet:-1, max-image-preview:large, max-video-preview:-1\" \/>\n<link rel=\"canonical\" href=\"https:\/\/bithabit.me\/dataa-vastuullisesti\/\" \/>\n<meta property=\"og:locale\" content=\"sv_SE\" \/>\n<meta property=\"og:type\" content=\"article\" \/>\n<meta property=\"og:title\" content=\"BitHabit - Sm\u00e5 vanor g\u00f6r stora vanor.\" \/>\n<meta property=\"og:description\" content=\"Sm\u00e5 handlingar som har visat sig vara effektiva. G\u00f6r den kostnadsfria v\u00e4lbefinnandeunders\u00f6kningen och skaffa BitHabit-appen!\" \/>\n<meta property=\"og:url\" content=\"https:\/\/bithabit.me\/dataa-vastuullisesti\/\" \/>\n<meta property=\"og:site_name\" content=\"BitHabit\" \/>\n<meta property=\"article:modified_time\" content=\"2026-01-07T10:31:36+00:00\" \/>\n<meta property=\"og:image\" content=\"https:\/\/bithabit.me\/wp-content\/uploads\/2024\/04\/summer_forest-1024x683.jpg\" \/>\n<meta name=\"twitter:card\" content=\"summary_large_image\" \/>\n<meta name=\"twitter:label1\" content=\"Ber\u00e4knad l\u00e4stid\" \/>\n\t<meta name=\"twitter:data1\" content=\"2 minuter\" \/>\n<script type=\"application\/ld+json\" class=\"yoast-schema-graph\">{\"@context\":\"https:\\\/\\\/schema.org\",\"@graph\":[{\"@type\":\"WebPage\",\"@id\":\"https:\\\/\\\/bithabit.me\\\/dataa-vastuullisesti\\\/\",\"url\":\"https:\\\/\\\/bithabit.me\\\/dataa-vastuullisesti\\\/\",\"name\":\"Data p\u00e5 ett ansvarsfullt s\u00e4tt - BitHabit\",\"isPartOf\":{\"@id\":\"https:\\\/\\\/bithabit.me\\\/#website\"},\"primaryImageOfPage\":{\"@id\":\"https:\\\/\\\/bithabit.me\\\/dataa-vastuullisesti\\\/#primaryimage\"},\"image\":{\"@id\":\"https:\\\/\\\/bithabit.me\\\/dataa-vastuullisesti\\\/#primaryimage\"},\"thumbnailUrl\":\"https:\\\/\\\/bithabit.me\\\/wp-content\\\/uploads\\\/elementor\\\/thumbs\\\/bithabit-b-tiede-ja-tutkimus-terveyden-tukena-qmcr212sv15w6i04oi23wf5oi6z0mhc7nsg4cmfvfm.png\",\"datePublished\":\"2024-10-15T13:06:30+00:00\",\"dateModified\":\"2026-01-07T10:31:36+00:00\",\"breadcrumb\":{\"@id\":\"https:\\\/\\\/bithabit.me\\\/dataa-vastuullisesti\\\/#breadcrumb\"},\"inLanguage\":\"sv-SE\",\"potentialAction\":[{\"@type\":\"ReadAction\",\"target\":[\"https:\\\/\\\/bithabit.me\\\/dataa-vastuullisesti\\\/\"]}]},{\"@type\":\"ImageObject\",\"inLanguage\":\"sv-SE\",\"@id\":\"https:\\\/\\\/bithabit.me\\\/dataa-vastuullisesti\\\/#primaryimage\",\"url\":\"https:\\\/\\\/bithabit.me\\\/wp-content\\\/uploads\\\/elementor\\\/thumbs\\\/bithabit-b-tiede-ja-tutkimus-terveyden-tukena-qmcr212sv15w6i04oi23wf5oi6z0mhc7nsg4cmfvfm.png\",\"contentUrl\":\"https:\\\/\\\/bithabit.me\\\/wp-content\\\/uploads\\\/elementor\\\/thumbs\\\/bithabit-b-tiede-ja-tutkimus-terveyden-tukena-qmcr212sv15w6i04oi23wf5oi6z0mhc7nsg4cmfvfm.png\"},{\"@type\":\"BreadcrumbList\",\"@id\":\"https:\\\/\\\/bithabit.me\\\/dataa-vastuullisesti\\\/#breadcrumb\",\"itemListElement\":[{\"@type\":\"ListItem\",\"position\":1,\"name\":\"Startsida\",\"item\":\"https:\\\/\\\/bithabit.me\\\/sv\\\/bithabit\\\/\"},{\"@type\":\"ListItem\",\"position\":2,\"name\":\"Data p\u00e5 ett ansvarsfullt s\u00e4tt\"}]},{\"@type\":\"WebSite\",\"@id\":\"https:\\\/\\\/bithabit.me\\\/#website\",\"url\":\"https:\\\/\\\/bithabit.me\\\/\",\"name\":\"BitHabit\",\"description\":\"\",\"publisher\":{\"@id\":\"https:\\\/\\\/bithabit.me\\\/#organization\"},\"potentialAction\":[{\"@type\":\"SearchAction\",\"target\":{\"@type\":\"EntryPoint\",\"urlTemplate\":\"https:\\\/\\\/bithabit.me\\\/?s={search_term_string}\"},\"query-input\":{\"@type\":\"PropertyValueSpecification\",\"valueRequired\":true,\"valueName\":\"search_term_string\"}}],\"inLanguage\":\"sv-SE\"},{\"@type\":\"Organization\",\"@id\":\"https:\\\/\\\/bithabit.me\\\/#organization\",\"name\":\"BitHabit\",\"url\":\"https:\\\/\\\/bithabit.me\\\/\",\"logo\":{\"@type\":\"ImageObject\",\"inLanguage\":\"sv-SE\",\"@id\":\"https:\\\/\\\/bithabit.me\\\/#\\\/schema\\\/logo\\\/image\\\/\",\"url\":\"https:\\\/\\\/bithabit.me\\\/wp-content\\\/uploads\\\/2024\\\/03\\\/bithabit-logo-vaaka-1.svg\",\"contentUrl\":\"https:\\\/\\\/bithabit.me\\\/wp-content\\\/uploads\\\/2024\\\/03\\\/bithabit-logo-vaaka-1.svg\",\"width\":180,\"height\":38,\"caption\":\"BitHabit\"},\"image\":{\"@id\":\"https:\\\/\\\/bithabit.me\\\/#\\\/schema\\\/logo\\\/image\\\/\"}}]}<\/script>\n<!-- \/ Yoast SEO plugin. -->","yoast_head_json":{"title":"Data p\u00e5 ett ansvarsfullt s\u00e4tt - BitHabit","robots":{"index":"index","follow":"follow","max-snippet":"max-snippet:-1","max-image-preview":"max-image-preview:large","max-video-preview":"max-video-preview:-1"},"canonical":"https:\/\/bithabit.me\/dataa-vastuullisesti\/","og_locale":"sv_SE","og_type":"article","og_title":"BitHabit - Sm\u00e5 vanor g\u00f6r stora vanor.","og_description":"Sm\u00e5 handlingar som har visat sig vara effektiva. G\u00f6r den kostnadsfria v\u00e4lbefinnandeunders\u00f6kningen och skaffa BitHabit-appen!","og_url":"https:\/\/bithabit.me\/dataa-vastuullisesti\/","og_site_name":"BitHabit","article_modified_time":"2026-01-07T10:31:36+00:00","og_image":[{"url":"https:\/\/bithabit.me\/wp-content\/uploads\/2024\/04\/summer_forest-1024x683.jpg","type":"","width":"","height":""}],"twitter_card":"summary_large_image","twitter_misc":{"Ber\u00e4knad l\u00e4stid":"2 minuter"},"schema":{"@context":"https:\/\/schema.org","@graph":[{"@type":"WebPage","@id":"https:\/\/bithabit.me\/dataa-vastuullisesti\/","url":"https:\/\/bithabit.me\/dataa-vastuullisesti\/","name":"Data p\u00e5 ett ansvarsfullt s\u00e4tt - BitHabit","isPartOf":{"@id":"https:\/\/bithabit.me\/#website"},"primaryImageOfPage":{"@id":"https:\/\/bithabit.me\/dataa-vastuullisesti\/#primaryimage"},"image":{"@id":"https:\/\/bithabit.me\/dataa-vastuullisesti\/#primaryimage"},"thumbnailUrl":"https:\/\/bithabit.me\/wp-content\/uploads\/elementor\/thumbs\/bithabit-b-tiede-ja-tutkimus-terveyden-tukena-qmcr212sv15w6i04oi23wf5oi6z0mhc7nsg4cmfvfm.png","datePublished":"2024-10-15T13:06:30+00:00","dateModified":"2026-01-07T10:31:36+00:00","breadcrumb":{"@id":"https:\/\/bithabit.me\/dataa-vastuullisesti\/#breadcrumb"},"inLanguage":"sv-SE","potentialAction":[{"@type":"ReadAction","target":["https:\/\/bithabit.me\/dataa-vastuullisesti\/"]}]},{"@type":"ImageObject","inLanguage":"sv-SE","@id":"https:\/\/bithabit.me\/dataa-vastuullisesti\/#primaryimage","url":"https:\/\/bithabit.me\/wp-content\/uploads\/elementor\/thumbs\/bithabit-b-tiede-ja-tutkimus-terveyden-tukena-qmcr212sv15w6i04oi23wf5oi6z0mhc7nsg4cmfvfm.png","contentUrl":"https:\/\/bithabit.me\/wp-content\/uploads\/elementor\/thumbs\/bithabit-b-tiede-ja-tutkimus-terveyden-tukena-qmcr212sv15w6i04oi23wf5oi6z0mhc7nsg4cmfvfm.png"},{"@type":"BreadcrumbList","@id":"https:\/\/bithabit.me\/dataa-vastuullisesti\/#breadcrumb","itemListElement":[{"@type":"ListItem","position":1,"name":"Startsida","item":"https:\/\/bithabit.me\/sv\/bithabit\/"},{"@type":"ListItem","position":2,"name":"Data p\u00e5 ett ansvarsfullt s\u00e4tt"}]},{"@type":"WebSite","@id":"https:\/\/bithabit.me\/#website","url":"https:\/\/bithabit.me\/","name":"BitHabit","description":"","publisher":{"@id":"https:\/\/bithabit.me\/#organization"},"potentialAction":[{"@type":"SearchAction","target":{"@type":"EntryPoint","urlTemplate":"https:\/\/bithabit.me\/?s={search_term_string}"},"query-input":{"@type":"PropertyValueSpecification","valueRequired":true,"valueName":"search_term_string"}}],"inLanguage":"sv-SE"},{"@type":"Organization","@id":"https:\/\/bithabit.me\/#organization","name":"BitHabit","url":"https:\/\/bithabit.me\/","logo":{"@type":"ImageObject","inLanguage":"sv-SE","@id":"https:\/\/bithabit.me\/#\/schema\/logo\/image\/","url":"https:\/\/bithabit.me\/wp-content\/uploads\/2024\/03\/bithabit-logo-vaaka-1.svg","contentUrl":"https:\/\/bithabit.me\/wp-content\/uploads\/2024\/03\/bithabit-logo-vaaka-1.svg","width":180,"height":38,"caption":"BitHabit"},"image":{"@id":"https:\/\/bithabit.me\/#\/schema\/logo\/image\/"}}]}},"_links":{"self":[{"href":"https:\/\/bithabit.me\/sv\/wp-json\/wp\/v2\/pages\/4916","targetHints":{"allow":["GET"]}}],"collection":[{"href":"https:\/\/bithabit.me\/sv\/wp-json\/wp\/v2\/pages"}],"about":[{"href":"https:\/\/bithabit.me\/sv\/wp-json\/wp\/v2\/types\/page"}],"author":[{"embeddable":true,"href":"https:\/\/bithabit.me\/sv\/wp-json\/wp\/v2\/users\/1"}],"replies":[{"embeddable":true,"href":"https:\/\/bithabit.me\/sv\/wp-json\/wp\/v2\/comments?post=4916"}],"version-history":[{"count":8,"href":"https:\/\/bithabit.me\/sv\/wp-json\/wp\/v2\/pages\/4916\/revisions"}],"predecessor-version":[{"id":5031,"href":"https:\/\/bithabit.me\/sv\/wp-json\/wp\/v2\/pages\/4916\/revisions\/5031"}],"wp:attachment":[{"href":"https:\/\/bithabit.me\/sv\/wp-json\/wp\/v2\/media?parent=4916"}],"curies":[{"name":"wp","href":"https:\/\/api.w.org\/{rel}","templated":true}]}}