{"id":4965,"date":"2024-03-13T11:35:18","date_gmt":"2024-03-13T09:35:18","guid":{"rendered":"https:\/\/bithabit.me\/integritetspolicy\/"},"modified":"2026-01-05T11:12:33","modified_gmt":"2026-01-05T09:12:33","slug":"integritetspolicy","status":"publish","type":"page","link":"https:\/\/bithabit.me\/sv\/integritetspolicy\/","title":{"rendered":"Integritetspolicy"},"content":{"rendered":"\t\t<div data-elementor-type=\"wp-page\" data-elementor-id=\"4965\" class=\"elementor elementor-4965 elementor-3\" data-elementor-post-type=\"page\">\n\t\t\t\t<div class=\"elementor-element elementor-element-69422b3 e-flex e-con-boxed e-con e-parent\" data-id=\"69422b3\" data-element_type=\"container\" data-e-type=\"container\">\n\t\t\t\t\t<div class=\"e-con-inner\">\n\t\t\t\t<div class=\"elementor-element elementor-element-1ae65831 elementor-widget elementor-widget-text-editor\" data-id=\"1ae65831\" data-element_type=\"widget\" data-e-type=\"widget\" data-widget_type=\"text-editor.default\">\n\t\t\t\t<div class=\"elementor-widget-container\">\n\t\t\t\t\t\t\t\t\t\n<h2 class=\"wp-block-heading\"\/>\n\t\t\t\t\t\t\t\t<\/div>\n\t\t\t\t<\/div>\n\t\t\t\t\t<\/div>\n\t\t\t\t<\/div>\n\t\t<div class=\"elementor-element elementor-element-7763336 e-flex e-con-boxed e-con e-parent\" data-id=\"7763336\" data-element_type=\"container\" data-e-type=\"container\">\n\t\t\t\t\t<div class=\"e-con-inner\">\n\t\t\t\t<div class=\"elementor-element elementor-element-c4cca78 elementor-widget elementor-widget-heading\" data-id=\"c4cca78\" data-element_type=\"widget\" data-e-type=\"widget\" data-widget_type=\"heading.default\">\n\t\t\t\t<div class=\"elementor-widget-container\">\n\t\t\t\t\t<h2 class=\"elementor-heading-title elementor-size-default\">Integritetspolicy - BitHabit<\/h2>\t\t\t\t<\/div>\n\t\t\t\t<\/div>\n\t\t\t\t<div class=\"elementor-element elementor-element-770a4d1 elementor-widget elementor-widget-text-editor\" data-id=\"770a4d1\" data-element_type=\"widget\" data-e-type=\"widget\" data-widget_type=\"text-editor.default\">\n\t\t\t\t<div class=\"elementor-widget-container\">\n\t\t\t\t\t\t\t\t\tSenast uppdaterad: 2.4.2024\n<div class=\"section\">\n\nSyftet med detta dokument \u00e4r att informera dig om den behandling och insamling av personuppgifter som Wellpro Impact Solutions Oy, organisationsnummer 3227015-2, (nedan kallat &#8221;Bolaget&#8221;) g\u00f6r i samband med BitHabit-tj\u00e4nsten (nedan kallad &#8221;Tj\u00e4nsten&#8221;) som Bolaget driver. Med personuppgifter avses all information som g\u00f6r det m\u00f6jligt att identifiera en enskild person. \n\nDenna Integritetspolicy avser i f\u00f6rsta hand Tj\u00e4nsten. Information om Bolagets behandling av personuppgifter i andra sammanhang finns tillg\u00e4nglig p\u00e5: <a href=\"https:\/\/wellpro.fi\/\">https:\/\/wellpro.fi\/.<\/a> \n\n<\/div>\n<div class=\"section\">\n<h3>1. Styrenhet och processorer<\/h3>\nI samband med Tj\u00e4nsten agerar Bolaget som personuppgiftsansvarig, det vill s\u00e4ga definierar vilka personuppgifter som ska samlas in f\u00f6r Tj\u00e4nsten och \u00e4ndam\u00e5len med behandlingen. Bolaget anv\u00e4nder sig av f\u00f6ljande personuppgiftsbitr\u00e4den f\u00f6r att behandla personuppgifter relaterade till Tj\u00e4nsten enligt separata skriftliga personuppgiftsbitr\u00e4desavtal med personuppgiftsbitr\u00e4dena: \n<ul>\n \t<li>Leverant\u00f6r av datacenter\/webbplattformar, f\u00f6r n\u00e4rvarande Skillwell Oy (baserat i Jyv\u00e4skyl\u00e4)<\/li>\n \t<li>BitHabit-aktiveringstj\u00e4nsten drivs i de europeiska datacentren f\u00f6r Amazon Web Services (AWS).<\/li>\n \t<li>Inmatning av unders\u00f6kningsdata i tj\u00e4nsten, f\u00f6r n\u00e4rvarande Typeform S.L. (baserat i Barcelona)<\/li>\n \t<li>Leverant\u00f6r av nyhetsbrev\/SMS, f\u00f6r n\u00e4rvarande SendinBlue SAS (baserat i Paris)<\/li>\n \t<li>Leverant\u00f6r av CRM-tj\u00e4nster, f\u00f6r n\u00e4rvarande Monday.com Ltd. (baserat i Tel Aviv)<\/li>\n \t<li>Signaturtj\u00e4nst, f\u00f6r n\u00e4rvarande Oneflow (baserad i Stockholm)<\/li>\n \t<li>Webbplatstj\u00e4nster, f\u00f6r n\u00e4rvarande Planeetta Internet Oy (baserat i Helsingfors)<\/li>\n \t<li>Leverant\u00f6r av faktureringstj\u00e4nster f\u00f6r Business-to-Business-kunder, f\u00f6r n\u00e4rvarande Fennoa Oy (baserat i Alavus)<\/li>\n<\/ul>\nF\u00f6r konsumentkunder fungerar leverant\u00f6rer av faktureringstj\u00e4nster som Stribe, PayPal, Mastercard, Visa och andra som oberoende personuppgiftsansvariga, vars egna integritetspolicyer beskrivs p\u00e5 deras webbplatser, bland andra. \n\n<\/div>\n<div class=\"section\">\n<h3>2. Kategorier av personuppgifter och r\u00e4ttsliga grunder f\u00f6r behandlingen<\/h3>\nPersonuppgifter behandlas i Tj\u00e4nsten i enlighet med EU:s allm\u00e4nna dataskyddsf\u00f6rordning (nedan &#8221;GDPR&#8221;) och till\u00e4mplig nationell dataskyddslagstiftning. Tillhandah\u00e5llandet av personuppgifter \u00e4r n\u00f6dv\u00e4ndigt f\u00f6r att anv\u00e4nda Tj\u00e4nsten. \n\nUndantag: att enbart anv\u00e4nda BitHabit-unders\u00f6kningstj\u00e4nsten kr\u00e4ver inte att personuppgifter l\u00e4mnas, se avsnitt 3. F\u00f6r forskningsanv\u00e4ndning g\u00e4ller inte detta undantag.  \n<table>\n<thead>\n<tr>\n<th>Kategori av personuppgifter<\/th>\n<th>\u00c4ndam\u00e5let med behandlingen<\/th>\n<th>Laglig grund f\u00f6r behandling<\/th>\n<th>Radering av personuppgifter<\/th>\n<\/tr>\n<\/thead>\n<tbody>\n<tr>\n<td>Namn p\u00e5 anv\u00e4ndare, kontaktuppgifter<\/td>\n<td>Komma ig\u00e5ng, hantera ditt konto, svara p\u00e5 supportf\u00f6rfr\u00e5gningar<\/td>\n<td>Verkst\u00e4llighet av avtalet (artikel 6.1 b i GDPR)<\/td>\n<td>12 m\u00e5nader efter att kundens konto har blivit inaktivt, eller n\u00e4r det inte l\u00e4ngre \u00e4r n\u00f6dv\u00e4ndigt att beh\u00e5lla dem f\u00f6r de ursprungliga \u00e4ndam\u00e5len eller annan laglig behandling<\/td>\n<\/tr>\n<tr>\n<td>Feedbackunders\u00f6kningar om programvarans funktionalitet<\/td>\n<td>F\u00f6retagets ber\u00e4ttigade intresse (artikel 6.1 f i GDPR)<\/td>\n<td>12 m\u00e5nader efter att kundens konto har blivit inaktivt, eller n\u00e4r det inte l\u00e4ngre \u00e4r n\u00f6dv\u00e4ndigt att beh\u00e5lla dem f\u00f6r de ursprungliga syftena eller annan laglig behandling<\/td>\n<\/tr>\n<tr>\n<td>Bakgrundsinformation: \u00e5lder, k\u00f6n, yrke, modersm\u00e5l, utbildningsniv\u00e5, h\u00e4lsoinformation (nuvarande och tidigare sjukdomar, begr\u00e4nsningar i fysisk aktivitet), alkohol- och drogvanor, matvanor, motionsvanor, eventuella stressande f\u00f6r\u00e4ndringar i livet, tillfredsst\u00e4llelse med det egna livet, social aktivitet, planerad pensions\u00e5lder, motivation att forts\u00e4tta arbeta<\/td>\n<td>Bakgrundsinformation om h\u00e4lsa och livsstil som tillhandah\u00e5lls vid tidpunkten f\u00f6r tillg\u00e5ng till tj\u00e4nsten; denna bakgrundsinformation kommer att j\u00e4mf\u00f6ras med information som erh\u00e5lls under tj\u00e4nsten f\u00f6r att informera anv\u00e4ndaren om eventuella f\u00f6r\u00e4ndringar i deras h\u00e4lsa eller livsstil.<\/td>\n<td>Samtycke (artikel 6.1 a i GDPR)<\/td>\n<td>12 m\u00e5nader efter att kundens konto har blivit inaktivt, eller n\u00e4r det inte l\u00e4ngre \u00e4r n\u00f6dv\u00e4ndigt att beh\u00e5lla det f\u00f6r de ursprungliga syftena eller annan laglig behandling<\/td>\n<\/tr>\n<tr>\n<td>Sj\u00e4lvrapporterad information: arbetsstress, eventuella s\u00f6mnproblem, b\u00f6rja motionera, f\u00f6lja upp matintag, sj\u00e4lvupplevda f\u00f6r\u00e4ndringar i kognition, f\u00f6r\u00e4ndringar i kognition som observerats av n\u00e4rst\u00e5ende, f\u00f6r\u00e4ndringar i tillfredsst\u00e4llelse med livet, f\u00f6r\u00e4ndringar i social aktivitet, \u00f6ppet f\u00e4lt f\u00f6r kommentarer, som kan inneh\u00e5lla andra personuppgifter<\/td>\n<td>Dokumentation av f\u00f6r\u00e4ndringar i h\u00e4lsa och livsstil<\/td>\n<td>Samtycke (artikel 6.1 a i GDPR)<\/td>\n<td>12 m\u00e5nader efter att kundens konto har blivit inaktivt, eller n\u00e4r det inte l\u00e4ngre \u00e4r n\u00f6dv\u00e4ndigt att beh\u00e5lla dem f\u00f6r de ursprungliga \u00e4ndam\u00e5len eller annan laglig behandling<\/td>\n<\/tr>\n<tr>\n<td>Aktiverings\u00e5tg\u00e4rder som registreras av anv\u00e4ndaren i tj\u00e4nsten: fysisk aktivitet, sociala m\u00f6ten, n\u00e4rings\u00e5tg\u00e4rder, mentala eller kognitiva \u00e5tg\u00e4rder.<\/td>\n<td>Registrering av h\u00e4lso- och livsstilsrelaterade \u00e5tg\u00e4rder<\/td>\n<td>Samtycke (artikel 6.1 a i GDPR)<\/td>\n<td>12 m\u00e5nader efter att kundens konto har blivit inaktivt, eller n\u00e4r det inte l\u00e4ngre \u00e4r n\u00f6dv\u00e4ndigt att beh\u00e5lla dem f\u00f6r de ursprungliga syftena eller annan laglig behandling<\/td>\n<\/tr>\n<tr>\n<td>Statistik och grafiska modeller som genereras fr\u00e5n de uppgifter som anv\u00e4ndaren matar in i tj\u00e4nsten.<\/td>\n<td>Statistik \u00f6ver h\u00e4lso- och livsstilsf\u00f6r\u00e4ndringar och sp\u00e5rning av aktiveringsaktiviteter f\u00f6r att g\u00f6ra det m\u00f6jligt f\u00f6r anv\u00e4ndaren att \u00f6vervaka om h\u00e4lsoplaner genomf\u00f6rs<\/td>\n<td>Samtycke (artikel 6.1 a i GDPR)<\/td>\n<td>12 m\u00e5nader efter att kundens konto har blivit inaktivt, eller n\u00e4r det inte l\u00e4ngre \u00e4r n\u00f6dv\u00e4ndigt att beh\u00e5lla det f\u00f6r de ursprungliga syftena eller annan laglig behandling<\/td>\n<\/tr>\n<\/tbody>\n<\/table>\n<\/div>\n<div class=\"section\">\n<h3>3. Information fr\u00e5n unders\u00f6kningstj\u00e4nsten BitHabit<\/h3>\nI samband med BitHabits unders\u00f6kningstj\u00e4nst behandlar Bolaget m\u00e5nga av de uppgifter som n\u00e4mns i punkt 2, vilka i sig \u00e4r personuppgifter, men som inte \u00e4r kopplade till n\u00e5gon enskild anv\u00e4ndare och d\u00e4rf\u00f6r inte omfattas av personuppgiftslagstiftningen. Ingen personligt identifierbar information s\u00e5som namn eller kontaktuppgifter samlas in i samband med anv\u00e4ndningen av BitHabit-unders\u00f6kningstj\u00e4nsten, och ingen information fr\u00e5n BitHabit-unders\u00f6kningstj\u00e4nsten \u00e4r associerad med information som samlas in av tj\u00e4nsten som ocks\u00e5 inneh\u00e5ller personligt identifierbar information. \n\n<\/div>\n<div class=\"section\">\n<h3>4. S\u00e4rskilda kategorier av personuppgifter<\/h3>\nBolaget behandlar ett stort antal s\u00e4rskilda kategorier av personuppgifter (&#8221;k\u00e4nsliga personuppgifter&#8221;) i samband med Tj\u00e4nsten, s\u00e4rskilt avseende anv\u00e4ndarnas h\u00e4lsa, motionsvanor och sociala liv. Bolagets grund f\u00f6r att g\u00f6ra undantag fr\u00e5n f\u00f6rbudet mot behandling av k\u00e4nsliga personuppgifter enligt artikel 9 i GDPR \u00e4r anv\u00e4ndarnas uttryckliga samtycke, vilket erh\u00e5lls fr\u00e5n anv\u00e4ndarna n\u00e4r de f\u00e5r tillg\u00e5ng till Tj\u00e4nsten. I praktiken \u00e4r det inte m\u00f6jligt att anv\u00e4nda Tj\u00e4nsten utan detta uttryckliga samtycke, eftersom de personuppgifter som registreras i Tj\u00e4nsten till st\u00f6rsta delen \u00e4r k\u00e4nsliga personuppgifter.  \n\n<\/div>\n<div class=\"section\">\n<h3>5. Informationss\u00e4kerhet<\/h3>\nBolaget skyddar personuppgifter med rimliga och l\u00e4mpliga skydds\u00e5tg\u00e4rder f\u00f6r att f\u00f6rhindra oavsiktliga datal\u00e4ckor, obeh\u00f6rig behandling av personuppgifter och felaktig eller obeh\u00f6rig f\u00f6rst\u00f6ring, anv\u00e4ndning, \u00e4ndring eller utl\u00e4mnande av personuppgifter. Bolaget har vidtagit l\u00e4mpliga tekniska och organisatoriska \u00e5tg\u00e4rder f\u00f6r att skydda personuppgifter. Ovanst\u00e5ende \u00e5tg\u00e4rder, s\u00e5som att begr\u00e4nsa tillg\u00e5ngen till personuppgifter f\u00f6r bolagets personal och personuppgiftsbitr\u00e4den samt lagring och behandling av personuppgifter i krypterad form, st\u00e5r i proportion till skadan och sannolikheten f\u00f6r potentiella datal\u00e4ckor, k\u00e4nsligheten hos de personuppgifter som behandlas, omst\u00e4ndigheterna under vilka de lagras och utvecklingen av s\u00e4kerhetsteknik.  \n\n<\/div>\n<div class=\"section\">\n<h3>6. Den registrerades r\u00e4ttigheter<\/h3>\nEnligt dataskyddsf\u00f6rordningen har den registrerade f\u00f6ljande r\u00e4ttigheter i fr\u00e5ga om personuppgifter, vilket f\u00f6rklaras n\u00e4rmare i artiklarna 15-21 i dataskyddsf\u00f6rordningen:\n<ul>\n \t<li><strong>R\u00e4tt att \u00e5terkalla samtycke:<\/strong> I den utstr\u00e4ckning som behandlingen baseras p\u00e5 anv\u00e4ndarnas samtycke har anv\u00e4ndarna r\u00e4tt att n\u00e4r som helst \u00e5terkalla sitt samtycke och beg\u00e4ra att deras uppgifter tas bort fr\u00e5n tj\u00e4nsten.<\/li>\n \t<li><strong>Tillg\u00e5ng till uppgifter:<\/strong> registrerade personer har r\u00e4tt att beg\u00e4ra bekr\u00e4ftelse p\u00e5 om deras personuppgifter behandlas av f\u00f6retaget eller dess registerf\u00f6rare och att f\u00e5 tillg\u00e5ng till sina uppgifter.<\/li>\n \t<li>R\u00e4tt <strong>till r\u00e4ttelse:<\/strong> den registrerade har r\u00e4tt att beg\u00e4ra att den personuppgiftsansvarige r\u00e4ttar felaktiga eller ofullst\u00e4ndiga personuppgifter som behandlas i samband med Tj\u00e4nsten.<\/li>\n \t<li>R\u00e4tt till radering<strong>:<\/strong> registrerade har r\u00e4tt att beg\u00e4ra radering av personuppgifter som r\u00f6r dem om de inte l\u00e4ngre \u00e4r n\u00f6dv\u00e4ndiga f\u00f6r de \u00e4ndam\u00e5l f\u00f6r vilka de samlades in eller behandlades, om de mots\u00e4tter sig behandlingen och det inte finns n\u00e5gra tvingande r\u00e4ttsliga sk\u00e4l f\u00f6r behandlingen, om behandlingen \u00e4r olaglig eller om personuppgifterna m\u00e5ste raderas f\u00f6r att uppfylla en r\u00e4ttslig skyldighet.<\/li>\n \t<li><strong>R\u00e4tt till begr\u00e4nsning av behandling:<\/strong> den registrerade har r\u00e4tt att beg\u00e4ra begr\u00e4nsning av behandlingen av personuppgifter som r\u00f6r honom eller henne om personuppgifternas korrekthet bestrids, om behandlingen \u00e4r olaglig eller om den personuppgiftsansvarige inte l\u00e4ngre beh\u00f6ver de ber\u00f6rda personuppgifterna men den registrerade har ett ber\u00e4ttigat sk\u00e4l att inv\u00e4nda mot radering av personuppgifterna, eller om den registrerade inv\u00e4nder mot behandlingen och det \u00e4nnu inte har fastst\u00e4llts om det finns en r\u00e4ttslig grund f\u00f6r behandlingen.<\/li>\n \t<li>R\u00e4tt att inv\u00e4nda<strong>:<\/strong> registrerade har r\u00e4tt att inv\u00e4nda mot behandlingen av sina personuppgifter i den utstr\u00e4ckning som uppgifterna behandlas i enlighet med artikel 6.1 f i GDPR, i vilket fall den personuppgiftsansvarige m\u00e5ste bevisa att det finns en tvingande r\u00e4ttslig grund f\u00f6r behandlingen f\u00f6r att f\u00e5 forts\u00e4tta att behandla de ber\u00f6rda personuppgifterna.<\/li>\n \t<li>R\u00e4tt att klaga<strong>:<\/strong> Den registrerade har r\u00e4tt att klaga p\u00e5 behandlingen av personuppgifter i samband med Tj\u00e4nsten till den beh\u00f6riga dataskyddsmyndigheten. Den beh\u00f6riga dataskyddsmyndigheten i Finland \u00e4r dataskyddsombudsmannen (tietosuoja@om.fi). <\/li>\n<\/ul>\n<\/div>\n<div class=\"section\">\n<h3>7. \u00d6verf\u00f6ring av uppgifter utanf\u00f6r EU\/EES<\/h3>\nBolagets servrar \u00e4r f\u00f6r n\u00e4rvarande bel\u00e4gna i Finland och Bolagets personuppgiftsbitr\u00e4dens servrar \u00e4r till st\u00f6rsta delen bel\u00e4gna antingen inom EU\/EES eller i l\u00e4nder med en likv\u00e4rdig niv\u00e5 av dataskydd enligt EU-kommissionens beslut.\n\nUppgifter som samlas in eller behandlas i samband med Tj\u00e4nsten kommer endast att \u00f6verf\u00f6ras eller behandlas utanf\u00f6r EU eller EES p\u00e5 en \u00f6verf\u00f6ringsgrund i enlighet med artikel 46 i GDPR, till exempel i enlighet med ett likv\u00e4rdighetsbeslut utf\u00e4rdat av Europeiska kommissionen eller standardklausuler antagna av Europeiska kommissionen. I den m\u00e5n \u00f6verf\u00f6ringar sker enligt standardklausulerna har de registrerade r\u00e4tt att ta del av den beskrivning av de \u00f6verf\u00f6rda personuppgifterna som bifogas standardklausulerna. \n\n<\/div>\n<div class=\"section\">\n<h3>8. \u00c4ndringar av praxis f\u00f6r dataskydd<\/h3>\nDessa integritetspolicyer kan \u00e4ndras fr\u00e5n tid till annan genom att ladda upp en uppdaterad version av dokumentet till Tj\u00e4nsten eller p\u00e5 annat s\u00e4tt g\u00f6ra det tillg\u00e4ngligt f\u00f6r registrerade, varefter den uppdaterade versionen kommer att g\u00e4lla. Vid v\u00e4sentliga \u00e4ndringar av Integritetspolicyn kommer Bolaget \u00e4ven att str\u00e4va efter att meddela detta p\u00e5 annat s\u00e4tt, t.ex. via e-post. \n\n<\/div>\n&#8212; Dokumentet slutar &#8212;\t\t\t\t\t\t\t\t<\/div>\n\t\t\t\t<\/div>\n\t\t\t\t\t<\/div>\n\t\t\t\t<\/div>\n\t\t\t\t<\/div>\n\t\t","protected":false},"excerpt":{"rendered":"<p>Integritetspolicy &#8211; BitHabit Senast uppdaterad: 2.4.2024 Syftet med detta dokument \u00e4r att informera dig om den behandling och insamling av personuppgifter som Wellpro Impact Solutions Oy, organisationsnummer 3227015-2, (nedan kallat &#8221;Bolaget&#8221;) g\u00f6r i samband med BitHabit-tj\u00e4nsten (nedan kallad &#8221;Tj\u00e4nsten&#8221;) som Bolaget driver. Med personuppgifter avses all information som g\u00f6r det m\u00f6jligt att identifiera en enskild [&hellip;]<\/p>\n","protected":false},"author":1,"featured_media":0,"parent":0,"menu_order":0,"comment_status":"closed","ping_status":"closed","template":"","meta":{"footnotes":""},"class_list":["post-4965","page","type-page","status-publish","hentry"],"yoast_head":"<!-- This site is optimized with the Yoast SEO plugin v27.5 - https:\/\/yoast.com\/product\/yoast-seo-wordpress\/ -->\n<title>Integritetspolicy - BitHabit<\/title>\n<meta name=\"robots\" content=\"index, follow, max-snippet:-1, max-image-preview:large, max-video-preview:-1\" \/>\n<link rel=\"canonical\" href=\"https:\/\/bithabit.me\/sv\/integritetspolicy\/\" \/>\n<meta property=\"og:locale\" content=\"sv_SE\" \/>\n<meta property=\"og:type\" content=\"article\" \/>\n<meta property=\"og:title\" content=\"Integritetspolicy - BitHabit\" \/>\n<meta property=\"og:description\" content=\"Integritetspolicy &#8211; BitHabit Senast uppdaterad: 2.4.2024 Syftet med detta dokument \u00e4r att informera dig om den behandling och insamling av personuppgifter som Wellpro Impact Solutions Oy, organisationsnummer 3227015-2, (nedan kallat &#8221;Bolaget&#8221;) g\u00f6r i samband med BitHabit-tj\u00e4nsten (nedan kallad &#8221;Tj\u00e4nsten&#8221;) som Bolaget driver. Med personuppgifter avses all information som g\u00f6r det m\u00f6jligt att identifiera en enskild [&hellip;]\" \/>\n<meta property=\"og:url\" content=\"https:\/\/bithabit.me\/sv\/integritetspolicy\/\" \/>\n<meta property=\"og:site_name\" content=\"BitHabit\" \/>\n<meta property=\"article:modified_time\" content=\"2026-01-05T09:12:33+00:00\" \/>\n<meta name=\"twitter:card\" content=\"summary_large_image\" \/>\n<meta name=\"twitter:label1\" content=\"Ber\u00e4knad l\u00e4stid\" \/>\n\t<meta name=\"twitter:data1\" content=\"9 minuter\" \/>\n<script type=\"application\/ld+json\" class=\"yoast-schema-graph\">{\"@context\":\"https:\\\/\\\/schema.org\",\"@graph\":[{\"@type\":\"WebPage\",\"@id\":\"https:\\\/\\\/bithabit.me\\\/sv\\\/integritetspolicy\\\/\",\"url\":\"https:\\\/\\\/bithabit.me\\\/sv\\\/integritetspolicy\\\/\",\"name\":\"Integritetspolicy - BitHabit\",\"isPartOf\":{\"@id\":\"https:\\\/\\\/bithabit.me\\\/#website\"},\"datePublished\":\"2024-03-13T09:35:18+00:00\",\"dateModified\":\"2026-01-05T09:12:33+00:00\",\"breadcrumb\":{\"@id\":\"https:\\\/\\\/bithabit.me\\\/sv\\\/integritetspolicy\\\/#breadcrumb\"},\"inLanguage\":\"sv-SE\",\"potentialAction\":[{\"@type\":\"ReadAction\",\"target\":[\"https:\\\/\\\/bithabit.me\\\/sv\\\/integritetspolicy\\\/\"]}]},{\"@type\":\"BreadcrumbList\",\"@id\":\"https:\\\/\\\/bithabit.me\\\/sv\\\/integritetspolicy\\\/#breadcrumb\",\"itemListElement\":[{\"@type\":\"ListItem\",\"position\":1,\"name\":\"Startsida\",\"item\":\"https:\\\/\\\/bithabit.me\\\/sv\\\/bithabit\\\/\"},{\"@type\":\"ListItem\",\"position\":2,\"name\":\"Integritetspolicy\"}]},{\"@type\":\"WebSite\",\"@id\":\"https:\\\/\\\/bithabit.me\\\/#website\",\"url\":\"https:\\\/\\\/bithabit.me\\\/\",\"name\":\"BitHabit\",\"description\":\"\",\"publisher\":{\"@id\":\"https:\\\/\\\/bithabit.me\\\/#organization\"},\"potentialAction\":[{\"@type\":\"SearchAction\",\"target\":{\"@type\":\"EntryPoint\",\"urlTemplate\":\"https:\\\/\\\/bithabit.me\\\/?s={search_term_string}\"},\"query-input\":{\"@type\":\"PropertyValueSpecification\",\"valueRequired\":true,\"valueName\":\"search_term_string\"}}],\"inLanguage\":\"sv-SE\"},{\"@type\":\"Organization\",\"@id\":\"https:\\\/\\\/bithabit.me\\\/#organization\",\"name\":\"BitHabit\",\"url\":\"https:\\\/\\\/bithabit.me\\\/\",\"logo\":{\"@type\":\"ImageObject\",\"inLanguage\":\"sv-SE\",\"@id\":\"https:\\\/\\\/bithabit.me\\\/#\\\/schema\\\/logo\\\/image\\\/\",\"url\":\"https:\\\/\\\/bithabit.me\\\/wp-content\\\/uploads\\\/2024\\\/03\\\/bithabit-logo-vaaka-1.svg\",\"contentUrl\":\"https:\\\/\\\/bithabit.me\\\/wp-content\\\/uploads\\\/2024\\\/03\\\/bithabit-logo-vaaka-1.svg\",\"width\":180,\"height\":38,\"caption\":\"BitHabit\"},\"image\":{\"@id\":\"https:\\\/\\\/bithabit.me\\\/#\\\/schema\\\/logo\\\/image\\\/\"}}]}<\/script>\n<!-- \/ Yoast SEO plugin. -->","yoast_head_json":{"title":"Integritetspolicy - BitHabit","robots":{"index":"index","follow":"follow","max-snippet":"max-snippet:-1","max-image-preview":"max-image-preview:large","max-video-preview":"max-video-preview:-1"},"canonical":"https:\/\/bithabit.me\/sv\/integritetspolicy\/","og_locale":"sv_SE","og_type":"article","og_title":"Integritetspolicy - BitHabit","og_description":"Integritetspolicy &#8211; BitHabit Senast uppdaterad: 2.4.2024 Syftet med detta dokument \u00e4r att informera dig om den behandling och insamling av personuppgifter som Wellpro Impact Solutions Oy, organisationsnummer 3227015-2, (nedan kallat &#8221;Bolaget&#8221;) g\u00f6r i samband med BitHabit-tj\u00e4nsten (nedan kallad &#8221;Tj\u00e4nsten&#8221;) som Bolaget driver. Med personuppgifter avses all information som g\u00f6r det m\u00f6jligt att identifiera en enskild [&hellip;]","og_url":"https:\/\/bithabit.me\/sv\/integritetspolicy\/","og_site_name":"BitHabit","article_modified_time":"2026-01-05T09:12:33+00:00","twitter_card":"summary_large_image","twitter_misc":{"Ber\u00e4knad l\u00e4stid":"9 minuter"},"schema":{"@context":"https:\/\/schema.org","@graph":[{"@type":"WebPage","@id":"https:\/\/bithabit.me\/sv\/integritetspolicy\/","url":"https:\/\/bithabit.me\/sv\/integritetspolicy\/","name":"Integritetspolicy - BitHabit","isPartOf":{"@id":"https:\/\/bithabit.me\/#website"},"datePublished":"2024-03-13T09:35:18+00:00","dateModified":"2026-01-05T09:12:33+00:00","breadcrumb":{"@id":"https:\/\/bithabit.me\/sv\/integritetspolicy\/#breadcrumb"},"inLanguage":"sv-SE","potentialAction":[{"@type":"ReadAction","target":["https:\/\/bithabit.me\/sv\/integritetspolicy\/"]}]},{"@type":"BreadcrumbList","@id":"https:\/\/bithabit.me\/sv\/integritetspolicy\/#breadcrumb","itemListElement":[{"@type":"ListItem","position":1,"name":"Startsida","item":"https:\/\/bithabit.me\/sv\/bithabit\/"},{"@type":"ListItem","position":2,"name":"Integritetspolicy"}]},{"@type":"WebSite","@id":"https:\/\/bithabit.me\/#website","url":"https:\/\/bithabit.me\/","name":"BitHabit","description":"","publisher":{"@id":"https:\/\/bithabit.me\/#organization"},"potentialAction":[{"@type":"SearchAction","target":{"@type":"EntryPoint","urlTemplate":"https:\/\/bithabit.me\/?s={search_term_string}"},"query-input":{"@type":"PropertyValueSpecification","valueRequired":true,"valueName":"search_term_string"}}],"inLanguage":"sv-SE"},{"@type":"Organization","@id":"https:\/\/bithabit.me\/#organization","name":"BitHabit","url":"https:\/\/bithabit.me\/","logo":{"@type":"ImageObject","inLanguage":"sv-SE","@id":"https:\/\/bithabit.me\/#\/schema\/logo\/image\/","url":"https:\/\/bithabit.me\/wp-content\/uploads\/2024\/03\/bithabit-logo-vaaka-1.svg","contentUrl":"https:\/\/bithabit.me\/wp-content\/uploads\/2024\/03\/bithabit-logo-vaaka-1.svg","width":180,"height":38,"caption":"BitHabit"},"image":{"@id":"https:\/\/bithabit.me\/#\/schema\/logo\/image\/"}}]}},"_links":{"self":[{"href":"https:\/\/bithabit.me\/sv\/wp-json\/wp\/v2\/pages\/4965","targetHints":{"allow":["GET"]}}],"collection":[{"href":"https:\/\/bithabit.me\/sv\/wp-json\/wp\/v2\/pages"}],"about":[{"href":"https:\/\/bithabit.me\/sv\/wp-json\/wp\/v2\/types\/page"}],"author":[{"embeddable":true,"href":"https:\/\/bithabit.me\/sv\/wp-json\/wp\/v2\/users\/1"}],"replies":[{"embeddable":true,"href":"https:\/\/bithabit.me\/sv\/wp-json\/wp\/v2\/comments?post=4965"}],"version-history":[{"count":1,"href":"https:\/\/bithabit.me\/sv\/wp-json\/wp\/v2\/pages\/4965\/revisions"}],"predecessor-version":[{"id":4966,"href":"https:\/\/bithabit.me\/sv\/wp-json\/wp\/v2\/pages\/4965\/revisions\/4966"}],"wp:attachment":[{"href":"https:\/\/bithabit.me\/sv\/wp-json\/wp\/v2\/media?parent=4965"}],"curies":[{"name":"wp","href":"https:\/\/api.w.org\/{rel}","templated":true}]}}