{"id":4967,"date":"2024-03-28T16:32:29","date_gmt":"2024-03-28T14:32:29","guid":{"rendered":"https:\/\/bithabit.me\/valbefinnande-i-sinnet\/"},"modified":"2026-01-05T11:12:33","modified_gmt":"2026-01-05T09:12:33","slug":"valbefinnande-i-sinnet","status":"publish","type":"page","link":"https:\/\/bithabit.me\/sv\/valbefinnande-i-sinnet\/","title":{"rendered":"V\u00e4lbefinnande i sinnet"},"content":{"rendered":"\t\t<div data-elementor-type=\"wp-page\" data-elementor-id=\"4967\" class=\"elementor elementor-4967 elementor-1476\" data-elementor-post-type=\"page\">\n\t\t\t\t<div class=\"elementor-element elementor-element-d45d860 e-con-full e-flex e-con e-child\" data-id=\"d45d860\" data-element_type=\"container\" data-e-type=\"container\" data-settings=\"{&quot;background_background&quot;:&quot;classic&quot;}\">\n\t\t<div class=\"elementor-element elementor-element-43952bd e-flex e-con-boxed e-con e-child\" data-id=\"43952bd\" data-element_type=\"container\" data-e-type=\"container\" data-settings=\"{&quot;background_background&quot;:&quot;classic&quot;}\">\n\t\t\t\t\t<div class=\"e-con-inner\">\n\t\t\t\t<div class=\"elementor-element elementor-element-9bd8401 elementor-widget elementor-widget-heading\" data-id=\"9bd8401\" data-element_type=\"widget\" data-e-type=\"widget\" data-widget_type=\"heading.default\">\n\t\t\t\t<div class=\"elementor-widget-container\">\n\t\t\t\t\t<h2 class=\"elementor-heading-title elementor-size-default\">Ett meningsfullt liv<\/h2>\t\t\t\t<\/div>\n\t\t\t\t<\/div>\n\t\t\t\t<div class=\"elementor-element elementor-element-7aeeb34 elementor-widget elementor-widget-text-editor\" data-id=\"7aeeb34\" data-element_type=\"widget\" data-e-type=\"widget\" data-widget_type=\"text-editor.default\">\n\t\t\t\t<div class=\"elementor-widget-container\">\n\t\t\t\t\t\t\t\t\t<p>Psykiskt v\u00e4lbefinnande \u00e4r en del av v\u00e5rt allm\u00e4nna v\u00e4lbefinnande under hela livet.  <\/p>\t\t\t\t\t\t\t\t<\/div>\n\t\t\t\t<\/div>\n\t\t\t\t\t<\/div>\n\t\t\t\t<\/div>\n\t\t<div class=\"elementor-element elementor-element-d801bda e-flex e-con-boxed e-con e-child\" data-id=\"d801bda\" data-element_type=\"container\" data-e-type=\"container\" data-settings=\"{&quot;background_background&quot;:&quot;classic&quot;}\">\n\t\t\t\t\t<div class=\"e-con-inner\">\n\t\t\t\t\t<\/div>\n\t\t\t\t<\/div>\n\t\t\t\t<\/div>\n\t\t<div class=\"elementor-element elementor-element-d72f0c0 e-flex e-con-boxed e-con e-parent\" data-id=\"d72f0c0\" data-element_type=\"container\" data-e-type=\"container\" data-settings=\"{&quot;background_background&quot;:&quot;classic&quot;}\">\n\t\t\t\t\t<div class=\"e-con-inner\">\n\t\t\t\t<div class=\"elementor-element elementor-element-729041a elementor-widget elementor-widget-heading\" data-id=\"729041a\" data-element_type=\"widget\" data-e-type=\"widget\" data-widget_type=\"heading.default\">\n\t\t\t\t<div class=\"elementor-widget-container\">\n\t\t\t\t\t<h2 class=\"elementor-heading-title elementor-size-default\">V\u00e4lbefinnande i sinnet<\/h2>\t\t\t\t<\/div>\n\t\t\t\t<\/div>\n\t\t\t\t<div class=\"elementor-element elementor-element-3e5928d elementor-widget elementor-widget-text-editor\" data-id=\"3e5928d\" data-element_type=\"widget\" data-e-type=\"widget\" data-widget_type=\"text-editor.default\">\n\t\t\t\t<div class=\"elementor-widget-container\">\n\t\t\t\t\t\t\t\t\t<p><span style=\"font-weight: 400;\">Psykiskt v\u00e4lbefinnande innefattar f\u00f6rm\u00e5gan att hantera motg\u00e5ngar, m\u00f6jligheter att p\u00e5verka sitt eget liv, f\u00f6rm\u00e5gan att k\u00e4nna hopp och kontroll \u00f6ver sitt liv, att uppr\u00e4tth\u00e5lla tillfredsst\u00e4llande sociala relationer och att ha en positiv uppfattning om sig sj\u00e4lv och sin potential. Psykiskt v\u00e4lbefinnande inneb\u00e4r dock inte att livet \u00e4r fritt fr\u00e5n \u00e5ngest, k\u00e4nslor av otillr\u00e4cklighet och melankoli. F\u00f6rm\u00e5gan att hantera sv\u00e5ra k\u00e4nslor och motg\u00e5ngar med motst\u00e5ndskraft \u00e4r ocks\u00e5 en del av v\u00e4lbefinnandet. Precis som att ta hand om sin kropp \u00e4r det m\u00f6jligt att ta hand om sitt sinne och st\u00e4rka sina egna resurser genom sm\u00e5 val i vardagen.   <\/span><\/p><p><span style=\"font-weight: 400;\">BitHabit-enk\u00e4ten inneh\u00e5ller fr\u00e5gor om vardagen fr\u00e5n olika omr\u00e5den i livet. Fr\u00e5gorna g\u00e4ller s\u00e5dant som man vet har samband med psykiskt v\u00e4lbefinnande och allm\u00e4nt v\u00e4lbefinnande. Enk\u00e4ten hj\u00e4lper dig att f\u00e4sta uppm\u00e4rksamhet vid de fr\u00e5gor som \u00e4r viktiga f\u00f6r ditt psykiska v\u00e4lbefinnande.  <\/span><\/p>\t\t\t\t\t\t\t\t<\/div>\n\t\t\t\t<\/div>\n\t\t\t\t<div class=\"elementor-element elementor-element-0013d7e elementor-align-left elementor-widget elementor-widget-button\" data-id=\"0013d7e\" data-element_type=\"widget\" data-e-type=\"widget\" data-widget_type=\"button.default\">\n\t\t\t\t<div class=\"elementor-widget-container\">\n\t\t\t\t\t\t\t\t\t<div class=\"elementor-button-wrapper\">\n\t\t\t\t\t<a class=\"elementor-button elementor-button-link elementor-size-sm\" href=\"https:\/\/q.bithabit.me\/fi\/#\/form-anon\/HEsUKx4udUHDHbUKaqqWL\" target=\"_blank\">\n\t\t\t\t\t\t<span class=\"elementor-button-content-wrapper\">\n\t\t\t\t\t\t\t\t\t<span class=\"elementor-button-text\">G\u00f6r en gratis unders\u00f6kning<\/span>\n\t\t\t\t\t<\/span>\n\t\t\t\t\t<\/a>\n\t\t\t\t<\/div>\n\t\t\t\t\t\t\t\t<\/div>\n\t\t\t\t<\/div>\n\t\t\t\t\t<\/div>\n\t\t\t\t<\/div>\n\t\t<div class=\"elementor-element elementor-element-57f9263 e-con-full e-flex e-con e-child\" data-id=\"57f9263\" data-element_type=\"container\" data-e-type=\"container\" data-settings=\"{&quot;background_background&quot;:&quot;classic&quot;}\">\n\t\t<div class=\"elementor-element elementor-element-5ffbe29 e-flex e-con-boxed e-con e-child\" data-id=\"5ffbe29\" data-element_type=\"container\" data-e-type=\"container\" data-settings=\"{&quot;background_background&quot;:&quot;classic&quot;}\">\n\t\t\t\t\t<div class=\"e-con-inner\">\n\t\t\t\t<div class=\"elementor-element elementor-element-976fbd3 elementor-widget elementor-widget-global elementor-global-2056 elementor-widget-image\" data-id=\"976fbd3\" data-element_type=\"widget\" data-e-type=\"widget\" data-widget_type=\"image.default\">\n\t\t\t\t<div class=\"elementor-widget-container\">\n\t\t\t\t\t\t\t\t\t\t\t\t\t\t\t<img decoding=\"async\" src=\"https:\/\/bithabit.me\/wp-content\/uploads\/elementor\/thumbs\/bithabit-b-ota-tavaksi-hyva-elama-qmcoq5xahyxbiy42m74tgpgiacguj3v2nyh2fhurja.png\" title=\"bithabit-b-ota-tavaksi-hyva-elama\" alt=\"BitHabit- Ota tavaksi hyv\u00e4 el\u00e4m\u00e4\" loading=\"lazy\" \/>\t\t\t\t\t\t\t\t\t\t\t\t\t\t\t<\/div>\n\t\t\t\t<\/div>\n\t\t\t\t<div class=\"elementor-element elementor-element-bccf336 elementor-widget elementor-widget-global elementor-global-2205 elementor-widget-heading\" data-id=\"bccf336\" data-element_type=\"widget\" data-e-type=\"widget\" data-widget_type=\"heading.default\">\n\t\t\t\t<div class=\"elementor-widget-container\">\n\t\t\t\t\t<h2 class=\"elementor-heading-title elementor-size-default\">Ota BitHabit<br \/>\nk\u00e4ytt\u00f6\u00f6si jo t\u00e4n\u00e4\u00e4n!<\/h2>\t\t\t\t<\/div>\n\t\t\t\t<\/div>\n\t\t\t\t<div class=\"elementor-element elementor-element-e354ba7 elementor-widget elementor-widget-global elementor-global-2046 elementor-widget-text-editor\" data-id=\"e354ba7\" data-element_type=\"widget\" data-e-type=\"widget\" data-widget_type=\"text-editor.default\">\n\t\t\t\t<div class=\"elementor-widget-container\">\n\t\t\t\t\t\t\t\t\t<p>Bithabit on tieteellisesti validoitu aktivointiohjelma.<br \/>Voit kokeilla ohjelmaa maksutta 30 p\u00e4iv\u00e4n ajan ja perua tilauksesi milloin vain.<\/p>\t\t\t\t\t\t\t\t<\/div>\n\t\t\t\t<\/div>\n\t\t\t\t\t<\/div>\n\t\t\t\t<\/div>\n\t\t<div class=\"elementor-element elementor-element-4ef74bc e-flex e-con-boxed e-con e-child\" data-id=\"4ef74bc\" data-element_type=\"container\" data-e-type=\"container\" data-settings=\"{&quot;background_background&quot;:&quot;classic&quot;}\">\n\t\t\t\t\t<div class=\"e-con-inner\">\n\t\t\t\t<div class=\"elementor-element elementor-element-ddcf119 elementor-widget elementor-widget-global elementor-global-2202 elementor-widget-heading\" data-id=\"ddcf119\" data-element_type=\"widget\" data-e-type=\"widget\" data-widget_type=\"heading.default\">\n\t\t\t\t<div class=\"elementor-widget-container\">\n\t\t\t\t\t<h3 class=\"elementor-heading-title elementor-size-default\">Kokeile ilmaiseksi 30 p\u00e4iv\u00e4\u00e4.<\/h3>\t\t\t\t<\/div>\n\t\t\t\t<\/div>\n\t\t\t\t<div class=\"elementor-element elementor-element-7354f7b elementor-widget elementor-widget-global elementor-global-2053 elementor-widget-text-editor\" data-id=\"7354f7b\" data-element_type=\"widget\" data-e-type=\"widget\" data-widget_type=\"text-editor.default\">\n\t\t\t\t<div class=\"elementor-widget-container\">\n\t\t\t\t\t\t\t\t\t<p>Kokeilujakson j\u00e4lkeen voit jatkaa tilaustasi hintaan 9.99 \u20ac\/kk.<\/p>\t\t\t\t\t\t\t\t<\/div>\n\t\t\t\t<\/div>\n\t\t\t\t<div class=\"elementor-element elementor-element-5df9879 elementor-align-center elementor-widget elementor-widget-global elementor-global-1266 elementor-widget-button\" data-id=\"5df9879\" data-element_type=\"widget\" data-e-type=\"widget\" data-widget_type=\"button.default\">\n\t\t\t\t<div class=\"elementor-widget-container\">\n\t\t\t\t\t\t\t\t\t<div class=\"elementor-button-wrapper\">\n\t\t\t\t\t<a class=\"elementor-button elementor-button-link elementor-size-sm\" href=\"https:\/\/bithabit.me\/bithabit-aloitus\/\" target=\"_blank\">\n\t\t\t\t\t\t<span class=\"elementor-button-content-wrapper\">\n\t\t\t\t\t\t\t\t\t<span class=\"elementor-button-text\">Lataa appi<\/span>\n\t\t\t\t\t<\/span>\n\t\t\t\t\t<\/a>\n\t\t\t\t<\/div>\n\t\t\t\t\t\t\t\t<\/div>\n\t\t\t\t<\/div>\n\t\t\t\t\t<\/div>\n\t\t\t\t<\/div>\n\t\t\t\t<\/div>\n\t\t\t\t<\/div>\n\t\t","protected":false},"excerpt":{"rendered":"<p>Ett meningsfullt liv Psykiskt v\u00e4lbefinnande \u00e4r en del av v\u00e5rt allm\u00e4nna v\u00e4lbefinnande under hela livet. V\u00e4lbefinnande i sinnet Psykiskt v\u00e4lbefinnande innefattar f\u00f6rm\u00e5gan att hantera motg\u00e5ngar, m\u00f6jligheter att p\u00e5verka sitt eget liv, f\u00f6rm\u00e5gan att k\u00e4nna hopp och kontroll \u00f6ver sitt liv, att uppr\u00e4tth\u00e5lla tillfredsst\u00e4llande sociala relationer och att ha en positiv uppfattning om sig sj\u00e4lv och [&hellip;]<\/p>\n","protected":false},"author":1,"featured_media":0,"parent":0,"menu_order":2,"comment_status":"closed","ping_status":"closed","template":"","meta":{"footnotes":""},"class_list":["post-4967","page","type-page","status-publish","hentry"],"yoast_head":"<!-- This site is optimized with the Yoast SEO plugin v27.5 - https:\/\/yoast.com\/product\/yoast-seo-wordpress\/ -->\n<title>V\u00e4lbefinnande i sinnet - BitHabit<\/title>\n<meta name=\"robots\" content=\"index, follow, max-snippet:-1, max-image-preview:large, max-video-preview:-1\" \/>\n<link rel=\"canonical\" href=\"https:\/\/bithabit.me\/sv\/valbefinnande-i-sinnet\/\" \/>\n<meta property=\"og:locale\" content=\"sv_SE\" \/>\n<meta property=\"og:type\" content=\"article\" \/>\n<meta property=\"og:title\" content=\"BitHabit - Sm\u00e5 vanor g\u00f6r stora vanor.\" \/>\n<meta property=\"og:description\" content=\"Psykiskt v\u00e4lbefinnande \u00e4r en del av v\u00e5rt \u00f6vergripande v\u00e4lbefinnande under hela livet. G\u00f6r v\u00e5r kostnadsfria v\u00e4lbefinnandeunders\u00f6kning och h\u00e4mta BitHabit-appen!\" \/>\n<meta property=\"og:url\" content=\"https:\/\/bithabit.me\/sv\/valbefinnande-i-sinnet\/\" \/>\n<meta property=\"og:site_name\" content=\"BitHabit\" \/>\n<meta property=\"article:modified_time\" content=\"2026-01-05T09:12:33+00:00\" \/>\n<meta property=\"og:image\" content=\"https:\/\/bithabit.me\/wp-content\/uploads\/2024\/04\/man-and-woman-looking-at-phone-1024x683.jpg\" \/>\n<meta name=\"twitter:card\" content=\"summary_large_image\" \/>\n<meta name=\"twitter:label1\" content=\"Ber\u00e4knad l\u00e4stid\" \/>\n\t<meta name=\"twitter:data1\" content=\"1 minut\" \/>\n<script type=\"application\/ld+json\" class=\"yoast-schema-graph\">{\"@context\":\"https:\\\/\\\/schema.org\",\"@graph\":[{\"@type\":\"WebPage\",\"@id\":\"https:\\\/\\\/bithabit.me\\\/sv\\\/valbefinnande-i-sinnet\\\/\",\"url\":\"https:\\\/\\\/bithabit.me\\\/sv\\\/valbefinnande-i-sinnet\\\/\",\"name\":\"V\u00e4lbefinnande i sinnet - BitHabit\",\"isPartOf\":{\"@id\":\"https:\\\/\\\/bithabit.me\\\/#website\"},\"primaryImageOfPage\":{\"@id\":\"https:\\\/\\\/bithabit.me\\\/sv\\\/valbefinnande-i-sinnet\\\/#primaryimage\"},\"image\":{\"@id\":\"https:\\\/\\\/bithabit.me\\\/sv\\\/valbefinnande-i-sinnet\\\/#primaryimage\"},\"thumbnailUrl\":\"https:\\\/\\\/bithabit.me\\\/wp-content\\\/uploads\\\/elementor\\\/thumbs\\\/bithabit-b-ota-tavaksi-hyva-elama-qmcoq5xahyxbiy42m74tgpgiacguj3v2nyh2fhurja.png\",\"datePublished\":\"2024-03-28T14:32:29+00:00\",\"dateModified\":\"2026-01-05T09:12:33+00:00\",\"breadcrumb\":{\"@id\":\"https:\\\/\\\/bithabit.me\\\/sv\\\/valbefinnande-i-sinnet\\\/#breadcrumb\"},\"inLanguage\":\"sv-SE\",\"potentialAction\":[{\"@type\":\"ReadAction\",\"target\":[\"https:\\\/\\\/bithabit.me\\\/sv\\\/valbefinnande-i-sinnet\\\/\"]}]},{\"@type\":\"ImageObject\",\"inLanguage\":\"sv-SE\",\"@id\":\"https:\\\/\\\/bithabit.me\\\/sv\\\/valbefinnande-i-sinnet\\\/#primaryimage\",\"url\":\"https:\\\/\\\/bithabit.me\\\/wp-content\\\/uploads\\\/elementor\\\/thumbs\\\/bithabit-b-ota-tavaksi-hyva-elama-qmcoq5xahyxbiy42m74tgpgiacguj3v2nyh2fhurja.png\",\"contentUrl\":\"https:\\\/\\\/bithabit.me\\\/wp-content\\\/uploads\\\/elementor\\\/thumbs\\\/bithabit-b-ota-tavaksi-hyva-elama-qmcoq5xahyxbiy42m74tgpgiacguj3v2nyh2fhurja.png\"},{\"@type\":\"BreadcrumbList\",\"@id\":\"https:\\\/\\\/bithabit.me\\\/sv\\\/valbefinnande-i-sinnet\\\/#breadcrumb\",\"itemListElement\":[{\"@type\":\"ListItem\",\"position\":1,\"name\":\"Startsida\",\"item\":\"https:\\\/\\\/bithabit.me\\\/sv\\\/bithabit\\\/\"},{\"@type\":\"ListItem\",\"position\":2,\"name\":\"V\u00e4lbefinnande i sinnet\"}]},{\"@type\":\"WebSite\",\"@id\":\"https:\\\/\\\/bithabit.me\\\/#website\",\"url\":\"https:\\\/\\\/bithabit.me\\\/\",\"name\":\"BitHabit\",\"description\":\"\",\"publisher\":{\"@id\":\"https:\\\/\\\/bithabit.me\\\/#organization\"},\"potentialAction\":[{\"@type\":\"SearchAction\",\"target\":{\"@type\":\"EntryPoint\",\"urlTemplate\":\"https:\\\/\\\/bithabit.me\\\/?s={search_term_string}\"},\"query-input\":{\"@type\":\"PropertyValueSpecification\",\"valueRequired\":true,\"valueName\":\"search_term_string\"}}],\"inLanguage\":\"sv-SE\"},{\"@type\":\"Organization\",\"@id\":\"https:\\\/\\\/bithabit.me\\\/#organization\",\"name\":\"BitHabit\",\"url\":\"https:\\\/\\\/bithabit.me\\\/\",\"logo\":{\"@type\":\"ImageObject\",\"inLanguage\":\"sv-SE\",\"@id\":\"https:\\\/\\\/bithabit.me\\\/#\\\/schema\\\/logo\\\/image\\\/\",\"url\":\"https:\\\/\\\/bithabit.me\\\/wp-content\\\/uploads\\\/2024\\\/03\\\/bithabit-logo-vaaka-1.svg\",\"contentUrl\":\"https:\\\/\\\/bithabit.me\\\/wp-content\\\/uploads\\\/2024\\\/03\\\/bithabit-logo-vaaka-1.svg\",\"width\":180,\"height\":38,\"caption\":\"BitHabit\"},\"image\":{\"@id\":\"https:\\\/\\\/bithabit.me\\\/#\\\/schema\\\/logo\\\/image\\\/\"}}]}<\/script>\n<!-- \/ Yoast SEO plugin. -->","yoast_head_json":{"title":"V\u00e4lbefinnande i sinnet - BitHabit","robots":{"index":"index","follow":"follow","max-snippet":"max-snippet:-1","max-image-preview":"max-image-preview:large","max-video-preview":"max-video-preview:-1"},"canonical":"https:\/\/bithabit.me\/sv\/valbefinnande-i-sinnet\/","og_locale":"sv_SE","og_type":"article","og_title":"BitHabit - Sm\u00e5 vanor g\u00f6r stora vanor.","og_description":"Psykiskt v\u00e4lbefinnande \u00e4r en del av v\u00e5rt \u00f6vergripande v\u00e4lbefinnande under hela livet. G\u00f6r v\u00e5r kostnadsfria v\u00e4lbefinnandeunders\u00f6kning och h\u00e4mta BitHabit-appen!","og_url":"https:\/\/bithabit.me\/sv\/valbefinnande-i-sinnet\/","og_site_name":"BitHabit","article_modified_time":"2026-01-05T09:12:33+00:00","og_image":[{"url":"https:\/\/bithabit.me\/wp-content\/uploads\/2024\/04\/man-and-woman-looking-at-phone-1024x683.jpg","type":"","width":"","height":""}],"twitter_card":"summary_large_image","twitter_misc":{"Ber\u00e4knad l\u00e4stid":"1 minut"},"schema":{"@context":"https:\/\/schema.org","@graph":[{"@type":"WebPage","@id":"https:\/\/bithabit.me\/sv\/valbefinnande-i-sinnet\/","url":"https:\/\/bithabit.me\/sv\/valbefinnande-i-sinnet\/","name":"V\u00e4lbefinnande i sinnet - BitHabit","isPartOf":{"@id":"https:\/\/bithabit.me\/#website"},"primaryImageOfPage":{"@id":"https:\/\/bithabit.me\/sv\/valbefinnande-i-sinnet\/#primaryimage"},"image":{"@id":"https:\/\/bithabit.me\/sv\/valbefinnande-i-sinnet\/#primaryimage"},"thumbnailUrl":"https:\/\/bithabit.me\/wp-content\/uploads\/elementor\/thumbs\/bithabit-b-ota-tavaksi-hyva-elama-qmcoq5xahyxbiy42m74tgpgiacguj3v2nyh2fhurja.png","datePublished":"2024-03-28T14:32:29+00:00","dateModified":"2026-01-05T09:12:33+00:00","breadcrumb":{"@id":"https:\/\/bithabit.me\/sv\/valbefinnande-i-sinnet\/#breadcrumb"},"inLanguage":"sv-SE","potentialAction":[{"@type":"ReadAction","target":["https:\/\/bithabit.me\/sv\/valbefinnande-i-sinnet\/"]}]},{"@type":"ImageObject","inLanguage":"sv-SE","@id":"https:\/\/bithabit.me\/sv\/valbefinnande-i-sinnet\/#primaryimage","url":"https:\/\/bithabit.me\/wp-content\/uploads\/elementor\/thumbs\/bithabit-b-ota-tavaksi-hyva-elama-qmcoq5xahyxbiy42m74tgpgiacguj3v2nyh2fhurja.png","contentUrl":"https:\/\/bithabit.me\/wp-content\/uploads\/elementor\/thumbs\/bithabit-b-ota-tavaksi-hyva-elama-qmcoq5xahyxbiy42m74tgpgiacguj3v2nyh2fhurja.png"},{"@type":"BreadcrumbList","@id":"https:\/\/bithabit.me\/sv\/valbefinnande-i-sinnet\/#breadcrumb","itemListElement":[{"@type":"ListItem","position":1,"name":"Startsida","item":"https:\/\/bithabit.me\/sv\/bithabit\/"},{"@type":"ListItem","position":2,"name":"V\u00e4lbefinnande i sinnet"}]},{"@type":"WebSite","@id":"https:\/\/bithabit.me\/#website","url":"https:\/\/bithabit.me\/","name":"BitHabit","description":"","publisher":{"@id":"https:\/\/bithabit.me\/#organization"},"potentialAction":[{"@type":"SearchAction","target":{"@type":"EntryPoint","urlTemplate":"https:\/\/bithabit.me\/?s={search_term_string}"},"query-input":{"@type":"PropertyValueSpecification","valueRequired":true,"valueName":"search_term_string"}}],"inLanguage":"sv-SE"},{"@type":"Organization","@id":"https:\/\/bithabit.me\/#organization","name":"BitHabit","url":"https:\/\/bithabit.me\/","logo":{"@type":"ImageObject","inLanguage":"sv-SE","@id":"https:\/\/bithabit.me\/#\/schema\/logo\/image\/","url":"https:\/\/bithabit.me\/wp-content\/uploads\/2024\/03\/bithabit-logo-vaaka-1.svg","contentUrl":"https:\/\/bithabit.me\/wp-content\/uploads\/2024\/03\/bithabit-logo-vaaka-1.svg","width":180,"height":38,"caption":"BitHabit"},"image":{"@id":"https:\/\/bithabit.me\/#\/schema\/logo\/image\/"}}]}},"_links":{"self":[{"href":"https:\/\/bithabit.me\/sv\/wp-json\/wp\/v2\/pages\/4967","targetHints":{"allow":["GET"]}}],"collection":[{"href":"https:\/\/bithabit.me\/sv\/wp-json\/wp\/v2\/pages"}],"about":[{"href":"https:\/\/bithabit.me\/sv\/wp-json\/wp\/v2\/types\/page"}],"author":[{"embeddable":true,"href":"https:\/\/bithabit.me\/sv\/wp-json\/wp\/v2\/users\/1"}],"replies":[{"embeddable":true,"href":"https:\/\/bithabit.me\/sv\/wp-json\/wp\/v2\/comments?post=4967"}],"version-history":[{"count":1,"href":"https:\/\/bithabit.me\/sv\/wp-json\/wp\/v2\/pages\/4967\/revisions"}],"predecessor-version":[{"id":4968,"href":"https:\/\/bithabit.me\/sv\/wp-json\/wp\/v2\/pages\/4967\/revisions\/4968"}],"wp:attachment":[{"href":"https:\/\/bithabit.me\/sv\/wp-json\/wp\/v2\/media?parent=4967"}],"curies":[{"name":"wp","href":"https:\/\/api.w.org\/{rel}","templated":true}]}}