{"id":4969,"date":"2024-04-09T07:22:14","date_gmt":"2024-04-09T04:22:14","guid":{"rendered":"https:\/\/bithabit.me\/villkor-for-anvandning\/"},"modified":"2026-01-05T11:12:33","modified_gmt":"2026-01-05T09:12:33","slug":"villkor-for-anvandning","status":"publish","type":"page","link":"https:\/\/bithabit.me\/sv\/villkor-for-anvandning\/","title":{"rendered":"Villkor f\u00f6r anv\u00e4ndning"},"content":{"rendered":"\t\t<div data-elementor-type=\"wp-page\" data-elementor-id=\"4969\" class=\"elementor elementor-4969 elementor-2116\" data-elementor-post-type=\"page\">\n\t\t\t\t<div class=\"elementor-element elementor-element-574b480 e-flex e-con-boxed e-con e-parent\" data-id=\"574b480\" data-element_type=\"container\" data-e-type=\"container\">\n\t\t\t\t\t<div class=\"e-con-inner\">\n\t\t\t\t<div class=\"elementor-element elementor-element-17ef38b elementor-widget elementor-widget-heading\" data-id=\"17ef38b\" data-element_type=\"widget\" data-e-type=\"widget\" data-widget_type=\"heading.default\">\n\t\t\t\t<div class=\"elementor-widget-container\">\n\t\t\t\t\t<h2 class=\"elementor-heading-title elementor-size-default\">BitHabit - Anv\u00e4ndarvillkor 2.4.2024<\/h2>\t\t\t\t<\/div>\n\t\t\t\t<\/div>\n\t\t\t\t<div class=\"elementor-element elementor-element-e17ef3c elementor-widget elementor-widget-heading\" data-id=\"e17ef3c\" data-element_type=\"widget\" data-e-type=\"widget\" data-widget_type=\"heading.default\">\n\t\t\t\t<div class=\"elementor-widget-container\">\n\t\t\t\t\t<h3 class=\"elementor-heading-title elementor-size-default\">1. Beskrivning av och syfte med tj\u00e4nsten<\/h3>\t\t\t\t<\/div>\n\t\t\t\t<\/div>\n\t\t\t\t<div class=\"elementor-element elementor-element-eaa1a94 elementor-widget elementor-widget-text-editor\" data-id=\"eaa1a94\" data-element_type=\"widget\" data-e-type=\"widget\" data-widget_type=\"text-editor.default\">\n\t\t\t\t<div class=\"elementor-widget-container\">\n\t\t\t\t\t\t\t\t\t<p>BitHabit \u00e4r en tj\u00e4nst som inneh\u00e5ller sm\u00e5 \u00e5tg\u00e4rder som \u00e4r relaterade till h\u00e4lsosam vanebildning och l\u00e5ter dig v\u00e4lja och sp\u00e5ra dem p\u00e5 BitHabit-tj\u00e4nsten (&#8221;Tj\u00e4nsten&#8221;). Tj\u00e4nsten skickar p\u00e5minnelser till anv\u00e4ndaren om de sm\u00e5 \u00e5tg\u00e4rder som anv\u00e4ndaren har valt och markerat (nedan kallad &#8221;anv\u00e4ndaren&#8221;). <\/p><p>Tj\u00e4nsten anv\u00e4nder ett vetenskapligt utvecklat fr\u00e5geformul\u00e4r f\u00f6r att bed\u00f6ma hur anv\u00e4ndarens livsstil p\u00e5verkar v\u00e4lbefinnandet. Tj\u00e4nsten skickar feedback till anv\u00e4ndaren baserat p\u00e5 dennes svar och g\u00f6r det m\u00f6jligt f\u00f6r anv\u00e4ndaren att f\u00f6lja sina framsteg genom att aktivera tj\u00e4nsten. <\/p><p>Tj\u00e4nsten drivs av Wellpro Impact Solutions Oy, Kauppakatu 39, 40100 Jyv\u00e4skyl\u00e4<br>(nedan &#8221;Wellpro&#8221;).<\/p><p>De meddelanden som skickas av Tj\u00e4nsten \u00e4r endast avsedda f\u00f6r informations\u00e4ndam\u00e5l och \u00e4r inte avsedda som en medicinteknisk produkt. Tj\u00e4nsten varken omfattar eller ers\u00e4tter medicinsk eller h\u00e4lsor\u00e5dgivning eller tj\u00e4nster,<br>s\u00e5som unders\u00f6kningar f\u00f6r att fastst\u00e4lla h\u00e4lsotillst\u00e5nd eller sjukdom eller f\u00f6r att fastst\u00e4lla behandling, terapeutiska ingrepp eller andra medicinska eller terapeutiska tj\u00e4nster. Tj\u00e4nsten \u00e4r inte avsedd f\u00f6r behandling av h\u00e4lsoinformation eller f\u00f6r diagnos eller behandling av sjukdom eller andra h\u00e4lsorisker. Vid s\u00e5dant behov m\u00e5ste kontakt tas med legitimerad sjukv\u00e5rdspersonal.   <\/p>\t\t\t\t\t\t\t\t<\/div>\n\t\t\t\t<\/div>\n\t\t\t\t<div class=\"elementor-element elementor-element-f42587b elementor-widget elementor-widget-heading\" data-id=\"f42587b\" data-element_type=\"widget\" data-e-type=\"widget\" data-widget_type=\"heading.default\">\n\t\t\t\t<div class=\"elementor-widget-container\">\n\t\t\t\t\t<h3 class=\"elementor-heading-title elementor-size-default\">2. Antagande av anv\u00e4ndarvillkoren<\/h3>\t\t\t\t<\/div>\n\t\t\t\t<\/div>\n\t\t\t\t<div class=\"elementor-element elementor-element-7d6663b elementor-widget elementor-widget-text-editor\" data-id=\"7d6663b\" data-element_type=\"widget\" data-e-type=\"widget\" data-widget_type=\"text-editor.default\">\n\t\t\t\t<div class=\"elementor-widget-container\">\n\t\t\t\t\t\t\t\t\t<p>Genom att registrera dig i Tj\u00e4nsten accepterar och samtycker du till att vara bunden av dessa Anv\u00e4ndarvillkor och bekr\u00e4ftar att du uppfyller de krav f\u00f6r anv\u00e4ndning av Tj\u00e4nsten som anges i avsnitt 3. Tj\u00e4nsten kan endast n\u00e5s med hj\u00e4lp av de identifierare som skapats under registreringen. <\/p>\t\t\t\t\t\t\t\t<\/div>\n\t\t\t\t<\/div>\n\t\t\t\t<div class=\"elementor-element elementor-element-9135e32 elementor-widget elementor-widget-heading\" data-id=\"9135e32\" data-element_type=\"widget\" data-e-type=\"widget\" data-widget_type=\"heading.default\">\n\t\t\t\t<div class=\"elementor-widget-container\">\n\t\t\t\t\t<h3 class=\"elementor-heading-title elementor-size-default\">3. Nyttjander\u00e4tt<\/h3>\t\t\t\t<\/div>\n\t\t\t\t<\/div>\n\t\t\t\t<div class=\"elementor-element elementor-element-8a6ca3d elementor-widget elementor-widget-text-editor\" data-id=\"8a6ca3d\" data-element_type=\"widget\" data-e-type=\"widget\" data-widget_type=\"text-editor.default\">\n\t\t\t\t<div class=\"elementor-widget-container\">\n\t\t\t\t\t\t\t\t\t<p>Du beviljas en icke-exklusiv, icke-\u00f6verf\u00f6rbar r\u00e4tt att anv\u00e4nda<br>f\u00f6r ditt eget icke-kommersiella och personliga bruk. Det \u00e4r f\u00f6rbjudet att anv\u00e4nda tj\u00e4nsten som en del av en juridisk enhet, som en egen tj\u00e4nst eller f\u00f6r kommersiella \u00e4ndam\u00e5l utan Wellpros skriftliga tillst\u00e5nd eller ett separat avtal. <\/p><p>Anv\u00e4ndaren ansvarar f\u00f6r kostnader och utgifter f\u00f6r terminalutrustning, data\u00f6verf\u00f6ring, telekommunikationsanslutningar och n\u00e4tverket samt f\u00f6r eventuella andra anv\u00e4ndningskostnader som anv\u00e4ndaren \u00e5drar sig.<\/p><p>Du f\u00e5r inte \u00f6verf\u00f6ra dina \u00e5tkomstr\u00e4ttigheter, ditt anv\u00e4ndarnamn eller l\u00f6senord till n\u00e5gon tredje part.<\/p><p>Du samtycker till att f\u00f6rvara och hantera ditt anv\u00e4ndarnamn och l\u00f6senord omsorgsfullt s\u00e5 att de inte avsl\u00f6jas f\u00f6r n\u00e5gon tredje part.<\/p><p>Tj\u00e4nsten, Tj\u00e4nstens utseende och det material som publiceras p\u00e5 Tj\u00e4nsten, s\u00e5som bilder och texter, skyddas av Wellpros, dess samarbetspartners eller tredje parts varum\u00e4rkes-, upphovsr\u00e4tts- och\/eller andra immateriella r\u00e4ttigheter. Ingen annan r\u00e4tt \u00e4n den r\u00e4tt att anv\u00e4nda Tj\u00e4nsten som f\u00f6ljer av dessa Anv\u00e4ndarvillkor tillkommer dessa. <\/p><p>I \u00f6vrigt \u00e4r tj\u00e4nstens informationsinneh\u00e5ll och instruktioner skyddade av immateriella r\u00e4ttigheter, inklusive internationella patentans\u00f6kningar och varum\u00e4rken.<\/p>\t\t\t\t\t\t\t\t<\/div>\n\t\t\t\t<\/div>\n\t\t\t\t<div class=\"elementor-element elementor-element-7e59351 elementor-widget elementor-widget-heading\" data-id=\"7e59351\" data-element_type=\"widget\" data-e-type=\"widget\" data-widget_type=\"heading.default\">\n\t\t\t\t<div class=\"elementor-widget-container\">\n\t\t\t\t\t<h3 class=\"elementor-heading-title elementor-size-default\">4. Anv\u00e4ndarens ansvar<\/h3>\t\t\t\t<\/div>\n\t\t\t\t<\/div>\n\t\t\t\t<div class=\"elementor-element elementor-element-0c17875 elementor-widget elementor-widget-text-editor\" data-id=\"0c17875\" data-element_type=\"widget\" data-e-type=\"widget\" data-widget_type=\"text-editor.default\">\n\t\t\t\t<div class=\"elementor-widget-container\">\n\t\t\t\t\t\t\t\t\t<p>Du samtycker till att anv\u00e4nda Tj\u00e4nsten i enlighet med dessa Anv\u00e4ndarvillkor, lag, myndighetsbest\u00e4mmelser och god sed.<\/p><p>Anv\u00e4ndaren \u00e4r ansvarig f\u00f6r skada som orsakas tj\u00e4nsteleverant\u00f6ren eller tredje part genom anv\u00e4ndning av tj\u00e4nsten i strid med dessa anv\u00e4ndarvillkor, lagstiftning, myndighetsf\u00f6reskrifter eller god sed.<\/p>\t\t\t\t\t\t\t\t<\/div>\n\t\t\t\t<\/div>\n\t\t\t\t<div class=\"elementor-element elementor-element-9659426 elementor-widget elementor-widget-heading\" data-id=\"9659426\" data-element_type=\"widget\" data-e-type=\"widget\" data-widget_type=\"heading.default\">\n\t\t\t\t<div class=\"elementor-widget-container\">\n\t\t\t\t\t<h3 class=\"elementor-heading-title elementor-size-default\">5. Tj\u00e4nsteleverant\u00f6rens ansvar<\/h3>\t\t\t\t<\/div>\n\t\t\t\t<\/div>\n\t\t\t\t<div class=\"elementor-element elementor-element-1c320bc elementor-widget elementor-widget-text-editor\" data-id=\"1c320bc\" data-element_type=\"widget\" data-e-type=\"widget\" data-widget_type=\"text-editor.default\">\n\t\t\t\t<div class=\"elementor-widget-container\">\n\t\t\t\t\t\t\t\t\t<p>Du anv\u00e4nder Tj\u00e4nsten och de instruktioner som finns d\u00e4ri helt p\u00e5 egen risk. Wellpro l\u00e4mnar inga garantier av n\u00e5got slag, vare sig uttryckliga eller underf\u00f6rst\u00e5dda, avseende Tj\u00e4nstens, instruktionernas eller informationens riktighet, tillf\u00f6rlitlighet, korrekthet, s\u00e4kerhet, aktualitet eller annat. Tj\u00e4nsten och de instruktioner och den information som finns d\u00e4ri tillhandah\u00e5lls &#8221;i befintligt skick&#8221; utan n\u00e5gon form av garanti.  <\/p><p>Wellpro ska inte h\u00e5llas ansvarigt f\u00f6r eventuella skador som uppst\u00e5r till f\u00f6ljd av anv\u00e4ndning eller of\u00f6rm\u00e5ga att anv\u00e4nda Tj\u00e4nsten. Wellpro ansvarar inte f\u00f6r f\u00f6ljdskador eller kostnader eller utgifter som anv\u00e4ndaren \u00e5drar sig i samband med anv\u00e4ndningen av Tj\u00e4nsten. <\/p>\t\t\t\t\t\t\t\t<\/div>\n\t\t\t\t<\/div>\n\t\t\t\t<div class=\"elementor-element elementor-element-1e2e14e elementor-widget elementor-widget-heading\" data-id=\"1e2e14e\" data-element_type=\"widget\" data-e-type=\"widget\" data-widget_type=\"heading.default\">\n\t\t\t\t<div class=\"elementor-widget-container\">\n\t\t\t\t\t<h3 class=\"elementor-heading-title elementor-size-default\">6. Behandling av personuppgifter och dataskydd<\/h3>\t\t\t\t<\/div>\n\t\t\t\t<\/div>\n\t\t\t\t<div class=\"elementor-element elementor-element-2e29df0 elementor-widget elementor-widget-text-editor\" data-id=\"2e29df0\" data-element_type=\"widget\" data-e-type=\"widget\" data-widget_type=\"text-editor.default\">\n\t\t\t\t<div class=\"elementor-widget-container\">\n\t\t\t\t\t\t\t\t\t<p>Tj\u00e4nstens behandling av personuppgifter beskrivs i Tj\u00e4nstens Integritetspolicy.<\/p><p>Om du deltar i en annan unders\u00f6kning \u00e4n den som redan beskrivits i integritetspolicyn, d\u00e4r tj\u00e4nsten anv\u00e4nds, kommer du att informeras separat om behandlingen av dina personuppgifter i unders\u00f6kningen. I detta fall kommer Wellpro att fungera som personuppgiftsbitr\u00e4de och forskaren som personuppgiftsansvarig. <\/p>\t\t\t\t\t\t\t\t<\/div>\n\t\t\t\t<\/div>\n\t\t\t\t<div class=\"elementor-element elementor-element-6267132 elementor-widget elementor-widget-heading\" data-id=\"6267132\" data-element_type=\"widget\" data-e-type=\"widget\" data-widget_type=\"heading.default\">\n\t\t\t\t<div class=\"elementor-widget-container\">\n\t\t\t\t\t<h3 class=\"elementor-heading-title elementor-size-default\">7. Om cookies<\/h3>\t\t\t\t<\/div>\n\t\t\t\t<\/div>\n\t\t\t\t<div class=\"elementor-element elementor-element-4a5a4a6 elementor-widget elementor-widget-text-editor\" data-id=\"4a5a4a6\" data-element_type=\"widget\" data-e-type=\"widget\" data-widget_type=\"text-editor.default\">\n\t\t\t\t<div class=\"elementor-widget-container\">\n\t\t\t\t\t\t\t\t\t<p>Wellpro samlar in information om anv\u00e4ndningen av tj\u00e4nsten. Cookies anv\u00e4nds p\u00e5 webbplatsen. Cookies g\u00f6r det l\u00e4ttare f\u00f6r anv\u00e4ndaren att anv\u00e4nda webbplatsen. Information samlas in om anv\u00e4ndarens terminalenhet och den webbl\u00e4sare som anv\u00e4nds. Uppgifterna anv\u00e4nds f\u00f6r analys, och externa analystj\u00e4nster anv\u00e4nds f\u00f6r att tolka uppgifterna. Uppgifterna kommer att anv\u00e4ndas f\u00f6r att identifiera t.ex. vilka delar av tj\u00e4nsten som anv\u00e4nds och vilka som inte anv\u00e4nds samt eventuella anv\u00e4ndar\u00f6verg\u00e5ngar mellan olika delar av tj\u00e4nsten, i syfte att f\u00f6rb\u00e4ttra anv\u00e4ndarupplevelsen.     <\/p>\t\t\t\t\t\t\t\t<\/div>\n\t\t\t\t<\/div>\n\t\t\t\t<div class=\"elementor-element elementor-element-2b96bb7 elementor-widget elementor-widget-heading\" data-id=\"2b96bb7\" data-element_type=\"widget\" data-e-type=\"widget\" data-widget_type=\"heading.default\">\n\t\t\t\t<div class=\"elementor-widget-container\">\n\t\t\t\t\t<h3 class=\"elementor-heading-title elementor-size-default\">8. \u00c4ndringar av anv\u00e4ndarvillkoren<\/h3>\t\t\t\t<\/div>\n\t\t\t\t<\/div>\n\t\t\t\t<div class=\"elementor-element elementor-element-37645cc elementor-widget elementor-widget-text-editor\" data-id=\"37645cc\" data-element_type=\"widget\" data-e-type=\"widget\" data-widget_type=\"text-editor.default\">\n\t\t\t\t<div class=\"elementor-widget-container\">\n\t\t\t\t\t\t\t\t\t<p>Wellprol f\u00f6rbeh\u00e5ller sig r\u00e4tten att ensidigt \u00e4ndra dessa Anv\u00e4ndarvillkor. \u00c4ndringar av Anv\u00e4ndarvillkoren tr\u00e4der i kraft n\u00e4r de publiceras p\u00e5 Tj\u00e4nsten. Varje \u00e4ndring av Anv\u00e4ndarvillkoren kommer att visas p\u00e5 ett framtr\u00e4dande s\u00e4tt p\u00e5 Tj\u00e4nsten under minst tv\u00e5 veckor. Om anv\u00e4ndaren inte accepterar \u00e4ndringen m\u00e5ste anv\u00e4ndaren sluta anv\u00e4nda tj\u00e4nsten.   <\/p><p>Wellpro kan komma att \u00e4ndra inneh\u00e5llet i Tj\u00e4nsten eller upph\u00f6ra med hela eller delar av Tj\u00e4nsten utan f\u00f6reg\u00e5ende meddelande.<\/p>\t\t\t\t\t\t\t\t<\/div>\n\t\t\t\t<\/div>\n\t\t\t\t<div class=\"elementor-element elementor-element-7fdc8f3 elementor-widget elementor-widget-heading\" data-id=\"7fdc8f3\" data-element_type=\"widget\" data-e-type=\"widget\" data-widget_type=\"heading.default\">\n\t\t\t\t<div class=\"elementor-widget-container\">\n\t\t\t\t\t<h3 class=\"elementor-heading-title elementor-size-default\">9. Avslutande av tilltr\u00e4de<\/h3>\t\t\t\t<\/div>\n\t\t\t\t<\/div>\n\t\t\t\t<div class=\"elementor-element elementor-element-fe69a0e elementor-widget elementor-widget-text-editor\" data-id=\"fe69a0e\" data-element_type=\"widget\" data-e-type=\"widget\" data-widget_type=\"text-editor.default\">\n\t\t\t\t<div class=\"elementor-widget-container\">\n\t\t\t\t\t\t\t\t\t<p>Wellpro kan ensidigt avsluta en anv\u00e4ndares \u00e5tkomst och radera anv\u00e4ndar-ID och de uppgifter som anv\u00e4ndaren har lagt in.<\/p><p>Du kan sluta anv\u00e4nda tj\u00e4nsten genom att skicka ett e-postmeddelande till<a href=\"mailto:info@wellpro.fi\"> info@wellpro.fi<\/a><\/p>\t\t\t\t\t\t\t\t<\/div>\n\t\t\t\t<\/div>\n\t\t\t\t<div class=\"elementor-element elementor-element-211e965 elementor-widget elementor-widget-heading\" data-id=\"211e965\" data-element_type=\"widget\" data-e-type=\"widget\" data-widget_type=\"heading.default\">\n\t\t\t\t<div class=\"elementor-widget-container\">\n\t\t\t\t\t<h3 class=\"elementor-heading-title elementor-size-default\">10. Jurisdiktion och till\u00e4mplig lag<\/h3>\t\t\t\t<\/div>\n\t\t\t\t<\/div>\n\t\t\t\t<div class=\"elementor-element elementor-element-5c57acf elementor-widget elementor-widget-text-editor\" data-id=\"5c57acf\" data-element_type=\"widget\" data-e-type=\"widget\" data-widget_type=\"text-editor.default\">\n\t\t\t\t<div class=\"elementor-widget-container\">\n\t\t\t\t\t\t\t\t\t<p>Eventuella tvister som g\u00e4ller tj\u00e4nsten avg\u00f6rs av Jyv\u00e4skyl\u00e4 tingsr\u00e4tt. P\u00e5 Tj\u00e4nsten och dessa Anv\u00e4ndarvillkor till\u00e4mpas finsk lag utan att dess best\u00e4mmelser om lagkonflikter till\u00e4mpas. <\/p>\t\t\t\t\t\t\t\t<\/div>\n\t\t\t\t<\/div>\n\t\t\t\t\t<\/div>\n\t\t\t\t<\/div>\n\t\t\t\t<\/div>\n\t\t","protected":false},"excerpt":{"rendered":"<p>BitHabit &#8211; Anv\u00e4ndarvillkor 2.4.2024 1. Beskrivning av och syfte med tj\u00e4nsten BitHabit \u00e4r en tj\u00e4nst som inneh\u00e5ller sm\u00e5 \u00e5tg\u00e4rder som \u00e4r relaterade till h\u00e4lsosam vanebildning och l\u00e5ter dig v\u00e4lja och sp\u00e5ra dem p\u00e5 BitHabit-tj\u00e4nsten (&#8221;Tj\u00e4nsten&#8221;). Tj\u00e4nsten skickar p\u00e5minnelser till anv\u00e4ndaren om de sm\u00e5 \u00e5tg\u00e4rder som anv\u00e4ndaren har valt och markerat (nedan kallad &#8221;anv\u00e4ndaren&#8221;). Tj\u00e4nsten anv\u00e4nder [&hellip;]<\/p>\n","protected":false},"author":1,"featured_media":0,"parent":0,"menu_order":0,"comment_status":"closed","ping_status":"closed","template":"","meta":{"footnotes":""},"class_list":["post-4969","page","type-page","status-publish","hentry"],"yoast_head":"<!-- This site is optimized with the Yoast SEO plugin v27.5 - https:\/\/yoast.com\/product\/yoast-seo-wordpress\/ -->\n<title>Villkor f\u00f6r anv\u00e4ndning - BitHabit<\/title>\n<meta name=\"robots\" content=\"index, follow, max-snippet:-1, max-image-preview:large, max-video-preview:-1\" \/>\n<link rel=\"canonical\" href=\"https:\/\/bithabit.me\/sv\/villkor-for-anvandning\/\" \/>\n<meta property=\"og:locale\" content=\"sv_SE\" \/>\n<meta property=\"og:type\" content=\"article\" \/>\n<meta property=\"og:title\" content=\"Villkor f\u00f6r anv\u00e4ndning - BitHabit\" \/>\n<meta property=\"og:description\" content=\"BitHabit &#8211; Anv\u00e4ndarvillkor 2.4.2024 1. Beskrivning av och syfte med tj\u00e4nsten BitHabit \u00e4r en tj\u00e4nst som inneh\u00e5ller sm\u00e5 \u00e5tg\u00e4rder som \u00e4r relaterade till h\u00e4lsosam vanebildning och l\u00e5ter dig v\u00e4lja och sp\u00e5ra dem p\u00e5 BitHabit-tj\u00e4nsten (&#8221;Tj\u00e4nsten&#8221;). Tj\u00e4nsten skickar p\u00e5minnelser till anv\u00e4ndaren om de sm\u00e5 \u00e5tg\u00e4rder som anv\u00e4ndaren har valt och markerat (nedan kallad &#8221;anv\u00e4ndaren&#8221;). Tj\u00e4nsten anv\u00e4nder [&hellip;]\" \/>\n<meta property=\"og:url\" content=\"https:\/\/bithabit.me\/sv\/villkor-for-anvandning\/\" \/>\n<meta property=\"og:site_name\" content=\"BitHabit\" \/>\n<meta property=\"article:modified_time\" content=\"2026-01-05T09:12:33+00:00\" \/>\n<meta name=\"twitter:card\" content=\"summary_large_image\" \/>\n<meta name=\"twitter:label1\" content=\"Ber\u00e4knad l\u00e4stid\" \/>\n\t<meta name=\"twitter:data1\" content=\"5 minuter\" \/>\n<script type=\"application\/ld+json\" class=\"yoast-schema-graph\">{\"@context\":\"https:\\\/\\\/schema.org\",\"@graph\":[{\"@type\":\"WebPage\",\"@id\":\"https:\\\/\\\/bithabit.me\\\/sv\\\/villkor-for-anvandning\\\/\",\"url\":\"https:\\\/\\\/bithabit.me\\\/sv\\\/villkor-for-anvandning\\\/\",\"name\":\"Villkor f\u00f6r anv\u00e4ndning - BitHabit\",\"isPartOf\":{\"@id\":\"https:\\\/\\\/bithabit.me\\\/#website\"},\"datePublished\":\"2024-04-09T04:22:14+00:00\",\"dateModified\":\"2026-01-05T09:12:33+00:00\",\"breadcrumb\":{\"@id\":\"https:\\\/\\\/bithabit.me\\\/sv\\\/villkor-for-anvandning\\\/#breadcrumb\"},\"inLanguage\":\"sv-SE\",\"potentialAction\":[{\"@type\":\"ReadAction\",\"target\":[\"https:\\\/\\\/bithabit.me\\\/sv\\\/villkor-for-anvandning\\\/\"]}]},{\"@type\":\"BreadcrumbList\",\"@id\":\"https:\\\/\\\/bithabit.me\\\/sv\\\/villkor-for-anvandning\\\/#breadcrumb\",\"itemListElement\":[{\"@type\":\"ListItem\",\"position\":1,\"name\":\"Startsida\",\"item\":\"https:\\\/\\\/bithabit.me\\\/sv\\\/bithabit\\\/\"},{\"@type\":\"ListItem\",\"position\":2,\"name\":\"Villkor f\u00f6r anv\u00e4ndning\"}]},{\"@type\":\"WebSite\",\"@id\":\"https:\\\/\\\/bithabit.me\\\/#website\",\"url\":\"https:\\\/\\\/bithabit.me\\\/\",\"name\":\"BitHabit\",\"description\":\"\",\"publisher\":{\"@id\":\"https:\\\/\\\/bithabit.me\\\/#organization\"},\"potentialAction\":[{\"@type\":\"SearchAction\",\"target\":{\"@type\":\"EntryPoint\",\"urlTemplate\":\"https:\\\/\\\/bithabit.me\\\/?s={search_term_string}\"},\"query-input\":{\"@type\":\"PropertyValueSpecification\",\"valueRequired\":true,\"valueName\":\"search_term_string\"}}],\"inLanguage\":\"sv-SE\"},{\"@type\":\"Organization\",\"@id\":\"https:\\\/\\\/bithabit.me\\\/#organization\",\"name\":\"BitHabit\",\"url\":\"https:\\\/\\\/bithabit.me\\\/\",\"logo\":{\"@type\":\"ImageObject\",\"inLanguage\":\"sv-SE\",\"@id\":\"https:\\\/\\\/bithabit.me\\\/#\\\/schema\\\/logo\\\/image\\\/\",\"url\":\"https:\\\/\\\/bithabit.me\\\/wp-content\\\/uploads\\\/2024\\\/03\\\/bithabit-logo-vaaka-1.svg\",\"contentUrl\":\"https:\\\/\\\/bithabit.me\\\/wp-content\\\/uploads\\\/2024\\\/03\\\/bithabit-logo-vaaka-1.svg\",\"width\":180,\"height\":38,\"caption\":\"BitHabit\"},\"image\":{\"@id\":\"https:\\\/\\\/bithabit.me\\\/#\\\/schema\\\/logo\\\/image\\\/\"}}]}<\/script>\n<!-- \/ Yoast SEO plugin. -->","yoast_head_json":{"title":"Villkor f\u00f6r anv\u00e4ndning - BitHabit","robots":{"index":"index","follow":"follow","max-snippet":"max-snippet:-1","max-image-preview":"max-image-preview:large","max-video-preview":"max-video-preview:-1"},"canonical":"https:\/\/bithabit.me\/sv\/villkor-for-anvandning\/","og_locale":"sv_SE","og_type":"article","og_title":"Villkor f\u00f6r anv\u00e4ndning - BitHabit","og_description":"BitHabit &#8211; Anv\u00e4ndarvillkor 2.4.2024 1. Beskrivning av och syfte med tj\u00e4nsten BitHabit \u00e4r en tj\u00e4nst som inneh\u00e5ller sm\u00e5 \u00e5tg\u00e4rder som \u00e4r relaterade till h\u00e4lsosam vanebildning och l\u00e5ter dig v\u00e4lja och sp\u00e5ra dem p\u00e5 BitHabit-tj\u00e4nsten (&#8221;Tj\u00e4nsten&#8221;). Tj\u00e4nsten skickar p\u00e5minnelser till anv\u00e4ndaren om de sm\u00e5 \u00e5tg\u00e4rder som anv\u00e4ndaren har valt och markerat (nedan kallad &#8221;anv\u00e4ndaren&#8221;). Tj\u00e4nsten anv\u00e4nder [&hellip;]","og_url":"https:\/\/bithabit.me\/sv\/villkor-for-anvandning\/","og_site_name":"BitHabit","article_modified_time":"2026-01-05T09:12:33+00:00","twitter_card":"summary_large_image","twitter_misc":{"Ber\u00e4knad l\u00e4stid":"5 minuter"},"schema":{"@context":"https:\/\/schema.org","@graph":[{"@type":"WebPage","@id":"https:\/\/bithabit.me\/sv\/villkor-for-anvandning\/","url":"https:\/\/bithabit.me\/sv\/villkor-for-anvandning\/","name":"Villkor f\u00f6r anv\u00e4ndning - BitHabit","isPartOf":{"@id":"https:\/\/bithabit.me\/#website"},"datePublished":"2024-04-09T04:22:14+00:00","dateModified":"2026-01-05T09:12:33+00:00","breadcrumb":{"@id":"https:\/\/bithabit.me\/sv\/villkor-for-anvandning\/#breadcrumb"},"inLanguage":"sv-SE","potentialAction":[{"@type":"ReadAction","target":["https:\/\/bithabit.me\/sv\/villkor-for-anvandning\/"]}]},{"@type":"BreadcrumbList","@id":"https:\/\/bithabit.me\/sv\/villkor-for-anvandning\/#breadcrumb","itemListElement":[{"@type":"ListItem","position":1,"name":"Startsida","item":"https:\/\/bithabit.me\/sv\/bithabit\/"},{"@type":"ListItem","position":2,"name":"Villkor f\u00f6r anv\u00e4ndning"}]},{"@type":"WebSite","@id":"https:\/\/bithabit.me\/#website","url":"https:\/\/bithabit.me\/","name":"BitHabit","description":"","publisher":{"@id":"https:\/\/bithabit.me\/#organization"},"potentialAction":[{"@type":"SearchAction","target":{"@type":"EntryPoint","urlTemplate":"https:\/\/bithabit.me\/?s={search_term_string}"},"query-input":{"@type":"PropertyValueSpecification","valueRequired":true,"valueName":"search_term_string"}}],"inLanguage":"sv-SE"},{"@type":"Organization","@id":"https:\/\/bithabit.me\/#organization","name":"BitHabit","url":"https:\/\/bithabit.me\/","logo":{"@type":"ImageObject","inLanguage":"sv-SE","@id":"https:\/\/bithabit.me\/#\/schema\/logo\/image\/","url":"https:\/\/bithabit.me\/wp-content\/uploads\/2024\/03\/bithabit-logo-vaaka-1.svg","contentUrl":"https:\/\/bithabit.me\/wp-content\/uploads\/2024\/03\/bithabit-logo-vaaka-1.svg","width":180,"height":38,"caption":"BitHabit"},"image":{"@id":"https:\/\/bithabit.me\/#\/schema\/logo\/image\/"}}]}},"_links":{"self":[{"href":"https:\/\/bithabit.me\/sv\/wp-json\/wp\/v2\/pages\/4969","targetHints":{"allow":["GET"]}}],"collection":[{"href":"https:\/\/bithabit.me\/sv\/wp-json\/wp\/v2\/pages"}],"about":[{"href":"https:\/\/bithabit.me\/sv\/wp-json\/wp\/v2\/types\/page"}],"author":[{"embeddable":true,"href":"https:\/\/bithabit.me\/sv\/wp-json\/wp\/v2\/users\/1"}],"replies":[{"embeddable":true,"href":"https:\/\/bithabit.me\/sv\/wp-json\/wp\/v2\/comments?post=4969"}],"version-history":[{"count":1,"href":"https:\/\/bithabit.me\/sv\/wp-json\/wp\/v2\/pages\/4969\/revisions"}],"predecessor-version":[{"id":4970,"href":"https:\/\/bithabit.me\/sv\/wp-json\/wp\/v2\/pages\/4969\/revisions\/4970"}],"wp:attachment":[{"href":"https:\/\/bithabit.me\/sv\/wp-json\/wp\/v2\/media?parent=4969"}],"curies":[{"name":"wp","href":"https:\/\/api.w.org\/{rel}","templated":true}]}}