{"id":4973,"date":"2024-03-15T16:31:27","date_gmt":"2024-03-15T14:31:27","guid":{"rendered":"https:\/\/bithabit.me\/kontakt\/"},"modified":"2026-01-05T11:12:43","modified_gmt":"2026-01-05T09:12:43","slug":"kontakt","status":"publish","type":"page","link":"https:\/\/bithabit.me\/sv\/kontakt\/","title":{"rendered":"Kontakt"},"content":{"rendered":"\t\t<div data-elementor-type=\"wp-page\" data-elementor-id=\"4973\" class=\"elementor elementor-4973 elementor-38\" data-elementor-post-type=\"page\">\n\t\t\t\t<div class=\"elementor-element elementor-element-790c930 e-flex e-con-boxed e-con e-parent\" data-id=\"790c930\" data-element_type=\"container\" data-e-type=\"container\" data-settings=\"{&quot;background_background&quot;:&quot;classic&quot;}\">\n\t\t\t\t\t<div class=\"e-con-inner\">\n\t\t\t\t<div class=\"elementor-element elementor-element-51b2af4 elementor-widget elementor-widget-heading\" data-id=\"51b2af4\" data-element_type=\"widget\" data-e-type=\"widget\" data-widget_type=\"heading.default\">\n\t\t\t\t<div class=\"elementor-widget-container\">\n\t\t\t\t\t<h1 class=\"elementor-heading-title elementor-size-default\">Kontakta oss!<\/h1>\t\t\t\t<\/div>\n\t\t\t\t<\/div>\n\t\t\t\t<div class=\"elementor-element elementor-element-fdd444a elementor-widget elementor-widget-text-editor\" data-id=\"fdd444a\" data-element_type=\"widget\" data-e-type=\"widget\" data-widget_type=\"text-editor.default\">\n\t\t\t\t<div class=\"elementor-widget-container\">\n\t\t\t\t\t\t\t\t\t<p><strong><a href=\"mailto:info@bithabit.me\">info@bithabit.me<\/a><\/strong><\/p><p><strong>Wellpro Impact Solutions Oy<\/strong><br>FO-nummer: 3227015-2<br>Kauppakatu 39<br>40100 Jyv\u00e4skyl\u00e4<\/p>\t\t\t\t\t\t\t\t<\/div>\n\t\t\t\t<\/div>\n\t\t\t\t<div class=\"elementor-element elementor-element-1a8f706 elementor-align-center elementor-mobile-align-left elementor-widget elementor-widget-button\" data-id=\"1a8f706\" data-element_type=\"widget\" data-e-type=\"widget\" data-widget_type=\"button.default\">\n\t\t\t\t<div class=\"elementor-widget-container\">\n\t\t\t\t\t\t\t\t\t<div class=\"elementor-button-wrapper\">\n\t\t\t\t\t<a class=\"elementor-button elementor-button-link elementor-size-sm\" href=\"https:\/\/bithabit.me\/sv\/wellpro-oy\/#tiimi\">\n\t\t\t\t\t\t<span class=\"elementor-button-content-wrapper\">\n\t\t\t\t\t\t\t\t\t<span class=\"elementor-button-text\">Kontakta v\u00e5ra teammedlemmar<\/span>\n\t\t\t\t\t<\/span>\n\t\t\t\t\t<\/a>\n\t\t\t\t<\/div>\n\t\t\t\t\t\t\t\t<\/div>\n\t\t\t\t<\/div>\n\t\t\t\t\t<\/div>\n\t\t\t\t<\/div>\n\t\t<div class=\"elementor-element elementor-element-a35aff6 e-flex e-con-boxed e-con e-parent\" data-id=\"a35aff6\" data-element_type=\"container\" data-e-type=\"container\" data-settings=\"{&quot;background_background&quot;:&quot;classic&quot;}\">\n\t\t\t\t\t<div class=\"e-con-inner\">\n\t\t\t\t<div class=\"elementor-element elementor-element-1375ae9 elementor-widget elementor-widget-heading\" data-id=\"1375ae9\" data-element_type=\"widget\" data-e-type=\"widget\" data-widget_type=\"heading.default\">\n\t\t\t\t<div class=\"elementor-widget-container\">\n\t\t\t\t\t<h2 class=\"elementor-heading-title elementor-size-default\">Feedbackformul\u00e4r<\/h2>\t\t\t\t<\/div>\n\t\t\t\t<\/div>\n\t\t\t\t<div class=\"elementor-element elementor-element-ba590e3 elementor-widget elementor-widget-html\" data-id=\"ba590e3\" data-element_type=\"widget\" data-e-type=\"widget\" data-widget_type=\"html.default\">\n\t\t\t\t<div class=\"elementor-widget-container\">\n\t\t\t\t\t<iframe width=\"540\" height=\"800\" src=\"https:\/\/2156d7fc.sibforms.com\/serve\/MUIFAFSawRE28ycEAwFD8a2c7gx6HJFRzm3QTytHoQyS8dopOBijDnjHXZlI6o6pbz3Vhu-RRZpK6YsiHIb6ZyxFBFroPhSEDUY5OJ9Y4pjLipeuVasUybnXB-s8HfGW8tjTs3sukLMQtqsGSY9oFwwSoun26sQ0jUpYlFJlVWVIqd-4SifneOE6LLqb0xyzQgzQpvn42dB-7Jrp\" frameborder=\"0\" scrolling=\"auto\" allowfullscreen=\"\" style=\"display: block;margin-left: auto;margin-right: auto;max-width: 100%;\"><\/iframe>\t\t\t\t<\/div>\n\t\t\t\t<\/div>\n\t\t\t\t\t<\/div>\n\t\t\t\t<\/div>\n\t\t<div class=\"elementor-element elementor-element-35aeb33 e-flex e-con-boxed e-con e-parent\" data-id=\"35aeb33\" data-element_type=\"container\" data-e-type=\"container\" data-settings=\"{&quot;background_background&quot;:&quot;classic&quot;}\">\n\t\t\t\t\t<div class=\"e-con-inner\">\n\t\t\t\t<div class=\"elementor-element elementor-element-a03f466 elementor-widget elementor-widget-menu-anchor\" data-id=\"a03f466\" data-element_type=\"widget\" data-e-type=\"widget\" data-widget_type=\"menu-anchor.default\">\n\t\t\t\t<div class=\"elementor-widget-container\">\n\t\t\t\t\t\t\t<div class=\"elementor-menu-anchor\" id=\"Nyhetsbrev\"><\/div>\n\t\t\t\t\t\t<\/div>\n\t\t\t\t<\/div>\n\t\t\t\t\t<\/div>\n\t\t\t\t<\/div>\n\t\t<div class=\"elementor-element elementor-element-a5fd6e8 e-flex e-con-boxed e-con e-parent\" data-id=\"a5fd6e8\" data-element_type=\"container\" data-e-type=\"container\" data-settings=\"{&quot;background_background&quot;:&quot;classic&quot;}\">\n\t\t\t\t\t<div class=\"e-con-inner\">\n\t\t\t\t<div class=\"elementor-element elementor-element-64f592b elementor-widget elementor-widget-heading\" data-id=\"64f592b\" data-element_type=\"widget\" data-e-type=\"widget\" data-widget_type=\"heading.default\">\n\t\t\t\t<div class=\"elementor-widget-container\">\n\t\t\t\t\t<h2 class=\"elementor-heading-title elementor-size-default\">Prenumerera p\u00e5 v\u00e5rt nyhetsbrev!<\/h2>\t\t\t\t<\/div>\n\t\t\t\t<\/div>\n\t\t\t\t<div class=\"elementor-element elementor-element-e763d05 elementor-widget elementor-widget-html\" data-id=\"e763d05\" data-element_type=\"widget\" data-e-type=\"widget\" data-widget_type=\"html.default\">\n\t\t\t\t<div class=\"elementor-widget-container\">\n\t\t\t\t\t<iframe width=\"540\" height=\"700\" src=\"https:\/\/2156d7fc.sibforms.com\/serve\/MUIFAKHNKZqkTXQHkO17HbxK34k3evdp-aFZOjvvOyJpcjsl2vcJH0UQzWriLD62fw5BKf6NUWFEgJ7ZywVt6gvFknNZj36DzPaJkPZzcAcAq5lAfgVWa8b0m6xyVETPhTV3tw3Z-5JVvq8K7wxTftnlpT1TXpxkB-jgM5nbmmUOtRUn43mSo4EmmPjz3wtEM3YLD0pzB5SDzg9R\" frameborder=\"0\" scrolling=\"auto\" allowfullscreen=\"\" style=\"display: block;margin-left: auto;margin-right: auto;max-width: 100%;\"><\/iframe>\t\t\t\t<\/div>\n\t\t\t\t<\/div>\n\t\t\t\t\t<\/div>\n\t\t\t\t<\/div>\n\t\t\t\t<\/div>\n\t\t","protected":false},"excerpt":{"rendered":"<p>Kontakta oss! info@bithabit.me Wellpro Impact Solutions OyFO-nummer: 3227015-2Kauppakatu 3940100 Jyv\u00e4skyl\u00e4 Kontakta v\u00e5ra teammedlemmar Feedbackformul\u00e4r Prenumerera p\u00e5 v\u00e5rt nyhetsbrev!<\/p>\n","protected":false},"author":1,"featured_media":0,"parent":0,"menu_order":0,"comment_status":"closed","ping_status":"closed","template":"","meta":{"footnotes":""},"class_list":["post-4973","page","type-page","status-publish","hentry"],"yoast_head":"<!-- This site is optimized with the Yoast SEO plugin v27.5 - https:\/\/yoast.com\/product\/yoast-seo-wordpress\/ -->\n<title>Kontakt - BitHabit<\/title>\n<meta name=\"robots\" content=\"index, follow, max-snippet:-1, max-image-preview:large, max-video-preview:-1\" \/>\n<link rel=\"canonical\" href=\"https:\/\/bithabit.me\/sv\/kontakt\/\" \/>\n<meta property=\"og:locale\" content=\"sv_SE\" \/>\n<meta property=\"og:type\" content=\"article\" \/>\n<meta property=\"og:title\" content=\"BitHabit - Sm\u00e5 vanor g\u00f6r stora vanor.\" \/>\n<meta property=\"og:description\" content=\"Kontakta oss!\" \/>\n<meta property=\"og:url\" content=\"https:\/\/bithabit.me\/sv\/kontakt\/\" \/>\n<meta property=\"og:site_name\" content=\"BitHabit\" \/>\n<meta property=\"article:modified_time\" content=\"2026-01-05T09:12:43+00:00\" \/>\n<meta property=\"og:image\" content=\"https:\/\/bithabit.me\/wp-content\/uploads\/2023\/09\/woman_portrait2-1024x557.jpg\" \/>\n<meta name=\"twitter:card\" content=\"summary_large_image\" \/>\n<script type=\"application\/ld+json\" class=\"yoast-schema-graph\">{\"@context\":\"https:\\\/\\\/schema.org\",\"@graph\":[{\"@type\":\"WebPage\",\"@id\":\"https:\\\/\\\/bithabit.me\\\/sv\\\/kontakt\\\/\",\"url\":\"https:\\\/\\\/bithabit.me\\\/sv\\\/kontakt\\\/\",\"name\":\"Kontakt - BitHabit\",\"isPartOf\":{\"@id\":\"https:\\\/\\\/bithabit.me\\\/#website\"},\"datePublished\":\"2024-03-15T14:31:27+00:00\",\"dateModified\":\"2026-01-05T09:12:43+00:00\",\"breadcrumb\":{\"@id\":\"https:\\\/\\\/bithabit.me\\\/sv\\\/kontakt\\\/#breadcrumb\"},\"inLanguage\":\"sv-SE\",\"potentialAction\":[{\"@type\":\"ReadAction\",\"target\":[\"https:\\\/\\\/bithabit.me\\\/sv\\\/kontakt\\\/\"]}]},{\"@type\":\"BreadcrumbList\",\"@id\":\"https:\\\/\\\/bithabit.me\\\/sv\\\/kontakt\\\/#breadcrumb\",\"itemListElement\":[{\"@type\":\"ListItem\",\"position\":1,\"name\":\"Startsida\",\"item\":\"https:\\\/\\\/bithabit.me\\\/sv\\\/bithabit\\\/\"},{\"@type\":\"ListItem\",\"position\":2,\"name\":\"Kontakt\"}]},{\"@type\":\"WebSite\",\"@id\":\"https:\\\/\\\/bithabit.me\\\/#website\",\"url\":\"https:\\\/\\\/bithabit.me\\\/\",\"name\":\"BitHabit\",\"description\":\"\",\"publisher\":{\"@id\":\"https:\\\/\\\/bithabit.me\\\/#organization\"},\"potentialAction\":[{\"@type\":\"SearchAction\",\"target\":{\"@type\":\"EntryPoint\",\"urlTemplate\":\"https:\\\/\\\/bithabit.me\\\/?s={search_term_string}\"},\"query-input\":{\"@type\":\"PropertyValueSpecification\",\"valueRequired\":true,\"valueName\":\"search_term_string\"}}],\"inLanguage\":\"sv-SE\"},{\"@type\":\"Organization\",\"@id\":\"https:\\\/\\\/bithabit.me\\\/#organization\",\"name\":\"BitHabit\",\"url\":\"https:\\\/\\\/bithabit.me\\\/\",\"logo\":{\"@type\":\"ImageObject\",\"inLanguage\":\"sv-SE\",\"@id\":\"https:\\\/\\\/bithabit.me\\\/#\\\/schema\\\/logo\\\/image\\\/\",\"url\":\"https:\\\/\\\/bithabit.me\\\/wp-content\\\/uploads\\\/2024\\\/03\\\/bithabit-logo-vaaka-1.svg\",\"contentUrl\":\"https:\\\/\\\/bithabit.me\\\/wp-content\\\/uploads\\\/2024\\\/03\\\/bithabit-logo-vaaka-1.svg\",\"width\":180,\"height\":38,\"caption\":\"BitHabit\"},\"image\":{\"@id\":\"https:\\\/\\\/bithabit.me\\\/#\\\/schema\\\/logo\\\/image\\\/\"}}]}<\/script>\n<!-- \/ Yoast SEO plugin. -->","yoast_head_json":{"title":"Kontakt - BitHabit","robots":{"index":"index","follow":"follow","max-snippet":"max-snippet:-1","max-image-preview":"max-image-preview:large","max-video-preview":"max-video-preview:-1"},"canonical":"https:\/\/bithabit.me\/sv\/kontakt\/","og_locale":"sv_SE","og_type":"article","og_title":"BitHabit - Sm\u00e5 vanor g\u00f6r stora vanor.","og_description":"Kontakta oss!","og_url":"https:\/\/bithabit.me\/sv\/kontakt\/","og_site_name":"BitHabit","article_modified_time":"2026-01-05T09:12:43+00:00","og_image":[{"url":"https:\/\/bithabit.me\/wp-content\/uploads\/2023\/09\/woman_portrait2-1024x557.jpg","type":"","width":"","height":""}],"twitter_card":"summary_large_image","schema":{"@context":"https:\/\/schema.org","@graph":[{"@type":"WebPage","@id":"https:\/\/bithabit.me\/sv\/kontakt\/","url":"https:\/\/bithabit.me\/sv\/kontakt\/","name":"Kontakt - BitHabit","isPartOf":{"@id":"https:\/\/bithabit.me\/#website"},"datePublished":"2024-03-15T14:31:27+00:00","dateModified":"2026-01-05T09:12:43+00:00","breadcrumb":{"@id":"https:\/\/bithabit.me\/sv\/kontakt\/#breadcrumb"},"inLanguage":"sv-SE","potentialAction":[{"@type":"ReadAction","target":["https:\/\/bithabit.me\/sv\/kontakt\/"]}]},{"@type":"BreadcrumbList","@id":"https:\/\/bithabit.me\/sv\/kontakt\/#breadcrumb","itemListElement":[{"@type":"ListItem","position":1,"name":"Startsida","item":"https:\/\/bithabit.me\/sv\/bithabit\/"},{"@type":"ListItem","position":2,"name":"Kontakt"}]},{"@type":"WebSite","@id":"https:\/\/bithabit.me\/#website","url":"https:\/\/bithabit.me\/","name":"BitHabit","description":"","publisher":{"@id":"https:\/\/bithabit.me\/#organization"},"potentialAction":[{"@type":"SearchAction","target":{"@type":"EntryPoint","urlTemplate":"https:\/\/bithabit.me\/?s={search_term_string}"},"query-input":{"@type":"PropertyValueSpecification","valueRequired":true,"valueName":"search_term_string"}}],"inLanguage":"sv-SE"},{"@type":"Organization","@id":"https:\/\/bithabit.me\/#organization","name":"BitHabit","url":"https:\/\/bithabit.me\/","logo":{"@type":"ImageObject","inLanguage":"sv-SE","@id":"https:\/\/bithabit.me\/#\/schema\/logo\/image\/","url":"https:\/\/bithabit.me\/wp-content\/uploads\/2024\/03\/bithabit-logo-vaaka-1.svg","contentUrl":"https:\/\/bithabit.me\/wp-content\/uploads\/2024\/03\/bithabit-logo-vaaka-1.svg","width":180,"height":38,"caption":"BitHabit"},"image":{"@id":"https:\/\/bithabit.me\/#\/schema\/logo\/image\/"}}]}},"_links":{"self":[{"href":"https:\/\/bithabit.me\/sv\/wp-json\/wp\/v2\/pages\/4973","targetHints":{"allow":["GET"]}}],"collection":[{"href":"https:\/\/bithabit.me\/sv\/wp-json\/wp\/v2\/pages"}],"about":[{"href":"https:\/\/bithabit.me\/sv\/wp-json\/wp\/v2\/types\/page"}],"author":[{"embeddable":true,"href":"https:\/\/bithabit.me\/sv\/wp-json\/wp\/v2\/users\/1"}],"replies":[{"embeddable":true,"href":"https:\/\/bithabit.me\/sv\/wp-json\/wp\/v2\/comments?post=4973"}],"version-history":[{"count":1,"href":"https:\/\/bithabit.me\/sv\/wp-json\/wp\/v2\/pages\/4973\/revisions"}],"predecessor-version":[{"id":4974,"href":"https:\/\/bithabit.me\/sv\/wp-json\/wp\/v2\/pages\/4973\/revisions\/4974"}],"wp:attachment":[{"href":"https:\/\/bithabit.me\/sv\/wp-json\/wp\/v2\/media?parent=4973"}],"curies":[{"name":"wp","href":"https:\/\/api.w.org\/{rel}","templated":true}]}}