{"id":5006,"date":"2024-06-06T11:42:13","date_gmt":"2024-06-06T08:42:13","guid":{"rendered":"https:\/\/bithabit.me\/bithabit-komma-igang\/"},"modified":"2026-04-27T19:31:49","modified_gmt":"2026-04-27T16:31:49","slug":"bithabit-komma-igang","status":"publish","type":"page","link":"https:\/\/bithabit.me\/sv\/bithabit-komma-igang\/","title":{"rendered":"BitHabit Komma ig\u00e5ng"},"content":{"rendered":"\t\t<div data-elementor-type=\"wp-page\" data-elementor-id=\"5006\" class=\"elementor elementor-5006 elementor-3085\" data-elementor-post-type=\"page\">\n\t\t\t\t<div class=\"elementor-element elementor-element-772e9be1 e-flex e-con-boxed e-con e-parent\" data-id=\"772e9be1\" data-element_type=\"container\" data-e-type=\"container\" data-settings=\"{&quot;background_background&quot;:&quot;classic&quot;}\">\n\t\t\t\t\t<div class=\"e-con-inner\">\n\t\t\t\t<div class=\"elementor-element elementor-element-73aba97 elementor-widget elementor-widget-image\" data-id=\"73aba97\" data-element_type=\"widget\" data-e-type=\"widget\" data-widget_type=\"image.default\">\n\t\t\t\t<div class=\"elementor-widget-container\">\n\t\t\t\t\t\t\t\t\t\t\t\t\t\t\t<img decoding=\"async\" width=\"180\" height=\"38\" src=\"https:\/\/bithabit.me\/wp-content\/uploads\/2024\/03\/bithabit-logo-vaaka-1.svg\" class=\"attachment-large size-large wp-image-5105\" alt=\"BitHabit\" \/>\t\t\t\t\t\t\t\t\t\t\t\t\t\t\t<\/div>\n\t\t\t\t<\/div>\n\t\t\t\t<div class=\"elementor-element elementor-element-005310b elementor-widget__width-initial elementor-widget elementor-widget-heading\" data-id=\"005310b\" data-element_type=\"widget\" data-e-type=\"widget\" data-widget_type=\"heading.default\">\n\t\t\t\t<div class=\"elementor-widget-container\">\n\t\t\t\t\t<h2 class=\"elementor-heading-title elementor-size-default\">Gr\u00e4nssnittet f\u00f6r ett b\u00e4ttre liv<\/h2>\t\t\t\t<\/div>\n\t\t\t\t<\/div>\n\t\t\t\t<div class=\"elementor-element elementor-element-66e038f elementor-widget elementor-widget-image\" data-id=\"66e038f\" data-element_type=\"widget\" data-e-type=\"widget\" data-widget_type=\"image.default\">\n\t\t\t\t<div class=\"elementor-widget-container\">\n\t\t\t\t\t\t\t\t\t\t\t\t\t\t\t<img decoding=\"async\" src=\"https:\/\/bithabit.me\/wp-content\/uploads\/elementor\/thumbs\/bithabit-b-tiede-ja-tutkimus-terveyden-tukena-qmcr212sv15w6i04oi23wf5oi6z0mhc7nsg4cmfvfm.png\" title=\"bithabit-b-tiede-ja-tutkimus-terveyden-tukena\" alt=\"BitHabit- Tiede ja tutkimus terveyden tukena\" loading=\"lazy\" \/>\t\t\t\t\t\t\t\t\t\t\t\t\t\t\t<\/div>\n\t\t\t\t<\/div>\n\t\t\t\t\t<\/div>\n\t\t\t\t<\/div>\n\t\t<div class=\"elementor-element elementor-element-90c4025 e-flex e-con-boxed e-con e-parent\" data-id=\"90c4025\" data-element_type=\"container\" data-e-type=\"container\">\n\t\t\t\t\t<div class=\"e-con-inner\">\n\t\t\t\t<div class=\"elementor-element elementor-element-3716bbc elementor-widget elementor-widget-heading\" data-id=\"3716bbc\" data-element_type=\"widget\" data-e-type=\"widget\" data-widget_type=\"heading.default\">\n\t\t\t\t<div class=\"elementor-widget-container\">\n\t\t\t\t\t<h3 class=\"elementor-heading-title elementor-size-default\">BitHabit finns nu i appbutiken!<\/h3>\t\t\t\t<\/div>\n\t\t\t\t<\/div>\n\t\t\t\t<div class=\"elementor-element elementor-element-4f913f9 elementor-widget elementor-widget-heading\" data-id=\"4f913f9\" data-element_type=\"widget\" data-e-type=\"widget\" data-widget_type=\"heading.default\">\n\t\t\t\t<div class=\"elementor-widget-container\">\n\t\t\t\t\t<h3 class=\"elementor-heading-title elementor-size-default\">Klicka eller ladda ner med QR-koden.<\/h3>\t\t\t\t<\/div>\n\t\t\t\t<\/div>\n\t\t\t\t<div class=\"elementor-element elementor-element-1f7874d elementor-widget elementor-widget-text-editor\" data-id=\"1f7874d\" data-element_type=\"widget\" data-e-type=\"widget\" data-widget_type=\"text-editor.default\">\n\t\t\t\t<div class=\"elementor-widget-container\">\n\t\t\t\t\t\t\t\t\t<p>Att komma ig\u00e5ng med BitHabit \u00e4r enkelt \u2013 ladda ner appen och b\u00f6rja din 30 dagars gratis provperiod, d\u00e4refter endast 9,99 \u20ac\/m\u00e5n. Ett betalkort kr\u00e4vs (f\u00f6r verifiering) och inloggning sker enkelt med en kod.<\/p><p>Maksukortti vaaditaan (tunnistus) ja kirjautuminen helposti koodilla.<\/p><p>B\u00f6rja redan idag!<\/p>\t\t\t\t\t\t\t\t<\/div>\n\t\t\t\t<\/div>\n\t\t<div class=\"elementor-element elementor-element-68ff013 e-grid e-con-full e-con e-child\" data-id=\"68ff013\" data-element_type=\"container\" data-e-type=\"container\">\n\t\t\t\t<div class=\"elementor-element elementor-element-24c5cb1 elementor-widget elementor-widget-image\" data-id=\"24c5cb1\" data-element_type=\"widget\" data-e-type=\"widget\" data-widget_type=\"image.default\">\n\t\t\t\t<div class=\"elementor-widget-container\">\n\t\t\t\t\t\t\t\t\t\t\t\t<figure class=\"wp-caption\">\n\t\t\t\t\t\t\t\t\t\t\t<a href=\"https:\/\/play.google.com\/store\/apps\/details?id=com.bithabit.home&#038;pcampaignid=web_share\">\n\t\t\t\t\t\t\t<img fetchpriority=\"high\" decoding=\"async\" width=\"591\" height=\"591\" src=\"https:\/\/bithabit.me\/wp-content\/uploads\/2026\/04\/BitHabithome_QR_google_591x591.png\" class=\"attachment-large size-large wp-image-5476\" alt=\"\" srcset=\"https:\/\/bithabit.me\/wp-content\/uploads\/2026\/04\/BitHabithome_QR_google_591x591.png 591w, https:\/\/bithabit.me\/wp-content\/uploads\/2026\/04\/BitHabithome_QR_google_591x591-300x300.png 300w, https:\/\/bithabit.me\/wp-content\/uploads\/2026\/04\/BitHabithome_QR_google_591x591-150x150.png 150w\" sizes=\"(max-width: 591px) 100vw, 591px\" \/>\t\t\t\t\t\t\t\t<\/a>\n\t\t\t\t\t\t\t\t\t\t\t<figcaption class=\"widget-image-caption wp-caption-text\">Jag har en Android-telefon<\/figcaption>\n\t\t\t\t\t\t\t\t\t\t<\/figure>\n\t\t\t\t\t\t\t\t\t<\/div>\n\t\t\t\t<\/div>\n\t\t\t\t<div class=\"elementor-element elementor-element-a9c7dae elementor-widget elementor-widget-image\" data-id=\"a9c7dae\" data-element_type=\"widget\" data-e-type=\"widget\" data-widget_type=\"image.default\">\n\t\t\t\t<div class=\"elementor-widget-container\">\n\t\t\t\t\t\t\t\t\t\t\t\t<figure class=\"wp-caption\">\n\t\t\t\t\t\t\t\t\t\t\t<a href=\"https:\/\/apps.apple.com\/fi\/app\/bithabit\/id6758609064?\">\n\t\t\t\t\t\t\t<img decoding=\"async\" width=\"591\" height=\"591\" src=\"https:\/\/bithabit.me\/wp-content\/uploads\/2026\/04\/BitHabithome_QR_apple_591x591.png\" class=\"attachment-large size-large wp-image-5473\" alt=\"\" srcset=\"https:\/\/bithabit.me\/wp-content\/uploads\/2026\/04\/BitHabithome_QR_apple_591x591.png 591w, https:\/\/bithabit.me\/wp-content\/uploads\/2026\/04\/BitHabithome_QR_apple_591x591-300x300.png 300w, https:\/\/bithabit.me\/wp-content\/uploads\/2026\/04\/BitHabithome_QR_apple_591x591-150x150.png 150w\" sizes=\"(max-width: 591px) 100vw, 591px\" \/>\t\t\t\t\t\t\t\t<\/a>\n\t\t\t\t\t\t\t\t\t\t\t<figcaption class=\"widget-image-caption wp-caption-text\">Jag har en iPhone-telefon<\/figcaption>\n\t\t\t\t\t\t\t\t\t\t<\/figure>\n\t\t\t\t\t\t\t\t\t<\/div>\n\t\t\t\t<\/div>\n\t\t\t\t<\/div>\n\t\t<div class=\"elementor-element elementor-element-e5bfedf e-con-full e-flex e-con e-child\" data-id=\"e5bfedf\" data-element_type=\"container\" data-e-type=\"container\">\n\t\t\t\t<div class=\"elementor-element elementor-element-15737bf elementor-widget elementor-widget-text-editor\" data-id=\"15737bf\" data-element_type=\"widget\" data-e-type=\"widget\" data-widget_type=\"text-editor.default\">\n\t\t\t\t<div class=\"elementor-widget-container\">\n\t\t\t\t\t\t\t\t\t<p><\/p>\n<h4>S\u00e5 h\u00e4r kommer du ig\u00e5ng med BitHabit-appen<\/h4>\n<p>L\u00e4s dessa instruktioner innan du aktiverar BitHabit.<\/p>\n<p><strong>Detta ger dig tillg\u00e5ng till tj\u00e4nsten:<\/strong><\/p>\n<p>1. Ladda ner appen<\/p>\n<p>2. Logga in med ditt Apple- eller Google-konto. Gl\u00f6m inte att till\u00e5ta p\u00e5minnelser. <\/p>\n<p>3. Aktivera genom att prenumerera med en kod som du f\u00e5r via SMS.<\/p>\n<p>4. V\u00e4lj ett m\u00e5l i taget<\/p>\n<ul>\n<li>V\u00e4lj m\u00e5l som tj\u00e4nsten f\u00f6resl\u00e5r sm\u00e5 vardagliga handlingar f\u00f6r. Vi rekommenderar att du v\u00e4ljer 1\u20133 m\u00e5l. V\u00e4lj m\u00e5l och passande sm\u00e5 handlingar f\u00f6r din vardag, ett i taget. <\/li>\n<li>V\u00e4lj m\u00e5l och passande sm\u00e5 handlingar f\u00f6r din vardag, ett i taget.<\/li>\n<\/ul>\n<p>5. B\u00f6rja anv\u00e4nda appen. BitHabit hj\u00e4lper dig med sina instruktioner p\u00e5 v\u00e4gen mot nya, h\u00e4lsosammare vardagsrutiner. <\/p>\t\t\t\t\t\t\t\t<\/div>\n\t\t\t\t<\/div>\n\t\t\t\t<\/div>\n\t\t\t\t<div class=\"elementor-element elementor-element-3ea4320 elementor-widget elementor-widget-image\" data-id=\"3ea4320\" data-element_type=\"widget\" data-e-type=\"widget\" data-widget_type=\"image.default\">\n\t\t\t\t<div class=\"elementor-widget-container\">\n\t\t\t\t\t\t\t\t\t\t\t\t\t\t\t<img loading=\"lazy\" decoding=\"async\" width=\"800\" height=\"534\" src=\"https:\/\/bithabit.me\/wp-content\/uploads\/2024\/04\/woman-laptop-1024x683.jpg\" class=\"attachment-large size-large wp-image-5004\" alt=\"nainen ty\u00f6skentelee kannettavalla tietokoneella\" srcset=\"https:\/\/bithabit.me\/wp-content\/uploads\/2024\/04\/woman-laptop-1024x683.jpg 1024w, https:\/\/bithabit.me\/wp-content\/uploads\/2024\/04\/woman-laptop-300x200.jpg 300w, https:\/\/bithabit.me\/wp-content\/uploads\/2024\/04\/woman-laptop-768x512.jpg 768w, https:\/\/bithabit.me\/wp-content\/uploads\/2024\/04\/woman-laptop-1536x1025.jpg 1536w, https:\/\/bithabit.me\/wp-content\/uploads\/2024\/04\/woman-laptop-2048x1366.jpg 2048w\" sizes=\"(max-width: 800px) 100vw, 800px\" \/>\t\t\t\t\t\t\t\t\t\t\t\t\t\t\t<\/div>\n\t\t\t\t<\/div>\n\t\t\t\t<div class=\"elementor-element elementor-element-32b9365 elementor-widget elementor-widget-text-editor\" data-id=\"32b9365\" data-element_type=\"widget\" data-e-type=\"widget\" data-widget_type=\"text-editor.default\">\n\t\t\t\t<div class=\"elementor-widget-container\">\n\t\t\t\t\t\t\t\t\t<h4>Om applikationerna<\/h4><p>BitHabit \u2013 sm\u00e5 handlingar \u00e4r en unik app som inneh\u00e5ller sm\u00e5 handlingar f\u00f6r att skapa h\u00e4lsosamma vanor. Appen g\u00f6r det m\u00f6jligt att v\u00e4lja och f\u00f6lja upp handlingar som passar dig. Appen aktiverar anv\u00e4ndaren genom att skicka p\u00e5minnelser om de valda sm\u00e5 handlingarna och deras genomf\u00f6rande. <\/p><p>BitHabit utvecklades inom ramen f\u00f6r det nationella StopDia-projektet av THL och \u00d6stra Finlands universitet. Wellpro Impact Solutions Oy har vidareutvecklat applikationen genom att l\u00e4gga till ett avsnitt om hj\u00e4rnbelastning och minne i BitHabit.  <\/p><p>BitHabit-tj\u00e4nsten best\u00e5r av tre (3) olika applikationer. N\u00e4r du har aktiverat BitHabit och valt de f\u00f6rsta sm\u00e5 \u00e5tg\u00e4rderna som du planerar att utf\u00f6ra under den kommande m\u00e5naden kan du ocks\u00e5 b\u00f6rja f\u00f6lja dina framsteg med Mapping och Tracking. N\u00e4r du aktiverar BitHabit Tracking efter att ha slutf\u00f6rt Mapping, kan du ocks\u00e5 aktivera den i BitHabit och f\u00e5 tillg\u00e5ng till alla BitHabit-funktioner fr\u00e5n en enda app.   <b>BitHabit Kartl\u00e4ggning och Uppf\u00f6ljning \u00e4r kostnadsfria.<\/b><\/p><p><strong>Det finns 3 olika typer av BitHabit-enk\u00e4ter<\/strong>, se alternativen p\u00e5 <a href=\"https:\/\/bithabit.me\/sv\/sa-har-fungerar-det\/\">https:\/\/bithabit.me\/bithabit-esittely\/.<\/a> Om du vill f\u00f6lja dina framsteg kan du fylla i den enk\u00e4t du vill, till och med en g\u00e5ng i m\u00e5naden. Det kr\u00e4ver bara att du aktiverar <strong>sp\u00e5rningsfunktionen<\/strong>, ett gratis verktyg f\u00f6r eget bruk. Du kan aktivera den fr\u00e5n rapportsidan i den kartl\u00e4ggning du v\u00e4ljer.   <\/p><p>Med <strong>Monitoring<\/strong> kan du sp\u00e5ra resultaten av den kartl\u00e4ggning du anv\u00e4nder och f\u00f6lja dina egna framsteg. Genom att aktivera <strong>Tracking<\/strong> kan du \u00e4ven se resultaten fr\u00e5n tidigare unders\u00f6kningar. <\/p>\t\t\t\t\t\t\t\t<\/div>\n\t\t\t\t<\/div>\n\t\t\t\t<div class=\"elementor-element elementor-element-b755003 elementor-widget elementor-widget-heading\" data-id=\"b755003\" data-element_type=\"widget\" data-e-type=\"widget\" data-widget_type=\"heading.default\">\n\t\t\t\t<div class=\"elementor-widget-container\">\n\t\t\t\t\t<h3 class=\"elementor-heading-title elementor-size-default\">Teknisk support<\/h3>\t\t\t\t<\/div>\n\t\t\t\t<\/div>\n\t\t\t\t<div class=\"elementor-element elementor-element-575df55 elementor-widget elementor-widget-text-editor\" data-id=\"575df55\" data-element_type=\"widget\" data-e-type=\"widget\" data-widget_type=\"text-editor.default\">\n\t\t\t\t<div class=\"elementor-widget-container\">\n\t\t\t\t\t\t\t\t\t<p>Vid problem, v\u00e4nligen skicka ett e-postmeddelande till <a href=\"mailto:info@bithabit.me\">info@bithabit.me<\/a><br>Teknisk support \u00e4r tillg\u00e4nglig m\u00e5n-fre kl. 8.00-16.00.<\/p><p> <\/p>\t\t\t\t\t\t\t\t<\/div>\n\t\t\t\t<\/div>\n\t\t\t\t\t<\/div>\n\t\t\t\t<\/div>\n\t\t<div class=\"elementor-element elementor-element-f846ceb e-flex e-con-boxed e-con e-parent\" data-id=\"f846ceb\" data-element_type=\"container\" data-e-type=\"container\">\n\t\t\t\t\t<div class=\"e-con-inner\">\n\t\t\t\t\t<\/div>\n\t\t\t\t<\/div>\n\t\t\t\t<\/div>\n\t\t","protected":false},"excerpt":{"rendered":"<p>Gr\u00e4nssnittet f\u00f6r ett b\u00e4ttre liv BitHabit finns nu i appbutiken! Klicka eller ladda ner med QR-koden. Att komma ig\u00e5ng med BitHabit \u00e4r enkelt \u2013 ladda ner appen och b\u00f6rja din 30 dagars gratis provperiod, d\u00e4refter endast 9,99 \u20ac\/m\u00e5n. Ett betalkort kr\u00e4vs (f\u00f6r verifiering) och inloggning sker enkelt med en kod. Maksukortti vaaditaan (tunnistus) ja kirjautuminen [&hellip;]<\/p>\n","protected":false},"author":2,"featured_media":0,"parent":0,"menu_order":0,"comment_status":"closed","ping_status":"closed","template":"","meta":{"footnotes":""},"class_list":["post-5006","page","type-page","status-publish","hentry"],"yoast_head":"<!-- This site is optimized with the Yoast SEO plugin v27.5 - https:\/\/yoast.com\/product\/yoast-seo-wordpress\/ -->\n<title>BitHabit Komma ig\u00e5ng - BitHabit<\/title>\n<meta name=\"robots\" content=\"noindex, nofollow\" \/>\n<meta property=\"og:locale\" content=\"sv_SE\" \/>\n<meta property=\"og:type\" content=\"article\" \/>\n<meta property=\"og:title\" content=\"BitHabit Komma ig\u00e5ng - BitHabit\" \/>\n<meta property=\"og:description\" content=\"Gr\u00e4nssnittet f\u00f6r ett b\u00e4ttre liv BitHabit finns nu i appbutiken! Klicka eller ladda ner med QR-koden. Att komma ig\u00e5ng med BitHabit \u00e4r enkelt \u2013 ladda ner appen och b\u00f6rja din 30 dagars gratis provperiod, d\u00e4refter endast 9,99 \u20ac\/m\u00e5n. Ett betalkort kr\u00e4vs (f\u00f6r verifiering) och inloggning sker enkelt med en kod. Maksukortti vaaditaan (tunnistus) ja kirjautuminen [&hellip;]\" \/>\n<meta property=\"og:url\" content=\"https:\/\/bithabit.me\/bithabit-aloitus\/\" \/>\n<meta property=\"og:site_name\" content=\"BitHabit\" \/>\n<meta property=\"article:modified_time\" content=\"2026-04-27T16:31:49+00:00\" \/>\n<meta name=\"twitter:card\" content=\"summary_large_image\" \/>\n<meta name=\"twitter:label1\" content=\"Ber\u00e4knad l\u00e4stid\" \/>\n\t<meta name=\"twitter:data1\" content=\"3 minuter\" \/>\n<script type=\"application\/ld+json\" class=\"yoast-schema-graph\">{\"@context\":\"https:\\\/\\\/schema.org\",\"@graph\":[{\"@type\":\"WebPage\",\"@id\":\"https:\\\/\\\/bithabit.me\\\/bithabit-aloitus\\\/\",\"url\":\"https:\\\/\\\/bithabit.me\\\/bithabit-aloitus\\\/\",\"name\":\"BitHabit Komma ig\u00e5ng - BitHabit\",\"isPartOf\":{\"@id\":\"https:\\\/\\\/bithabit.me\\\/#website\"},\"primaryImageOfPage\":{\"@id\":\"https:\\\/\\\/bithabit.me\\\/bithabit-aloitus\\\/#primaryimage\"},\"image\":{\"@id\":\"https:\\\/\\\/bithabit.me\\\/bithabit-aloitus\\\/#primaryimage\"},\"thumbnailUrl\":\"https:\\\/\\\/bithabit.me\\\/wp-content\\\/uploads\\\/2024\\\/03\\\/bithabit-logo-vaaka-1.svg\",\"datePublished\":\"2024-06-06T08:42:13+00:00\",\"dateModified\":\"2026-04-27T16:31:49+00:00\",\"breadcrumb\":{\"@id\":\"https:\\\/\\\/bithabit.me\\\/bithabit-aloitus\\\/#breadcrumb\"},\"inLanguage\":\"sv-SE\",\"potentialAction\":[{\"@type\":\"ReadAction\",\"target\":[\"https:\\\/\\\/bithabit.me\\\/bithabit-aloitus\\\/\"]}]},{\"@type\":\"ImageObject\",\"inLanguage\":\"sv-SE\",\"@id\":\"https:\\\/\\\/bithabit.me\\\/bithabit-aloitus\\\/#primaryimage\",\"url\":\"https:\\\/\\\/bithabit.me\\\/wp-content\\\/uploads\\\/2024\\\/03\\\/bithabit-logo-vaaka-1.svg\",\"contentUrl\":\"https:\\\/\\\/bithabit.me\\\/wp-content\\\/uploads\\\/2024\\\/03\\\/bithabit-logo-vaaka-1.svg\"},{\"@type\":\"BreadcrumbList\",\"@id\":\"https:\\\/\\\/bithabit.me\\\/bithabit-aloitus\\\/#breadcrumb\",\"itemListElement\":[{\"@type\":\"ListItem\",\"position\":1,\"name\":\"Startsida\",\"item\":\"https:\\\/\\\/bithabit.me\\\/sv\\\/bithabit\\\/\"},{\"@type\":\"ListItem\",\"position\":2,\"name\":\"BitHabit Komma ig\u00e5ng\"}]},{\"@type\":\"WebSite\",\"@id\":\"https:\\\/\\\/bithabit.me\\\/#website\",\"url\":\"https:\\\/\\\/bithabit.me\\\/\",\"name\":\"BitHabit\",\"description\":\"\",\"publisher\":{\"@id\":\"https:\\\/\\\/bithabit.me\\\/#organization\"},\"potentialAction\":[{\"@type\":\"SearchAction\",\"target\":{\"@type\":\"EntryPoint\",\"urlTemplate\":\"https:\\\/\\\/bithabit.me\\\/?s={search_term_string}\"},\"query-input\":{\"@type\":\"PropertyValueSpecification\",\"valueRequired\":true,\"valueName\":\"search_term_string\"}}],\"inLanguage\":\"sv-SE\"},{\"@type\":\"Organization\",\"@id\":\"https:\\\/\\\/bithabit.me\\\/#organization\",\"name\":\"BitHabit\",\"url\":\"https:\\\/\\\/bithabit.me\\\/\",\"logo\":{\"@type\":\"ImageObject\",\"inLanguage\":\"sv-SE\",\"@id\":\"https:\\\/\\\/bithabit.me\\\/#\\\/schema\\\/logo\\\/image\\\/\",\"url\":\"https:\\\/\\\/bithabit.me\\\/wp-content\\\/uploads\\\/2024\\\/03\\\/bithabit-logo-vaaka-1.svg\",\"contentUrl\":\"https:\\\/\\\/bithabit.me\\\/wp-content\\\/uploads\\\/2024\\\/03\\\/bithabit-logo-vaaka-1.svg\",\"width\":180,\"height\":38,\"caption\":\"BitHabit\"},\"image\":{\"@id\":\"https:\\\/\\\/bithabit.me\\\/#\\\/schema\\\/logo\\\/image\\\/\"}}]}<\/script>\n<!-- \/ Yoast SEO plugin. -->","yoast_head_json":{"title":"BitHabit Komma ig\u00e5ng - BitHabit","robots":{"index":"noindex","follow":"nofollow"},"og_locale":"sv_SE","og_type":"article","og_title":"BitHabit Komma ig\u00e5ng - BitHabit","og_description":"Gr\u00e4nssnittet f\u00f6r ett b\u00e4ttre liv BitHabit finns nu i appbutiken! Klicka eller ladda ner med QR-koden. Att komma ig\u00e5ng med BitHabit \u00e4r enkelt \u2013 ladda ner appen och b\u00f6rja din 30 dagars gratis provperiod, d\u00e4refter endast 9,99 \u20ac\/m\u00e5n. Ett betalkort kr\u00e4vs (f\u00f6r verifiering) och inloggning sker enkelt med en kod. Maksukortti vaaditaan (tunnistus) ja kirjautuminen [&hellip;]","og_url":"https:\/\/bithabit.me\/bithabit-aloitus\/","og_site_name":"BitHabit","article_modified_time":"2026-04-27T16:31:49+00:00","twitter_card":"summary_large_image","twitter_misc":{"Ber\u00e4knad l\u00e4stid":"3 minuter"},"schema":{"@context":"https:\/\/schema.org","@graph":[{"@type":"WebPage","@id":"https:\/\/bithabit.me\/bithabit-aloitus\/","url":"https:\/\/bithabit.me\/bithabit-aloitus\/","name":"BitHabit Komma ig\u00e5ng - BitHabit","isPartOf":{"@id":"https:\/\/bithabit.me\/#website"},"primaryImageOfPage":{"@id":"https:\/\/bithabit.me\/bithabit-aloitus\/#primaryimage"},"image":{"@id":"https:\/\/bithabit.me\/bithabit-aloitus\/#primaryimage"},"thumbnailUrl":"https:\/\/bithabit.me\/wp-content\/uploads\/2024\/03\/bithabit-logo-vaaka-1.svg","datePublished":"2024-06-06T08:42:13+00:00","dateModified":"2026-04-27T16:31:49+00:00","breadcrumb":{"@id":"https:\/\/bithabit.me\/bithabit-aloitus\/#breadcrumb"},"inLanguage":"sv-SE","potentialAction":[{"@type":"ReadAction","target":["https:\/\/bithabit.me\/bithabit-aloitus\/"]}]},{"@type":"ImageObject","inLanguage":"sv-SE","@id":"https:\/\/bithabit.me\/bithabit-aloitus\/#primaryimage","url":"https:\/\/bithabit.me\/wp-content\/uploads\/2024\/03\/bithabit-logo-vaaka-1.svg","contentUrl":"https:\/\/bithabit.me\/wp-content\/uploads\/2024\/03\/bithabit-logo-vaaka-1.svg"},{"@type":"BreadcrumbList","@id":"https:\/\/bithabit.me\/bithabit-aloitus\/#breadcrumb","itemListElement":[{"@type":"ListItem","position":1,"name":"Startsida","item":"https:\/\/bithabit.me\/sv\/bithabit\/"},{"@type":"ListItem","position":2,"name":"BitHabit Komma ig\u00e5ng"}]},{"@type":"WebSite","@id":"https:\/\/bithabit.me\/#website","url":"https:\/\/bithabit.me\/","name":"BitHabit","description":"","publisher":{"@id":"https:\/\/bithabit.me\/#organization"},"potentialAction":[{"@type":"SearchAction","target":{"@type":"EntryPoint","urlTemplate":"https:\/\/bithabit.me\/?s={search_term_string}"},"query-input":{"@type":"PropertyValueSpecification","valueRequired":true,"valueName":"search_term_string"}}],"inLanguage":"sv-SE"},{"@type":"Organization","@id":"https:\/\/bithabit.me\/#organization","name":"BitHabit","url":"https:\/\/bithabit.me\/","logo":{"@type":"ImageObject","inLanguage":"sv-SE","@id":"https:\/\/bithabit.me\/#\/schema\/logo\/image\/","url":"https:\/\/bithabit.me\/wp-content\/uploads\/2024\/03\/bithabit-logo-vaaka-1.svg","contentUrl":"https:\/\/bithabit.me\/wp-content\/uploads\/2024\/03\/bithabit-logo-vaaka-1.svg","width":180,"height":38,"caption":"BitHabit"},"image":{"@id":"https:\/\/bithabit.me\/#\/schema\/logo\/image\/"}}]}},"_links":{"self":[{"href":"https:\/\/bithabit.me\/sv\/wp-json\/wp\/v2\/pages\/5006","targetHints":{"allow":["GET"]}}],"collection":[{"href":"https:\/\/bithabit.me\/sv\/wp-json\/wp\/v2\/pages"}],"about":[{"href":"https:\/\/bithabit.me\/sv\/wp-json\/wp\/v2\/types\/page"}],"author":[{"embeddable":true,"href":"https:\/\/bithabit.me\/sv\/wp-json\/wp\/v2\/users\/2"}],"replies":[{"embeddable":true,"href":"https:\/\/bithabit.me\/sv\/wp-json\/wp\/v2\/comments?post=5006"}],"version-history":[{"count":3,"href":"https:\/\/bithabit.me\/sv\/wp-json\/wp\/v2\/pages\/5006\/revisions"}],"predecessor-version":[{"id":5485,"href":"https:\/\/bithabit.me\/sv\/wp-json\/wp\/v2\/pages\/5006\/revisions\/5485"}],"wp:attachment":[{"href":"https:\/\/bithabit.me\/sv\/wp-json\/wp\/v2\/media?parent=5006"}],"curies":[{"name":"wp","href":"https:\/\/api.w.org\/{rel}","templated":true}]}}