{"id":5059,"date":"2026-01-08T09:02:11","date_gmt":"2026-01-08T07:02:11","guid":{"rendered":"https:\/\/bithabit.me\/saavutettavuus\/"},"modified":"2026-02-04T11:29:16","modified_gmt":"2026-02-04T09:29:16","slug":"saavutettavuus","status":"publish","type":"page","link":"https:\/\/bithabit.me\/sv\/saavutettavuus\/","title":{"rendered":"Tillg\u00e4nglighet"},"content":{"rendered":"\t\t<div data-elementor-type=\"wp-page\" data-elementor-id=\"5059\" class=\"elementor elementor-5059 elementor-5053\" data-elementor-post-type=\"page\">\n\t\t\t\t<div class=\"elementor-element elementor-element-3ae8438 e-flex e-con-boxed e-con e-parent\" data-id=\"3ae8438\" data-element_type=\"container\" data-e-type=\"container\">\n\t\t\t\t\t<div class=\"e-con-inner\">\n\t\t\t\t<div class=\"elementor-element elementor-element-3090750 elementor-widget elementor-widget-heading\" data-id=\"3090750\" data-element_type=\"widget\" data-e-type=\"widget\" data-widget_type=\"heading.default\">\n\t\t\t\t<div class=\"elementor-widget-container\">\n\t\t\t\t\t<h2 class=\"elementor-heading-title elementor-size-default\">Tillg\u00e4nglighet<\/h2>\t\t\t\t<\/div>\n\t\t\t\t<\/div>\n\t\t\t\t<div class=\"elementor-element elementor-element-d63293b elementor-widget elementor-widget-text-editor\" data-id=\"d63293b\" data-element_type=\"widget\" data-e-type=\"widget\" data-widget_type=\"text-editor.default\">\n\t\t\t\t<div class=\"elementor-widget-container\">\n\t\t\t\t\t\t\t\t\t<p dir=\"ltr\" style=\"line-height:1.38;margin-top:0pt;margin-bottom:0pt;\"><span style=\"font-size:11pt;font-family:Arial,sans-serif;color:#000000;background-color:transparent;font-weight:700;font-style:normal;font-variant:normal;text-decoration:none;vertical-align:baseline;white-space:pre;white-space:pre-wrap;\">BitHabit tillg\u00e4nglighetsutl\u00e5tande<\/span><\/p><p><b style=\"font-weight:normal;\"><br><\/b><\/p><p dir=\"ltr\" style=\"line-height:1.38;margin-top:0pt;margin-bottom:0pt;\"><span style=\"font-size:11pt;font-family:Arial,sans-serif;color:#000000;background-color:transparent;font-weight:400;font-style:normal;font-variant:normal;text-decoration:none;vertical-align:baseline;white-space:pre;white-space:pre-wrap;\">Detta tillg\u00e4nglighetsutl\u00e5tande g\u00e4ller BitHabit-appen f\u00f6r v\u00e4lbefinnande.<\/span><\/p><p><b style=\"font-weight:normal;\"><br><\/b><span style=\"background-color: transparent; color: rgb(0, 0, 0); font-family: Arial, sans-serif; font-size: 11pt; white-space-collapse: preserve;\">1. Tj\u00e4nstens tillg\u00e4nglighet<\/span><b style=\"font-weight:normal;\"><\/b><\/p><p><span style=\"background-color: transparent; color: rgb(0, 0, 0); font-family: Arial, sans-serif; font-size: 11pt; white-space-collapse: preserve;\">BitHabits tillg\u00e4nglighet syftar till att s\u00e4kerst\u00e4lla att s\u00e5 m\u00e5nga anv\u00e4ndare som m\u00f6jligt &#8211; inklusive \u00e4ldre och personer med funktionsneds\u00e4ttning &#8211; kan anv\u00e4nda appen smidigt och utan hinder. Vid utformningen och implementeringen av applikationen har s\u00e4rskild h\u00e4nsyn tagits till niv\u00e5erna A och AA i WCAG 2.1 (Web Content Accessibility Guidelines). BitHabit \u00e4r avsedd att anv\u00e4ndas p\u00e5 mobila enheter. Vid anv\u00e4ndning p\u00e5 en dator \u00e4r inte alla funktioner tillg\u00e4ngliga via tangentbordsfunktioner.   <\/span><\/p><p><span style=\"background-color: transparent; color: rgb(0, 0, 0); font-family: Arial, sans-serif; font-size: 11pt; white-space-collapse: preserve;\">2. Nuvarande status f\u00f6r tillg\u00e4ngligheten<\/span><b style=\"font-weight:normal;\"><\/b><\/p><p><span style=\"background-color: transparent; color: rgb(0, 0, 0); font-family: Arial, sans-serif; font-size: 11pt; white-space-collapse: preserve;\">BitHabits tillg\u00e4nglighet f\u00f6r webbsidor m\u00e5ste delvis uppn\u00e5s enligt kraven i WCAG 2.1 niv\u00e5 AA. F\u00f6ljande tillg\u00e4nglighets\u00e5tg\u00e4rder har implementerats i applikationen: <\/span><\/p><p><span style=\"background-color: transparent; color: rgb(0, 0, 0); font-family: Arial, sans-serif; font-size: 11pt; white-space-collapse: preserve;\">&#8211; Tydliga och konsekventa navigeringsstrukturer.<\/span><\/p><p><span style=\"background-color: transparent; color: rgb(0, 0, 0); font-family: Arial, sans-serif; font-size: 11pt; white-space-collapse: preserve;\">&#8211; Tillr\u00e4cklig f\u00e4rgkontrast mellan text och bakgrund.<\/span><\/p><p dir=\"ltr\" style=\"line-height:1.38;margin-top:0pt;margin-bottom:0pt;\"><span style=\"font-size:11pt;font-family:Arial,sans-serif;color:#000000;background-color:transparent;font-weight:400;font-style:normal;font-variant:normal;text-decoration:none;vertical-align:baseline;white-space:pre;white-space:pre-wrap;\">&#8211; Textsvar (alt-texter) f\u00f6r alla relevanta bilder och ikoner.<\/span><\/p><p dir=\"ltr\" style=\"line-height:1.38;margin-top:0pt;margin-bottom:0pt;\"><span style=\"font-size:11pt;font-family:Arial,sans-serif;color:#000000;background-color:transparent;font-weight:400;font-style:normal;font-variant:normal;text-decoration:none;vertical-align:baseline;white-space:pre;white-space:pre-wrap;\">&#8211; Programmets huvudfunktioner \u00e4r tillg\u00e4ngliga endast med hj\u00e4lp av tangentbord och\/eller sk\u00e4rml\u00e4sare.<\/span><\/p><p dir=\"ltr\" style=\"line-height:1.38;margin-top:0pt;margin-bottom:0pt;\"><span style=\"font-size:11pt;font-family:Arial,sans-serif;color:#000000;background-color:transparent;font-weight:400;font-style:normal;font-variant:normal;text-decoration:none;vertical-align:baseline;white-space:pre;white-space:pre-wrap;\">&#8211; Tillr\u00e4ckligt stora knappar och interaktiva element.<\/span><\/p><p dir=\"ltr\" style=\"line-height:1.38;margin-top:0pt;margin-bottom:0pt;\"><span style=\"font-size:11pt;font-family:Arial,sans-serif;color:#000000;background-color:transparent;font-weight:400;font-style:normal;font-variant:normal;text-decoration:none;vertical-align:baseline;white-space:pre;white-space:pre-wrap;\">&#8211; Instruktioner och felmeddelanden \u00e4r formulerade p\u00e5 ett tydligt och begripligt s\u00e4tt.<\/span><\/p><p dir=\"ltr\" style=\"line-height:1.38;margin-top:0pt;margin-bottom:0pt;\"><span style=\"font-size:11pt;font-family:Arial,sans-serif;color:#000000;background-color:transparent;font-weight:400;font-style:normal;font-variant:normal;text-decoration:none;vertical-align:baseline;white-space:pre;white-space:pre-wrap;\">&#8211; Tillg\u00e4nglighetskraven \u00e4r integrerade i Wellpros produktutvecklingsprocesser<\/span><\/p><p><b style=\"font-weight:normal;\"><br><\/b><span style=\"background-color: transparent; color: rgb(0, 0, 0); font-family: Arial, sans-serif; font-size: 11pt; white-space-collapse: preserve;\">3. Identifierbara brister<\/span><b style=\"font-weight:normal;\"><\/b><\/p><p><span style=\"background-color: transparent; color: rgb(0, 0, 0); font-family: Arial, sans-serif; font-size: 11pt; white-space-collapse: preserve;\">&#8211; Vissa av de mindre vanliga funktionerna \u00e4r kanske inte alltid fullt tillg\u00e4ngliga i sk\u00e4rml\u00e4saren.<\/span><\/p><p dir=\"ltr\" style=\"line-height:1.38;margin-top:0pt;margin-bottom:0pt;\"><span style=\"font-size:11pt;font-family:Arial,sans-serif;color:#000000;background-color:transparent;font-weight:400;font-style:normal;font-variant:normal;text-decoration:none;vertical-align:baseline;white-space:pre;white-space:pre-wrap;\">&#8211; P\u00e5 vissa sidor\/informationsstrukturer har mindre brister identifierats i rubrikerna och den logiska ordningen av elementen.<\/span><\/p><p dir=\"ltr\" style=\"line-height:1.38;margin-top:0pt;margin-bottom:0pt;\"><span style=\"font-size:11pt;font-family:Arial,sans-serif;color:#000000;background-color:transparent;font-weight:400;font-style:normal;font-variant:normal;text-decoration:none;vertical-align:baseline;white-space:pre;white-space:pre-wrap;\">&#8211; Testning av applikationen p\u00e5g\u00e5r kontinuerligt och g\u00f6rs innan de senaste uppdateringarna sl\u00e4pps.<\/span><\/p><p><b style=\"font-weight:normal;\"><br><\/b><span style=\"background-color: transparent; color: rgb(0, 0, 0); font-family: Arial, sans-serif; font-size: 11pt; white-space-collapse: preserve;\">4. Utveckla tillg\u00e4ngligheten<\/span><b style=\"font-weight:normal;\"><\/b><\/p><p><span style=\"background-color: transparent; color: rgb(0, 0, 0); font-family: Arial, sans-serif; font-size: 11pt; white-space-collapse: preserve;\">Tillg\u00e4nglighetsutveckling \u00e4r en p\u00e5g\u00e5ende process. BitHabit-teamet \u00f6vervakar och f\u00f6rb\u00e4ttrar regelbundet applikationens tillg\u00e4nglighet, och anv\u00e4ndarnas feedback anv\u00e4nds aktivt i reparations- och utvecklingsarbetet. Vi f\u00f6ljer aktivt utvecklingen av EU-direktiv.<\/span><\/p><p><span style=\"background-color: transparent; color: rgb(0, 0, 0); font-family: Arial, sans-serif; font-size: 11pt; white-space-collapse: preserve;\">5. Feedback och rapportering av tillg\u00e4nglighetsproblem<\/span><\/p><p><span style=\"background-color: transparent; color: rgb(0, 0, 0); font-family: Arial, sans-serif; font-size: 11pt; white-space-collapse: preserve;\">Uppt\u00e4ckte du en tillg\u00e4nglighetslucka i appen?&nbsp;&nbsp;<\/span><\/p><p dir=\"ltr\" style=\"line-height:1.38;margin-top:0pt;margin-bottom:0pt;\"><span style=\"font-size:11pt;font-family:Arial,sans-serif;color:#000000;background-color:transparent;font-weight:400;font-style:normal;font-variant:normal;text-decoration:none;vertical-align:baseline;white-space:pre;white-space:pre-wrap;\">Vi v\u00e4lkomnar din feedback:<\/span><\/p><p><b style=\"font-weight:normal;\"><br><\/b><\/p><p dir=\"ltr\" style=\"line-height:1.38;margin-top:0pt;margin-bottom:0pt;\"><span style=\"font-size:11pt;font-family:Arial,sans-serif;color:#000000;background-color:transparent;font-weight:400;font-style:normal;font-variant:normal;text-decoration:none;vertical-align:baseline;white-space:pre;white-space:pre-wrap;\">&#8211; E-post: <\/span><a href=\"mailto:info@bithabit.me\" style=\"text-decoration:none;\"><span style=\"font-size:11pt;font-family:Arial,sans-serif;color:#1155cc;background-color:transparent;font-weight:400;font-style:normal;font-variant:normal;text-decoration:underline;-webkit-text-decoration-skip:none;text-decoration-skip-ink:none;vertical-align:baseline;white-space:pre;white-space:pre-wrap;\">info@bithabit.me<\/span><\/a><\/p><p><b style=\"font-weight:normal;\"><br><\/b><\/p><p dir=\"ltr\" style=\"line-height:1.38;margin-top:0pt;margin-bottom:0pt;\"><span style=\"font-size:11pt;font-family:Arial,sans-serif;color:#000000;background-color:transparent;font-weight:400;font-style:normal;font-variant:normal;text-decoration:none;vertical-align:baseline;white-space:pre;white-space:pre-wrap;\">Vi kommer att besvara dina synpunkter inom rimlig tid och informera dig om vilka \u00e5tg\u00e4rder vi avser att vidta f\u00f6r att f\u00f6rb\u00e4ttra tillg\u00e4ngligheten.<\/span><\/p><p><b style=\"font-weight:normal;\"><br><\/b><span style=\"background-color: transparent; color: rgb(0, 0, 0); font-family: Arial, sans-serif; font-size: 11pt; white-space-collapse: preserve;\">6. \u00d6vervakning av tillg\u00e4nglighet<\/span><b style=\"font-weight:normal;\"><\/b><\/p><p><span style=\"background-color: transparent; font-size: 11pt; font-family: Arial, sans-serif; color: rgb(0, 0, 0); font-variant-numeric: normal; font-variant-east-asian: normal; font-variant-alternates: normal; font-variant-position: normal; font-variant-emoji: normal; vertical-align: baseline; white-space-collapse: preserve;\">Om du uppt\u00e4cker problem med tillg\u00e4ngligheten p\u00e5 webbplatsen ber vi dig att f\u00f6rst ge feedback till oss, webbplatsadministrat\u00f6ren. Det kan ta upp till 14 dagar att f\u00e5 svar. Om du inte \u00e4r n\u00f6jd med det svar du f\u00e5r, eller om du inte f\u00e5r n\u00e5got svar alls inom tv\u00e5 veckor,    <\/span><a href=\"https:\/\/www.saavutettavuusvaatimukset.fi\/fi\/kayttajan-oikeudet\/tee-saavutettavuuskantelu-tai-pyyda-selvitysta\" style=\"background-color: rgb(255, 255, 255);\"><span style=\"font-size: 11pt; font-family: Arial, sans-serif; color: rgb(17, 85, 204); background-color: transparent; font-weight: 400; font-variant-numeric: normal; font-variant-east-asian: normal; font-variant-alternates: normal; font-variant-position: normal; font-variant-emoji: normal; text-decoration-line: underline; text-decoration-skip-ink: none; vertical-align: baseline; white-space-collapse: preserve;\">kan du rapportera det h\u00e4r. \u00d6ppnas i en ny flik. <\/span><\/a><\/p><p><b style=\"font-weight:normal;\"><br><\/b><\/p><p dir=\"ltr\" style=\"line-height:1.38;margin-top:0pt;margin-bottom:0pt;\"><span style=\"font-size:11pt;font-family:Arial,sans-serif;color:#000000;background-color:transparent;font-weight:400;font-style:normal;font-variant:normal;text-decoration:none;vertical-align:baseline;white-space:pre;white-space:pre-wrap;\">&#8211; https:\/\/www.saavutettavuusvaatimukset.fi<\/span><\/p><p dir=\"ltr\" style=\"line-height:1.38;margin-top:0pt;margin-bottom:0pt;\"><span style=\"font-size:11pt;font-family:Arial,sans-serif;color:#000000;background-color:transparent;font-weight:400;font-style:normal;font-variant:normal;text-decoration:none;vertical-align:baseline;white-space:pre;white-space:pre-wrap;\">&#8211; E-post: saavutettavuus@avi.fi<\/span><\/p><p dir=\"ltr\" style=\"line-height:1.38;margin-top:0pt;margin-bottom:0pt;\"><span style=\"font-size:11pt;font-family:Arial,sans-serif;color:#000000;background-color:transparent;font-weight:400;font-style:normal;font-variant:normal;text-decoration:none;vertical-align:baseline;white-space:pre;white-space:pre-wrap;\">&#8211; Telefon: 0295 016 000<\/span><\/p><p><br><br><\/p><p dir=\"ltr\" style=\"line-height:1.38;margin-top:0pt;margin-bottom:0pt;\"><span style=\"font-size:11pt;font-family:Arial,sans-serif;color:#000000;background-color:transparent;font-weight:400;font-style:normal;font-variant:normal;text-decoration:none;vertical-align:baseline;white-space:pre;white-space:pre-wrap;\">Uppdaterad: 7.7.2025<\/span><\/p>\t\t\t\t\t\t\t\t<\/div>\n\t\t\t\t<\/div>\n\t\t\t\t\t<\/div>\n\t\t\t\t<\/div>\n\t\t\t\t<\/div>\n\t\t","protected":false},"excerpt":{"rendered":"<p>Tillg\u00e4nglighet BitHabit tillg\u00e4nglighetsutl\u00e5tande Detta tillg\u00e4nglighetsutl\u00e5tande g\u00e4ller BitHabit-appen f\u00f6r v\u00e4lbefinnande. 1. Tj\u00e4nstens tillg\u00e4nglighet BitHabits tillg\u00e4nglighet syftar till att s\u00e4kerst\u00e4lla att s\u00e5 m\u00e5nga anv\u00e4ndare som m\u00f6jligt &#8211; inklusive \u00e4ldre och personer med funktionsneds\u00e4ttning &#8211; kan anv\u00e4nda appen smidigt och utan hinder. Vid utformningen och implementeringen av applikationen har s\u00e4rskild h\u00e4nsyn tagits till niv\u00e5erna A och AA i [&hellip;]<\/p>\n","protected":false},"author":2,"featured_media":0,"parent":0,"menu_order":0,"comment_status":"closed","ping_status":"closed","template":"","meta":{"footnotes":""},"class_list":["post-5059","page","type-page","status-publish","hentry"],"yoast_head":"<!-- This site is optimized with the Yoast SEO plugin v27.5 - https:\/\/yoast.com\/product\/yoast-seo-wordpress\/ -->\n<title>Tillg\u00e4nglighet - BitHabit<\/title>\n<meta name=\"robots\" content=\"index, follow, max-snippet:-1, max-image-preview:large, max-video-preview:-1\" \/>\n<link rel=\"canonical\" href=\"https:\/\/bithabit.me\/sv\/saavutettavuus\/\" \/>\n<meta property=\"og:locale\" content=\"sv_SE\" \/>\n<meta property=\"og:type\" content=\"article\" \/>\n<meta property=\"og:title\" content=\"Tillg\u00e4nglighet - BitHabit\" \/>\n<meta property=\"og:description\" content=\"Tillg\u00e4nglighet BitHabit tillg\u00e4nglighetsutl\u00e5tande Detta tillg\u00e4nglighetsutl\u00e5tande g\u00e4ller BitHabit-appen f\u00f6r v\u00e4lbefinnande. 1. Tj\u00e4nstens tillg\u00e4nglighet BitHabits tillg\u00e4nglighet syftar till att s\u00e4kerst\u00e4lla att s\u00e5 m\u00e5nga anv\u00e4ndare som m\u00f6jligt &#8211; inklusive \u00e4ldre och personer med funktionsneds\u00e4ttning &#8211; kan anv\u00e4nda appen smidigt och utan hinder. Vid utformningen och implementeringen av applikationen har s\u00e4rskild h\u00e4nsyn tagits till niv\u00e5erna A och AA i [&hellip;]\" \/>\n<meta property=\"og:url\" content=\"https:\/\/bithabit.me\/sv\/saavutettavuus\/\" \/>\n<meta property=\"og:site_name\" content=\"BitHabit\" \/>\n<meta property=\"article:modified_time\" content=\"2026-02-04T09:29:16+00:00\" \/>\n<meta name=\"twitter:card\" content=\"summary_large_image\" \/>\n<meta name=\"twitter:label1\" content=\"Ber\u00e4knad l\u00e4stid\" \/>\n\t<meta name=\"twitter:data1\" content=\"2 minuter\" \/>\n<script type=\"application\/ld+json\" class=\"yoast-schema-graph\">{\"@context\":\"https:\\\/\\\/schema.org\",\"@graph\":[{\"@type\":\"WebPage\",\"@id\":\"https:\\\/\\\/bithabit.me\\\/sv\\\/saavutettavuus\\\/\",\"url\":\"https:\\\/\\\/bithabit.me\\\/sv\\\/saavutettavuus\\\/\",\"name\":\"Tillg\u00e4nglighet - BitHabit\",\"isPartOf\":{\"@id\":\"https:\\\/\\\/bithabit.me\\\/#website\"},\"datePublished\":\"2026-01-08T07:02:11+00:00\",\"dateModified\":\"2026-02-04T09:29:16+00:00\",\"breadcrumb\":{\"@id\":\"https:\\\/\\\/bithabit.me\\\/sv\\\/saavutettavuus\\\/#breadcrumb\"},\"inLanguage\":\"sv-SE\",\"potentialAction\":[{\"@type\":\"ReadAction\",\"target\":[\"https:\\\/\\\/bithabit.me\\\/sv\\\/saavutettavuus\\\/\"]}]},{\"@type\":\"BreadcrumbList\",\"@id\":\"https:\\\/\\\/bithabit.me\\\/sv\\\/saavutettavuus\\\/#breadcrumb\",\"itemListElement\":[{\"@type\":\"ListItem\",\"position\":1,\"name\":\"Startsida\",\"item\":\"https:\\\/\\\/bithabit.me\\\/sv\\\/bithabit\\\/\"},{\"@type\":\"ListItem\",\"position\":2,\"name\":\"Tillg\u00e4nglighet\"}]},{\"@type\":\"WebSite\",\"@id\":\"https:\\\/\\\/bithabit.me\\\/#website\",\"url\":\"https:\\\/\\\/bithabit.me\\\/\",\"name\":\"BitHabit\",\"description\":\"\",\"publisher\":{\"@id\":\"https:\\\/\\\/bithabit.me\\\/#organization\"},\"potentialAction\":[{\"@type\":\"SearchAction\",\"target\":{\"@type\":\"EntryPoint\",\"urlTemplate\":\"https:\\\/\\\/bithabit.me\\\/?s={search_term_string}\"},\"query-input\":{\"@type\":\"PropertyValueSpecification\",\"valueRequired\":true,\"valueName\":\"search_term_string\"}}],\"inLanguage\":\"sv-SE\"},{\"@type\":\"Organization\",\"@id\":\"https:\\\/\\\/bithabit.me\\\/#organization\",\"name\":\"BitHabit\",\"url\":\"https:\\\/\\\/bithabit.me\\\/\",\"logo\":{\"@type\":\"ImageObject\",\"inLanguage\":\"sv-SE\",\"@id\":\"https:\\\/\\\/bithabit.me\\\/#\\\/schema\\\/logo\\\/image\\\/\",\"url\":\"https:\\\/\\\/bithabit.me\\\/wp-content\\\/uploads\\\/2024\\\/03\\\/bithabit-logo-vaaka-1.svg\",\"contentUrl\":\"https:\\\/\\\/bithabit.me\\\/wp-content\\\/uploads\\\/2024\\\/03\\\/bithabit-logo-vaaka-1.svg\",\"width\":180,\"height\":38,\"caption\":\"BitHabit\"},\"image\":{\"@id\":\"https:\\\/\\\/bithabit.me\\\/#\\\/schema\\\/logo\\\/image\\\/\"}}]}<\/script>\n<!-- \/ Yoast SEO plugin. -->","yoast_head_json":{"title":"Tillg\u00e4nglighet - BitHabit","robots":{"index":"index","follow":"follow","max-snippet":"max-snippet:-1","max-image-preview":"max-image-preview:large","max-video-preview":"max-video-preview:-1"},"canonical":"https:\/\/bithabit.me\/sv\/saavutettavuus\/","og_locale":"sv_SE","og_type":"article","og_title":"Tillg\u00e4nglighet - BitHabit","og_description":"Tillg\u00e4nglighet BitHabit tillg\u00e4nglighetsutl\u00e5tande Detta tillg\u00e4nglighetsutl\u00e5tande g\u00e4ller BitHabit-appen f\u00f6r v\u00e4lbefinnande. 1. Tj\u00e4nstens tillg\u00e4nglighet BitHabits tillg\u00e4nglighet syftar till att s\u00e4kerst\u00e4lla att s\u00e5 m\u00e5nga anv\u00e4ndare som m\u00f6jligt &#8211; inklusive \u00e4ldre och personer med funktionsneds\u00e4ttning &#8211; kan anv\u00e4nda appen smidigt och utan hinder. Vid utformningen och implementeringen av applikationen har s\u00e4rskild h\u00e4nsyn tagits till niv\u00e5erna A och AA i [&hellip;]","og_url":"https:\/\/bithabit.me\/sv\/saavutettavuus\/","og_site_name":"BitHabit","article_modified_time":"2026-02-04T09:29:16+00:00","twitter_card":"summary_large_image","twitter_misc":{"Ber\u00e4knad l\u00e4stid":"2 minuter"},"schema":{"@context":"https:\/\/schema.org","@graph":[{"@type":"WebPage","@id":"https:\/\/bithabit.me\/sv\/saavutettavuus\/","url":"https:\/\/bithabit.me\/sv\/saavutettavuus\/","name":"Tillg\u00e4nglighet - BitHabit","isPartOf":{"@id":"https:\/\/bithabit.me\/#website"},"datePublished":"2026-01-08T07:02:11+00:00","dateModified":"2026-02-04T09:29:16+00:00","breadcrumb":{"@id":"https:\/\/bithabit.me\/sv\/saavutettavuus\/#breadcrumb"},"inLanguage":"sv-SE","potentialAction":[{"@type":"ReadAction","target":["https:\/\/bithabit.me\/sv\/saavutettavuus\/"]}]},{"@type":"BreadcrumbList","@id":"https:\/\/bithabit.me\/sv\/saavutettavuus\/#breadcrumb","itemListElement":[{"@type":"ListItem","position":1,"name":"Startsida","item":"https:\/\/bithabit.me\/sv\/bithabit\/"},{"@type":"ListItem","position":2,"name":"Tillg\u00e4nglighet"}]},{"@type":"WebSite","@id":"https:\/\/bithabit.me\/#website","url":"https:\/\/bithabit.me\/","name":"BitHabit","description":"","publisher":{"@id":"https:\/\/bithabit.me\/#organization"},"potentialAction":[{"@type":"SearchAction","target":{"@type":"EntryPoint","urlTemplate":"https:\/\/bithabit.me\/?s={search_term_string}"},"query-input":{"@type":"PropertyValueSpecification","valueRequired":true,"valueName":"search_term_string"}}],"inLanguage":"sv-SE"},{"@type":"Organization","@id":"https:\/\/bithabit.me\/#organization","name":"BitHabit","url":"https:\/\/bithabit.me\/","logo":{"@type":"ImageObject","inLanguage":"sv-SE","@id":"https:\/\/bithabit.me\/#\/schema\/logo\/image\/","url":"https:\/\/bithabit.me\/wp-content\/uploads\/2024\/03\/bithabit-logo-vaaka-1.svg","contentUrl":"https:\/\/bithabit.me\/wp-content\/uploads\/2024\/03\/bithabit-logo-vaaka-1.svg","width":180,"height":38,"caption":"BitHabit"},"image":{"@id":"https:\/\/bithabit.me\/#\/schema\/logo\/image\/"}}]}},"_links":{"self":[{"href":"https:\/\/bithabit.me\/sv\/wp-json\/wp\/v2\/pages\/5059","targetHints":{"allow":["GET"]}}],"collection":[{"href":"https:\/\/bithabit.me\/sv\/wp-json\/wp\/v2\/pages"}],"about":[{"href":"https:\/\/bithabit.me\/sv\/wp-json\/wp\/v2\/types\/page"}],"author":[{"embeddable":true,"href":"https:\/\/bithabit.me\/sv\/wp-json\/wp\/v2\/users\/2"}],"replies":[{"embeddable":true,"href":"https:\/\/bithabit.me\/sv\/wp-json\/wp\/v2\/comments?post=5059"}],"version-history":[{"count":5,"href":"https:\/\/bithabit.me\/sv\/wp-json\/wp\/v2\/pages\/5059\/revisions"}],"predecessor-version":[{"id":5134,"href":"https:\/\/bithabit.me\/sv\/wp-json\/wp\/v2\/pages\/5059\/revisions\/5134"}],"wp:attachment":[{"href":"https:\/\/bithabit.me\/sv\/wp-json\/wp\/v2\/media?parent=5059"}],"curies":[{"name":"wp","href":"https:\/\/api.w.org\/{rel}","templated":true}]}}